{"id":141879,"date":"2024-05-01T16:57:42","date_gmt":"2024-05-01T15:57:42","guid":{"rendered":"https:\/\/pharmacima.com\/?post_type=product&#038;p=141879"},"modified":"2024-12-30T13:41:27","modified_gmt":"2024-12-30T12:41:27","slug":"stick-solaire-leger-et-frais-a-loignon-isntree","status":"publish","type":"product","link":"https:\/\/pharmacima.com\/ar\/product\/stick-solaire-leger-et-frais-a-loignon-isntree\/","title":{"rendered":"Stick solaire leger et frais a l&rsquo;oignon Isntree"},"content":{"rendered":"<h2><strong>\u0648\u0635\u0641 :<\/strong><\/h2>\n<p>Ce stick solaire chimique offre une protection UV SPF50+ PA++++ dans une formulation non grasse pour une application sans tracas.<\/p>\n<p>Il procure un soin apaisant et anti-imperfections avec de l&rsquo;extrait d&rsquo;oignon rouge muan, de la niacinamide et de l&rsquo;ac\u00e9tylglucosamine. D&rsquo;autres ingr\u00e9dients comme le zinc PCA contr\u00f4lent la production de s\u00e9bum pour minimiser l&rsquo;apparence des pores dilat\u00e9s.<\/p>\n<p><strong>\u0641\u0648\u0627\u0626\u062f:\u00a0<\/strong><\/p>\n<ul>\n<li>Un \u00e9cran solaire chimique de type stick avec SPF 50+, PA++++ pour prot\u00e9ger la peau des dommages caus\u00e9s par les UV.<\/li>\n<li>Infus\u00e9 d&rsquo;extrait d&rsquo;oignon rouge de Muan, riche en germanium et en min\u00e9raux, il soigne les imperfections tout en offrant des bienfaits nourrissants et apaisants.<\/li>\n<li>Formule de soin des pores qui contient du zinc PCA, des m\u00e9langes de ferments verts, de la niacinamide et de l&rsquo;ac\u00e9tylglucosamine qui agissent en synergie pour aider au contr\u00f4le du s\u00e9bum, apaiser la peau irrit\u00e9e, r\u00e9duire l&rsquo;apparence des pores dilat\u00e9s et am\u00e9liorer la texture g\u00e9n\u00e9rale de la peau.<\/li>\n<li>Une texture l\u00e9g\u00e8re en stick solide qui glisse sur la peau en douceur et en douceur et laisse un fini doux et velout\u00e9 non gras, adapt\u00e9e aux peaux grasses, mixtes et sensibles.<\/li>\n<\/ul>\n<h2><strong>\u0627\u0633\u062a\u062e\u062f\u0627\u0645 \u0627\u0644\u0645\u0634\u0648\u0631\u0629:\u00a0<\/strong><\/h2>\n<p>Faites glisser doucement le produit sur le visage ou le cou pour l&rsquo;appliquer et r\u00e9appliquez toutes les 2-3 heures.<\/p>\n<h2><strong>\u0627\u0644\u062a\u0631\u0643\u064a\u0628\u0629 :<\/strong><\/h2>\n<p>Caprylyl m\u00e9thicone, polym\u00e8re crois\u00e9 de m\u00e9thacrylate de m\u00e9thyle, palmitate d&rsquo;isopropyle, adipate de dibutyle, cire synth\u00e9tique, coco-caprylate\/caprate, salicylate de butyloctyle, silice, polym\u00e8re crois\u00e9 de vinyle dim\u00e9thicone\/m\u00e9thicone silsesquioxane, benzoate de di\u00e9thylamino hydroxybenzoyl hexyle, bis-\u00e9thylhexyloxyph\u00e9nol m\u00e9thoxyph\u00e9nyl triazine, \u00e9thylhexyl triazone, cire microcristalline , Polysilicone-15, Palmitate d&rsquo;\u00e9thylhexyle, Dim\u00e9thicone de vinyle, Huile de graines de Camellia Japonica, Extrait de bulbe d&rsquo;Allium Cepa (oignon), Extrait de Houttuynia Cordata, Extrait de feuille de Cryptomeria Japonica, Extrait de feuille de Nelumbo Nucifera, Ferment de Saccharomyces, Diisost\u00e9arate de polyglyc\u00e9ryl-4\/Polyhydroxyst\u00e9arate\/S\u00e9bacate, Polym\u00e9thacrylate de m\u00e9thyle, bisabolol, eau, isodod\u00e9cane, octyldod\u00e9canol, ad\u00e9nosine, isost\u00e9arate de polyglyc\u00e9ryl-4, tri\u00e9thoxycaprylylsilane, triisost\u00e9arate d&rsquo;isopropyltitane, hydroxyde d&rsquo;aluminium, 1,2-hexanediol, phytost\u00e9rols, ac\u00e9tylglucosamine, allanto\u00efne, niacinamide, butyl\u00e8ne glycol, zinc PCA, outremer ( CI 77007), dioxyde de titane (CI 77891<\/p>","protected":false},"excerpt":{"rendered":"<h3><strong>Contenance : 22g<\/strong><\/h3>","protected":false},"featured_media":141880,"comment_status":"open","ping_status":"closed","template":"","meta":{"_acf_changed":false},"product_brand":[],"product_cat":[102,711,1383,137],"product_tag":[],"class_list":{"0":"post-141879","1":"product","2":"type-product","3":"status-publish","4":"has-post-thumbnail","6":"product_cat-soin-et-bien-etre","7":"product_cat-cou","8":"product_cat-gros","9":"product_cat-visage","11":"first","12":"outofstock","13":"sale","14":"taxable","15":"shipping-taxable","16":"purchasable","17":"product-type-simple"},"acf":[],"_links":{"self":[{"href":"https:\/\/pharmacima.com\/ar\/wp-json\/wp\/v2\/product\/141879","targetHints":{"allow":["GET"]}}],"collection":[{"href":"https:\/\/pharmacima.com\/ar\/wp-json\/wp\/v2\/product"}],"about":[{"href":"https:\/\/pharmacima.com\/ar\/wp-json\/wp\/v2\/types\/product"}],"replies":[{"embeddable":true,"href":"https:\/\/pharmacima.com\/ar\/wp-json\/wp\/v2\/comments?post=141879"}],"wp:featuredmedia":[{"embeddable":true,"href":"https:\/\/pharmacima.com\/ar\/wp-json\/wp\/v2\/media\/141880"}],"wp:attachment":[{"href":"https:\/\/pharmacima.com\/ar\/wp-json\/wp\/v2\/media?parent=141879"}],"wp:term":[{"taxonomy":"product_brand","embeddable":true,"href":"https:\/\/pharmacima.com\/ar\/wp-json\/wp\/v2\/product_brand?post=141879"},{"taxonomy":"product_cat","embeddable":true,"href":"https:\/\/pharmacima.com\/ar\/wp-json\/wp\/v2\/product_cat?post=141879"},{"taxonomy":"product_tag","embeddable":true,"href":"https:\/\/pharmacima.com\/ar\/wp-json\/wp\/v2\/product_tag?post=141879"}],"curies":[{"name":"wp","href":"https:\/\/api.w.org\/{rel}","templated":true}]}}