{"id":142192,"date":"2024-05-08T17:30:23","date_gmt":"2024-05-08T16:30:23","guid":{"rendered":"https:\/\/pharmacima.com\/?post_type=product&#038;p=142192"},"modified":"2024-11-05T14:47:22","modified_gmt":"2024-11-05T13:47:22","slug":"galactomyces-95-tone-balancing-essence-100ml-cosrx","status":"publish","type":"product","link":"https:\/\/pharmacima.com\/ar\/product\/galactomyces-95-tone-balancing-essence-100ml-cosrx\/","title":{"rendered":"Galactomyces 95 Tone Balancing Essence 100ml Cosrx"},"content":{"rendered":"<h2><strong>\u0648\u0635\u0641 :<\/strong><\/h2>\n<h4><strong>Rehausseur multi-action pour les peaux ternes et rugueuses !<\/strong><\/h4>\n<p>Formul\u00e9e avec 95 % de filtrat de ferment Galactomyces, cette essence aide \u00e0 nourrir et \u00e0 hydrater la peau et, au fil du temps, \u00e0 la rendre plus radieuse et plus claire.<\/p>\n<p><strong>Taille\u00a0:\u00a0<\/strong>\u00a03,38 fl.oz \/ 100\u00a0mL<\/p>\n<p><strong>POURQUOI C&rsquo;EST SP\u00c9CIAL\u00a0:<\/strong><\/p>\n<ul>\n<li><strong>Propri\u00e9t\u00e9s \u00e9claircissantes et hydratantes\u00a0:<br \/>\n<\/strong>Le filtrat de ferment de Galactomyces est l&rsquo;ingr\u00e9dient cl\u00e9 qui aide \u00e0 \u00e9claircir la peau fatigu\u00e9e et terne tout en apportant hydratation et antioxydants \u00e0 la peau.<\/li>\n<li><strong>Ajoute une hydratation suppl\u00e9mentaire \u00e0 votre peau :<\/strong><br \/>\nL&rsquo;acide hyaluronique et le panth\u00e9nol maintiennent \u00e9galement la peau hydrat\u00e9e et lisse en retenant l&rsquo;humidit\u00e9 \u00e0 l&rsquo;int\u00e9rieur de la peau.<\/li>\n<li><strong>Le s\u00e9rum l\u00e9ger :<br \/>\n<\/strong>La texture p\u00e9n\u00e8tre rapidement dans la peau, laissant la peau lisse et souple sans sensation grasse.<\/li>\n<\/ul>\n<h2><strong>\u0627\u0633\u062a\u062e\u062f\u0627\u0645 \u0627\u0644\u0645\u0634\u0648\u0631\u0629:<\/strong><\/h2>\n<ol>\n<li>Apr\u00e8s avoir nettoy\u00e9 et tonifi\u00e9, appliquez une petite quantit\u00e9 sur l\u2019ensemble de votre visage.<\/li>\n<li>Tapotez doucement du bout des doigts pour faciliter l\u2019absorption, puis appliquez vos cr\u00e8mes hydratantes.<\/li>\n<\/ol>\n<h2><strong>\u0627\u0644\u062a\u0631\u0643\u064a\u0628\u0629 :<\/strong><\/h2>\n<p>Filtrat de ferment Galactomyces, niacinamide, panth\u00e9nol, glyc\u00e9rine, 1,2-hexanediol, butyl\u00e8ne glycol, b\u00e9ta\u00efne, hyaluronate de sodium, allanto\u00efne, gomme de xanthane, \u00e9thylhexanediol, ad\u00e9nosine.<\/p>","protected":false},"excerpt":{"rendered":"<h3><strong>\u0627\u0644\u0633\u0639\u0629: 100 \u0645\u0644<\/strong><\/h3>","protected":false},"featured_media":142219,"comment_status":"open","ping_status":"closed","template":"","meta":{"_acf_changed":false},"product_brand":[],"product_cat":[102,137],"product_tag":[1395],"class_list":{"0":"post-142192","1":"product","2":"type-product","3":"status-publish","4":"has-post-thumbnail","6":"product_cat-soin-et-bien-etre","7":"product_cat-visage","8":"product_tag-cosrx","10":"first","11":"outofstock","12":"sale","13":"taxable","14":"shipping-taxable","15":"purchasable","16":"product-type-simple"},"acf":[],"_links":{"self":[{"href":"https:\/\/pharmacima.com\/ar\/wp-json\/wp\/v2\/product\/142192","targetHints":{"allow":["GET"]}}],"collection":[{"href":"https:\/\/pharmacima.com\/ar\/wp-json\/wp\/v2\/product"}],"about":[{"href":"https:\/\/pharmacima.com\/ar\/wp-json\/wp\/v2\/types\/product"}],"replies":[{"embeddable":true,"href":"https:\/\/pharmacima.com\/ar\/wp-json\/wp\/v2\/comments?post=142192"}],"wp:featuredmedia":[{"embeddable":true,"href":"https:\/\/pharmacima.com\/ar\/wp-json\/wp\/v2\/media\/142219"}],"wp:attachment":[{"href":"https:\/\/pharmacima.com\/ar\/wp-json\/wp\/v2\/media?parent=142192"}],"wp:term":[{"taxonomy":"product_brand","embeddable":true,"href":"https:\/\/pharmacima.com\/ar\/wp-json\/wp\/v2\/product_brand?post=142192"},{"taxonomy":"product_cat","embeddable":true,"href":"https:\/\/pharmacima.com\/ar\/wp-json\/wp\/v2\/product_cat?post=142192"},{"taxonomy":"product_tag","embeddable":true,"href":"https:\/\/pharmacima.com\/ar\/wp-json\/wp\/v2\/product_tag?post=142192"}],"curies":[{"name":"wp","href":"https:\/\/api.w.org\/{rel}","templated":true}]}}