{"id":142240,"date":"2024-05-09T18:08:23","date_gmt":"2024-05-09T17:08:23","guid":{"rendered":"https:\/\/pharmacima.com\/?post_type=product&#038;p=142240"},"modified":"2024-11-09T11:15:16","modified_gmt":"2024-11-09T10:15:16","slug":"rouge-a-levres-matte-346-retro-red-loreal","status":"publish","type":"product","link":"https:\/\/pharmacima.com\/ar\/product\/rouge-a-levres-matte-346-retro-red-loreal\/","title":{"rendered":"Rouge \u00e0 L\u00e8vres matte 346 Retro Red L\u2019oreal"},"content":{"rendered":"<h2><strong>DESCRIPTION :<\/strong><\/h2>\n<p>Vous souhaitez un rouge \u00e0 l\u00e8vres aux camaieux de rouges mats et vifs? Testez les Color Riche Mat et leur texture cr\u00e9meuse pour une couleur mat obs\u00e9dante et un effet l\u00e8vres velours !<\/p>\n<p>Confort extr\u00eame et hydratation : Color Riche, une formule voluptueuse qui gorge vos l\u00e8vres d\u2019hydratation et les pr\u00e9serve du dess\u00e8chement pour une couleur radiante qui dure longtemps.<\/p>\n<p>Confort extr\u00eame et hydratation pour une bouche sublim\u00e9e et somptueuse !<\/p>\n<h2><strong>CONSEIL D\u2019UTILISATION :\u00a0<\/strong><\/h2>\n<p>Appliquer le rouge a levres directement sur toute la surface de vos l\u00e8vres pour les hydrater tout en les couvrant d\u2019une une couleur irr\u00e9sistible.<\/p>\n<h2><strong>COMPOSITION :\u00a0<\/strong><\/h2>\n<div class=\"a-expander-content a-expander-partial-collapse-content a-expander-content-expanded\" aria-expanded=\"true\">\n<div id=\"productDescription\" class=\"a-section a-spacing-small\">\n<p>DIMETHICONE, BIS-DIGLYCERYL POLYACYLADIPATE-2, HYDROGENATED POLYISOBUTENE, PHENYL TRIMETHICONE, TRIDECYL TRIMELLITATE, OZOKERITE, HYDROGENATED JOJOBA OIL, DIMETHICONE CROSSPOLYMER, ISOSTEARYL ISOSTEARATE, KAOLIN, ISOHEXADECANE, VINYL DIMETHICONE\/METHICONE SILSESQUIOXANE CROSSPOLYMER, NYLON-12, ALUMINA, POLYETHYLENE, SILICA, CALCIUM SODIUM BOROSILICATE, SYNTHETIC FLUORPHLOGOPITE, CALCIUM ALUMINUM BOROSILICATE, GERANIOL, ALUMINUM HYDROXIDE, BHT, MAGNESIUM SILICATE, BENZYL ALCOHOL, TOCOPHERYL ACETATE, CAMELLIA OLEIFERA SEED OIL, ROSA CANINA FRUIT OIL, HEXYL CINNAMAL, HYDROXYCITRONELLAL, TIN OXIDE, METHYL-2-OCTYNOATE, TOCOPHEROL, PROPYLENE GLYCOL, PROPYL GALLATE, CITRIC ACID, PARFUM \/ FRAGRANCE, [+\/- MAY CONTAIN: CI 77891\/ TITANIUM DIOXIDE, CI 77491, CI 77492, CI 77499 \/ IRON OXIDES, MICA, CI 45380 \/ RED 22 LAKE, CI 15850 \/ RED 7, CI 45410 \/ RED 28 LAKE, CI 15985 \/ YELLOW 6 LAKE, CI 19140 \/YELLOW 5 LAKE, CI 42090 \/ BLUE 1 LAKE, CI 75470 \/ CARMINE]. (F.I.L B189857\/1).<\/p>\n<\/div>\n<\/div>\n","protected":false},"excerpt":{"rendered":"<p>DESCRIPTION : Vous souhaitez un rouge \u00e0 l\u00e8vres aux camaieux de rouges mats et vifs? Testez les Color Riche Mat et leur texture cr\u00e9meuse pour une couleur mat obs\u00e9dante et un effet l\u00e8vres velours ! Confort extr\u00eame et hydratation : Color Riche, une formule voluptueuse qui gorge vos l\u00e8vres d\u2019hydratation et les pr\u00e9serve du dess\u00e8chement [&hellip;]<\/p>\n","protected":false},"featured_media":142242,"comment_status":"open","ping_status":"closed","template":"","meta":{"_acf_changed":false},"product_brand":[],"product_cat":[296,1233],"product_tag":[],"class_list":{"0":"post-142240","1":"product","2":"type-product","3":"status-publish","4":"has-post-thumbnail","6":"product_cat-maquillage","7":"product_cat-levres_maquillage","9":"first","10":"outofstock","11":"sale","12":"taxable","13":"shipping-taxable","14":"purchasable","15":"product-type-simple"},"acf":[],"_links":{"self":[{"href":"https:\/\/pharmacima.com\/ar\/wp-json\/wp\/v2\/product\/142240","targetHints":{"allow":["GET"]}}],"collection":[{"href":"https:\/\/pharmacima.com\/ar\/wp-json\/wp\/v2\/product"}],"about":[{"href":"https:\/\/pharmacima.com\/ar\/wp-json\/wp\/v2\/types\/product"}],"replies":[{"embeddable":true,"href":"https:\/\/pharmacima.com\/ar\/wp-json\/wp\/v2\/comments?post=142240"}],"wp:featuredmedia":[{"embeddable":true,"href":"https:\/\/pharmacima.com\/ar\/wp-json\/wp\/v2\/media\/142242"}],"wp:attachment":[{"href":"https:\/\/pharmacima.com\/ar\/wp-json\/wp\/v2\/media?parent=142240"}],"wp:term":[{"taxonomy":"product_brand","embeddable":true,"href":"https:\/\/pharmacima.com\/ar\/wp-json\/wp\/v2\/product_brand?post=142240"},{"taxonomy":"product_cat","embeddable":true,"href":"https:\/\/pharmacima.com\/ar\/wp-json\/wp\/v2\/product_cat?post=142240"},{"taxonomy":"product_tag","embeddable":true,"href":"https:\/\/pharmacima.com\/ar\/wp-json\/wp\/v2\/product_tag?post=142240"}],"curies":[{"name":"wp","href":"https:\/\/api.w.org\/{rel}","templated":true}]}}