{"id":142336,"date":"2024-05-12T14:50:39","date_gmt":"2024-05-12T13:50:39","guid":{"rendered":"https:\/\/pharmacima.com\/?post_type=product&#038;p=142336"},"modified":"2024-09-03T13:17:04","modified_gmt":"2024-09-03T12:17:04","slug":"acne-clear-foam-aha-bha-pha-30-days-miracle-100ml-some-by-mi","status":"publish","type":"product","link":"https:\/\/pharmacima.com\/ar\/product\/acne-clear-foam-aha-bha-pha-30-days-miracle-100ml-some-by-mi\/","title":{"rendered":"Acne Clear Foam Aha Bha Pha 30 Days Miracle 100ml Some by mi"},"content":{"rendered":"<h2><strong>\u0648\u0635\u0641 :\u00a0<\/strong><\/h2>\n<p><span>Some By Mi AHA BHA PHA 30 Days Miracle Acne Clear Foam est une mousse hypoallerg\u00e9nique et l\u00e9g\u00e8rement acide \u00e0 base de centella qui apaise les peaux \u00e0 probl\u00e8mes et impures \u00e0 tendance acn\u00e9ique tout en apportant hydratation et nutrition.<\/span><\/p>\n<p><span>Infus\u00e9 avec 80 % d&rsquo;extrait de Centella Asiatica, trois acides diff\u00e9rents et des extraits d&rsquo;arbre \u00e0 th\u00e9 qui, en synergie, agissent pour exfolier, purifier, apaiser et renouveler la peau.<\/span><\/p>\n<p><span>Sa texture se transforme en une mousse qui non seulement \u00e9limine les impuret\u00e9s et le s\u00e9bum, mais purifie \u00e9galement la peau en la laissant fra\u00eeche.<\/span><br \/>\n<span>Sans parab\u00e8nes, sulfates, alcool, huiles min\u00e9rales, silicones, parfums et colorants artificiels.<\/span><\/p>\n<p><span>Ce produit aide la peau \u00e0 retrouver sa force.<\/span><\/p>\n<h2><strong>\u0627\u0633\u062a\u062e\u062f\u0627\u0645 \u0627\u0644\u0645\u0634\u0648\u0631\u0629:<\/strong><\/h2>\n<p><span>Appliquer une quantit\u00e9 ad\u00e9quate avec les mains propres sur le visage et le cou mouill\u00e9s.<\/span><br \/>\n<span>Masse doucement la peau.<\/span><br \/>\n<span>Rincer \u00e0 l&rsquo;eau ti\u00e8de et s\u00e9cher avec une serviette douce et propre.<\/span><\/p>\n<h2><strong>\u0627\u0644\u062a\u0631\u0643\u064a\u0628\u0629<\/strong> :<\/h2>\n<p>eau, glyc\u00e9rine, extrait de Centella Asiatica, acide palmitique, acide st\u00e9arique, acide laurique, acide myristique, hydroxyde de potassium, lauryl b\u00e9ta\u00efne, butyl\u00e8ne glycol, st\u00e9arate PEG-100, st\u00e9arate de glyc\u00e9ryle, cire d&rsquo;abeille, eau de feuille de Melaleuca Alternifolia (arbre \u00e0 th\u00e9), Taurate de m\u00e9thyl cocoyl de sodium, glycinate de cocoyl de potassium, acide salicylique, dipropyl\u00e8ne glycol, chlorure de sodium, hydroxyac\u00e9toph\u00e9none, huile de Mentha Piperita (menthe poivr\u00e9e), caprylyl glycol, 1,2-hexanediol, EDTA disodique, hydroxy\u00e9thylcellulose, calamine, gluconolactone, acide citrique, glycyrrhizate d&rsquo;ipotassium. , Extrait d&rsquo;Artemisia Vulgaris, mad\u00e9cassoside, asiaticoside, acide asiatique, acide mad\u00e9cassique<\/p>","protected":false},"excerpt":{"rendered":"<h2><strong>\u0627\u0644\u0633\u0639\u0629: 100 \u0645\u0644<\/strong><\/h2>","protected":false},"featured_media":142337,"comment_status":"open","ping_status":"closed","template":"","meta":{"_acf_changed":false},"product_brand":[],"product_cat":[102,711,137],"product_tag":[],"class_list":{"0":"post-142336","1":"product","2":"type-product","3":"status-publish","4":"has-post-thumbnail","6":"product_cat-soin-et-bien-etre","7":"product_cat-cou","8":"product_cat-visage","10":"first","11":"outofstock","12":"sale","13":"taxable","14":"shipping-taxable","15":"purchasable","16":"product-type-simple"},"acf":[],"_links":{"self":[{"href":"https:\/\/pharmacima.com\/ar\/wp-json\/wp\/v2\/product\/142336","targetHints":{"allow":["GET"]}}],"collection":[{"href":"https:\/\/pharmacima.com\/ar\/wp-json\/wp\/v2\/product"}],"about":[{"href":"https:\/\/pharmacima.com\/ar\/wp-json\/wp\/v2\/types\/product"}],"replies":[{"embeddable":true,"href":"https:\/\/pharmacima.com\/ar\/wp-json\/wp\/v2\/comments?post=142336"}],"wp:featuredmedia":[{"embeddable":true,"href":"https:\/\/pharmacima.com\/ar\/wp-json\/wp\/v2\/media\/142337"}],"wp:attachment":[{"href":"https:\/\/pharmacima.com\/ar\/wp-json\/wp\/v2\/media?parent=142336"}],"wp:term":[{"taxonomy":"product_brand","embeddable":true,"href":"https:\/\/pharmacima.com\/ar\/wp-json\/wp\/v2\/product_brand?post=142336"},{"taxonomy":"product_cat","embeddable":true,"href":"https:\/\/pharmacima.com\/ar\/wp-json\/wp\/v2\/product_cat?post=142336"},{"taxonomy":"product_tag","embeddable":true,"href":"https:\/\/pharmacima.com\/ar\/wp-json\/wp\/v2\/product_tag?post=142336"}],"curies":[{"name":"wp","href":"https:\/\/api.w.org\/{rel}","templated":true}]}}