{"id":142347,"date":"2024-05-12T17:55:01","date_gmt":"2024-05-12T16:55:01","guid":{"rendered":"https:\/\/pharmacima.com\/?post_type=product&#038;p=142347"},"modified":"2024-11-23T19:52:23","modified_gmt":"2024-11-23T18:52:23","slug":"kit-decouverte-hanbang-serum-10ml-beauty-of-joseon","status":"publish","type":"product","link":"https:\/\/pharmacima.com\/ar\/product\/kit-decouverte-hanbang-serum-10ml-beauty-of-joseon\/","title":{"rendered":"Kit d\u00e9couverte Hanbang s\u00e9rum 10ml Beauty of joseon"},"content":{"rendered":"<h2><strong>\u0648\u0635\u0641 :<\/strong><\/h2>\n<p>Le \u00ab kit d\u00e9couverte Hanbang \u00bb a \u00e9t\u00e9 cr\u00e9\u00e9 pour ceux qui souhaitent d\u00e9couvrir lequel des quatre s\u00e9rums BOJ convient le mieux \u00e0 leur peau.<\/p>\n<p>Il s&rsquo;agit d&rsquo;un mini coffret de 10 ml contenant 4 types de s\u00e9rums afin que vous puissiez choisir de les utiliser ou de les superposer en fonction de votre type de peau ou de vos probl\u00e8mes de peau. Vivez un merveilleux voyage pour trouver le produit qui vous convient avant de vous lancer dans une bouteille pleine grandeur !<\/p>\n<p><strong>Qu&rsquo;est-ce qu&rsquo;il y a \u00e0 l&rsquo;int\u00e9rieur?<\/strong><\/p>\n<p><strong>&lt;S\u00e9rum Calmant : Th\u00e9 Vert + Panth\u00e9nol&gt;<br \/>\n<\/strong>Solution : Eau de feuille de Th\u00e9 vert 76% + Panth\u00e9nol 2%<br \/>\nIngr\u00e9dients notables : Extrait de Centella Asiatica, Extrait d&rsquo;Artemisia Vulgaris, Hyaluronate de Sodium<br \/>\nTexture : Texture aqueuse et l\u00e9g\u00e8re<br \/>\nBienfaits : Apaisant, Calmant<\/p>\n<p><strong>&lt;S\u00e9rum Glow : Propolis + Niacinamide&gt;<\/strong><br \/>\nSolution : Extrait de Propolis 60% + Niacinamide 2%<br \/>\nIngr\u00e9dients notables : Salicylate de B\u00e9ta\u00efne (BHA), Huile de Tamanu, Extrait d&rsquo;Arbre \u00e0 Th\u00e9<br \/>\nTexture : Texture mielleuse<br \/>\nBienfaits : Anti-acn\u00e9, Anti-inflammation<\/p>\n<p><strong>&lt;S\u00e9rum Glow Deep : Riz + Alpha-Arbutine&gt;<\/strong><br \/>\nSolution : Eau de son de riz 68% + Alpha-Arbutine 2%<br \/>\nIngr\u00e9dients notables : Glyc\u00e9rine, Niacinamide, Extrait de graines de Soja, Extrait d&rsquo;Orge, Extrait de Riz, Extrait de S\u00e9same<br \/>\nTexture : Texture aqueuse et l\u00e9g\u00e8re<br \/>\nBienfaits : Anti-pigmentation, \u00c9claircissant<\/p>\n<p><strong>&lt; S\u00e9rum Revive : Ginseng + Mucine d&rsquo;Escargot&gt;<\/strong><br \/>\nSolution : Eau de Racine de Ginseng 63% + Mucine d&rsquo;Escargot 3%<br \/>\nIngr\u00e9dients notables : Extrait de Racine de Ginseng, Ad\u00e9nosine, Extrait de Matsutake<br \/>\nTexture : Texture l\u00e9g\u00e8re semblable \u00e0 la mucine<br \/>\nBienfaits : Anti-rides, Anti-pigmentation<\/p>\n<h2><strong>\u0627\u0633\u062a\u062e\u062f\u0627\u0645 \u0627\u0644\u0645\u0634\u0648\u0631\u0629:<\/strong><\/h2>\n<div class=\"product__block tabs-wrapper block-padding\">\n<div class=\"product-tabs\" data-tabs-holder=\"\">\n<div class=\"tab-content tab-content-1 rte current\">\n<p><span class=\"metafield-multi_line_text_field\">\u0636\u0639\u064a 2 \u0625\u0644\u0649 3 \u0642\u0637\u0631\u0627\u062a \u0645\u0646 \u0627\u0644\u0645\u0635\u0644 \u0639\u0644\u0649 \u0627\u0644\u0628\u0634\u0631\u0629 \u0648\u0627\u062a\u0631\u0643\u064a\u0647\u0627 \u0628\u0644\u0637\u0641 \u0644\u0644\u0645\u0633\u0627\u0639\u062f\u0629 \u0639\u0644\u0649 \u0627\u0644\u0627\u0645\u062a\u0635\u0627\u0635.<\/span><\/p>\n<\/div>\n<\/div>\n<\/div>","protected":false},"excerpt":{"rendered":"<div class=\"product__block product__text block-padding\">\n<div class=\"product__subheading\">\n<h3><strong>10 ml * 4 unit\u00e9s (0,33 oz)<\/strong><\/h3>\n<\/div>\n<\/div>\n<div id=\"shopify-block-okendo_star_rating_8xXxfy\" class=\"shopify-block shopify-app-block\">\n<div data-oke-star-rating=\"\" data-oke-reviews-product-id=\"shopify-7765395996837\" data-oke-rendered=\"\">\n<div class=\"okeReviews oke-sr\" data-oke-reviews-version=\"0.68.34\" data-oke-container=\"\">\n<div class=\"oke-is-clickable\" tabindex=\"0\" role=\"button\">\n<div class=\"oke-sr-stars\">\n<div class=\"oke-stars\">\n<div class=\"oke-stars-background\"><\/div>\n<div class=\"oke-stars-foreground\"><\/div>\n<\/div>\n<\/div>\n<\/div>\n<\/div>\n<\/div>\n<\/div>","protected":false},"featured_media":142348,"comment_status":"open","ping_status":"closed","template":"","meta":{"_acf_changed":false},"product_brand":[],"product_cat":[102,137],"product_tag":[],"class_list":{"0":"post-142347","1":"product","2":"type-product","3":"status-publish","4":"has-post-thumbnail","6":"product_cat-soin-et-bien-etre","7":"product_cat-visage","9":"first","10":"outofstock","11":"sale","12":"taxable","13":"shipping-taxable","14":"purchasable","15":"product-type-simple"},"acf":[],"_links":{"self":[{"href":"https:\/\/pharmacima.com\/ar\/wp-json\/wp\/v2\/product\/142347","targetHints":{"allow":["GET"]}}],"collection":[{"href":"https:\/\/pharmacima.com\/ar\/wp-json\/wp\/v2\/product"}],"about":[{"href":"https:\/\/pharmacima.com\/ar\/wp-json\/wp\/v2\/types\/product"}],"replies":[{"embeddable":true,"href":"https:\/\/pharmacima.com\/ar\/wp-json\/wp\/v2\/comments?post=142347"}],"wp:featuredmedia":[{"embeddable":true,"href":"https:\/\/pharmacima.com\/ar\/wp-json\/wp\/v2\/media\/142348"}],"wp:attachment":[{"href":"https:\/\/pharmacima.com\/ar\/wp-json\/wp\/v2\/media?parent=142347"}],"wp:term":[{"taxonomy":"product_brand","embeddable":true,"href":"https:\/\/pharmacima.com\/ar\/wp-json\/wp\/v2\/product_brand?post=142347"},{"taxonomy":"product_cat","embeddable":true,"href":"https:\/\/pharmacima.com\/ar\/wp-json\/wp\/v2\/product_cat?post=142347"},{"taxonomy":"product_tag","embeddable":true,"href":"https:\/\/pharmacima.com\/ar\/wp-json\/wp\/v2\/product_tag?post=142347"}],"curies":[{"name":"wp","href":"https:\/\/api.w.org\/{rel}","templated":true}]}}