{"id":142398,"date":"2024-05-14T16:47:28","date_gmt":"2024-05-14T15:47:28","guid":{"rendered":"https:\/\/pharmacima.com\/?post_type=product&#038;p=142398"},"modified":"2025-06-05T12:46:55","modified_gmt":"2025-06-05T11:46:55","slug":"crayon-contour-des-levres-09-bright-ruby-nocibe","status":"publish","type":"product","link":"https:\/\/pharmacima.com\/ar\/product\/crayon-contour-des-levres-09-bright-ruby-nocibe\/","title":{"rendered":"Crayon Contour des Levres 09 Bright Ruby Nocibe"},"content":{"rendered":"<h2><strong>\u0648\u0635\u0641 :\u00a0<\/strong><\/h2>\n<p><strong>09 &#8211; Bright Ruby<\/strong><\/p>\n<p>\u0642\u0644\u0645 \u062a\u062d\u062f\u064a\u062f \u0627\u0644\u0634\u0641\u0627\u0647 \u0636\u0631\u0648\u0631\u064a \u0641\u064a \u0645\u062c\u0645\u0648\u0639\u0629 Nocib\u00e9! \u064a\u0645\u0643\u0646\u0643 \u0627\u0633\u062a\u062e\u062f\u0627\u0645\u0647 \u0628\u0645\u0641\u0631\u062f\u0647 \u0644\u062a\u062d\u062f\u064a\u062f \u0634\u0641\u062a\u064a\u0643 \u0623\u0648 \u0643\u0642\u0627\u0639\u062f\u0629 \u0644\u062a\u0644\u0648\u064a\u0646 \u0633\u0637\u062d \u0634\u0641\u062a\u064a\u0643 \u0628\u0627\u0644\u0643\u0627\u0645\u0644. \u0645\u0646 \u0623\u062c\u0644 \u0641\u0645 \u0644\u0627 \u062a\u0634\u0648\u0628\u0647 \u0634\u0627\u0626\u0628\u0629!<\/p>\n<p>\u062a\u0648\u0641\u0631 \u062a\u0631\u0643\u064a\u0628\u0629 \u0645\u062d\u062f\u062f \u0627\u0644\u0634\u0641\u0627\u0647 \u0644\u0648\u0646\u064b\u0627 \u0643\u062b\u064a\u0641\u064b\u0627 \u0648\u0627\u0646\u0632\u0644\u0627\u0642\u064b\u0627. \u064a\u062a\u064a\u062d \u0634\u0643\u0644\u0647 \u0648\u0637\u0631\u0641\u0647 \u0627\u0644\u0645\u0631\u064a\u062d\u0627\u0646 \u062a\u0637\u0628\u064a\u0642\u064b\u0627 \u0633\u0647\u0644\u0627\u064b \u0648\u062f\u0642\u064a\u0642\u064b\u0627 \u0644\u0644\u063a\u0627\u064a\u0629.<br \/>\n\u064a\u062a\u064a\u062d \u0644\u0643 \u0627\u0644\u0645\u0644\u0645\u0633 \u0627\u0644\u0630\u0627\u0626\u0628 \u0648\u0627\u0644\u0645\u0631\u064a\u062d \u0644\u0642\u0644\u0645 \u062a\u062d\u062f\u064a\u062f \u0627\u0644\u0634\u0641\u0627\u0647 \u0647\u0630\u0627 \u062a\u062d\u062f\u064a\u062f \u0645\u062d\u064a\u0637 \u0627\u0644\u0634\u0641\u0627\u0647 \u0628\u0634\u0643\u0644 \u0645\u062b\u0627\u0644\u064a \u0645\u0639 \u062a\u0639\u0632\u064a\u0632 \u0645\u0646\u062d\u0646\u0649\u0647\u0627 \u0627\u0644\u0637\u0628\u064a\u0639\u064a \u0623\u0648 \u062a\u0644\u0648\u064a\u0646\u0647\u0627 \u0644\u0644\u062d\u0635\u0648\u0644 \u0639\u0644\u0649 \u062a\u0623\u062b\u064a\u0631 \u063a\u064a\u0631 \u0644\u0627\u0645\u0639 \u0645\u0643\u062b\u0641.<br \/>\nExiste en 10 teintes qui s&rsquo;accorderont parfaitement avec les diff\u00e9rentes nuances de vos rouges \u00e0 l\u00e8vres pr\u00e9f\u00e9r\u00e9s.<\/p>\n<div class=\"prdct__details-benefits\">\n<h3 class=\"prdct__details-title\"><strong>\u0641\u0627\u0626\u062f\u0629 \u0627\u0644\u0645\u0646\u062a\u062c<\/strong><\/h3>\n<p>- \u062a\u0634\u0637\u064a\u0628 \u0645\u0637\u0641\u064a<br \/>\n- \u0637\u0648\u064a\u0644\u0629 \u0627\u0644\u0623\u0645\u062f<br \/>\n- \u0644\u0648\u0646 \u0645\u0635\u0637\u0628\u063a \u0644\u0644\u063a\u0627\u064a\u0629<br \/>\n\u2013 2 \u0641\u064a 1: \u064a\u0633\u062a\u062e\u062f\u0645 \u0639\u0644\u0649 \u0627\u0644\u0634\u0641\u0627\u0647 \u0628\u0623\u0643\u0645\u0644\u0647\u0627 \u0644\u062a\u062b\u0628\u064a\u062a \u0623\u062d\u0645\u0631 \u0627\u0644\u0634\u0641\u0627\u0647 \u0623\u0648 \u0644\u062a\u062d\u062f\u064a\u062f \u0645\u062d\u064a\u0637 \u0627\u0644\u0634\u0641\u0627\u0647 \u0628\u062f\u0642\u0629<\/p>\n<h2><strong>\u0627\u0633\u062a\u062e\u062f\u0627\u0645 \u0627\u0644\u0645\u0634\u0648\u0631\u0629:<\/strong><\/h2>\n<div class=\"prdct__content go-back\">\n<div id=\"prdct-details\" class=\"prdct__details\">\n<div class=\"prdct__details-wrap\">\n<div id=\"conseils\" class=\"prdct__details-content\">\n<p>\u0646\u0646\u0635\u062d\u0643 \u0628\u062a\u062d\u0636\u064a\u0631 \u0634\u0641\u062a\u064a\u0643 \u0628\u0627\u0633\u062a\u062e\u062f\u0627\u0645 \u0645\u0642\u0634\u0631 \u0627\u0644\u0634\u0641\u0627\u0647 Nocib\u00e9. \u062b\u0645 \u0636\u0639\u064a \u0645\u062d\u062f\u062f \u0627\u0644\u0634\u0641\u0627\u0647 \u0644\u062a\u062d\u062f\u064a\u062f \u0645\u062d\u064a\u0637 \u0634\u0641\u062a\u064a\u0643 \u0628\u062f\u0642\u0629. \u064a\u0645\u0643\u0646\u0643 \u0623\u064a\u0636\u064b\u0627 \u0627\u0633\u062a\u062e\u062f\u0627\u0645\u0647 \u0639\u0644\u0649 \u0634\u0641\u062a\u064a\u0643 \u0628\u0627\u0644\u0643\u0627\u0645\u0644 \u0644\u062a\u062b\u0628\u064a\u062a \u0623\u062d\u0645\u0631 \u0627\u0644\u0634\u0641\u0627\u0647.<\/p>\n<\/div>\n<\/div>\n<\/div>\n<\/div>\n<\/div>","protected":false},"excerpt":{"rendered":"<h3><strong>09 &#8211; Bright Ruby<\/strong><\/h3>","protected":false},"featured_media":142399,"comment_status":"open","ping_status":"closed","template":"","meta":{"_acf_changed":false},"product_brand":[],"product_cat":[296,1233],"product_tag":[],"class_list":{"0":"post-142398","1":"product","2":"type-product","3":"status-publish","4":"has-post-thumbnail","6":"product_cat-maquillage","7":"product_cat-levres_maquillage","9":"first","10":"outofstock","11":"sale","12":"taxable","13":"shipping-taxable","14":"purchasable","15":"product-type-simple"},"acf":[],"_links":{"self":[{"href":"https:\/\/pharmacima.com\/ar\/wp-json\/wp\/v2\/product\/142398","targetHints":{"allow":["GET"]}}],"collection":[{"href":"https:\/\/pharmacima.com\/ar\/wp-json\/wp\/v2\/product"}],"about":[{"href":"https:\/\/pharmacima.com\/ar\/wp-json\/wp\/v2\/types\/product"}],"replies":[{"embeddable":true,"href":"https:\/\/pharmacima.com\/ar\/wp-json\/wp\/v2\/comments?post=142398"}],"wp:featuredmedia":[{"embeddable":true,"href":"https:\/\/pharmacima.com\/ar\/wp-json\/wp\/v2\/media\/142399"}],"wp:attachment":[{"href":"https:\/\/pharmacima.com\/ar\/wp-json\/wp\/v2\/media?parent=142398"}],"wp:term":[{"taxonomy":"product_brand","embeddable":true,"href":"https:\/\/pharmacima.com\/ar\/wp-json\/wp\/v2\/product_brand?post=142398"},{"taxonomy":"product_cat","embeddable":true,"href":"https:\/\/pharmacima.com\/ar\/wp-json\/wp\/v2\/product_cat?post=142398"},{"taxonomy":"product_tag","embeddable":true,"href":"https:\/\/pharmacima.com\/ar\/wp-json\/wp\/v2\/product_tag?post=142398"}],"curies":[{"name":"wp","href":"https:\/\/api.w.org\/{rel}","templated":true}]}}