{"id":142413,"date":"2024-05-14T17:47:07","date_gmt":"2024-05-14T16:47:07","guid":{"rendered":"https:\/\/pharmacima.com\/?post_type=product&#038;p=142413"},"modified":"2024-11-10T12:49:18","modified_gmt":"2024-11-10T11:49:18","slug":"vernis-power-pro-026-kiko","status":"publish","type":"product","link":"https:\/\/pharmacima.com\/ar\/product\/vernis-power-pro-026-kiko\/","title":{"rendered":"Vernis Power Pro 026 Kiko"},"content":{"rendered":"<h2><strong>\u0648\u0635\u0641 :<\/strong><\/h2>\n<p>Une texture id\u00e9ale pour une application parfaitement contr\u00f4l\u00e9e et un fini professionnel jusqu\u2019\u00e0 7 jours*. Chaque nuance a \u00e9t\u00e9 m\u00e9ticuleusement \u00e9tudi\u00e9e pour garantir une couvrance optimale et une pigmentation intense.<\/p>\n<p>Un nouveau design moderne pour l&#8217;emballage en verre transparent et son bouchon noir. Une palette de 30\u00a0teintes \u00e0 assortir \u00e0 toutes vos tenues\u00a0!<\/p>\n<p>\u062a\u0648\u0641\u0631 \u0623\u062f\u0627\u0629 \u062a\u0648\u0632\u064a\u0639 \u0627\u0644\u0645\u0643\u064a\u0627\u062c \u0627\u0644\u0645\u0631\u064a\u062d\u0629 \u0642\u0628\u0636\u0629 \u062c\u064a\u062f\u0629\u060c \u0643\u0645\u0627 \u0623\u0646 \u0639\u0635\u0627\u0647\u0627 \u0627\u0644\u0645\u0636\u0644\u0639\u0629 \u062a\u0637\u0644\u0642 \u0627\u0644\u0643\u0645\u064a\u0629 \u0627\u0644\u0645\u0646\u0627\u0633\u0628\u0629 \u0645\u0646 \u0627\u0644\u0645\u0646\u062a\u062c \u0644\u0644\u062d\u0635\u0648\u0644 \u0639\u0644\u0649 \u0646\u062a\u0627\u0626\u062c \u062f\u0642\u064a\u0642\u0629 \u0648\u0627\u062d\u062a\u0631\u0627\u0641\u064a\u0629. \u062a\u062a\u0628\u0639 \u0641\u0631\u0634\u0627\u062a\u0647\u0627 \u0627\u0644\u0645\u0633\u062a\u062f\u064a\u0631\u0629 \u0630\u0627\u062a 1000 \u0634\u0639\u064a\u0631\u0629 \u0645\u0646\u062d\u0646\u064a\u0627\u062a \u0627\u0644\u0638\u0641\u0631 \u0644\u062a\u0637\u0628\u064a\u0642 \u0644\u0627 \u062a\u0634\u0648\u0628\u0647 \u0634\u0627\u0626\u0628\u0629 \u0639\u0644\u0649 \u0627\u0644\u0625\u0637\u0644\u0627\u0642.<\/p>\n<p>PR\u00c9CAUTIONS D\u2019USAGE\u00a0: tenir \u00e0 l\u2019\u00e9cart de la port\u00e9e des enfants et des sources de chaleur. Ne pas ing\u00e9r<\/p>\n<h2><strong>\u0627\u0633\u062a\u062e\u062f\u0627\u0645 \u0627\u0644\u0645\u0634\u0648\u0631\u0629:\u00a0<\/strong><\/h2>\n<p>1. &#8211;\u00a0Appliquez la base Strenghtener Base Coat KIKO MILANO pour prot\u00e9ger l\u2019ongle et faciliter l\u2019application du vernis \u00e0 ongles Power Pro Nail Lacquer. Laissez s\u00e9cher.<br \/>\n2. Appliquez deux couches de la teinte Power Pro choisie, en prenant soin de laisser s\u00e9cher chaque couche.<br \/>\n3. Appliquez Fast &amp; Shiny Base And Top Coat pour prolonger la dur\u00e9e de la teinte et la rendre plus brillante.<\/p>\n<h2><strong>\u0627\u0644\u062a\u0631\u0643\u064a\u0628\u0629 :<\/strong><\/h2>\n<div>\n<div id=\"headlessui-tabs-panel-:rf:\" tabindex=\"0\" role=\"tabpanel\" aria-labelledby=\"headlessui-tabs-tab-:r7:\" data-headlessui-state=\"selected\">\n<div class=\"product-more-info_tabPanel__Zu9Y2\">INGREDIENTS: BUTYL ACETATE, ETHYL ACETATE, NITROCELLULOSE, ACETYL TRIBUTYL CITRATE, ISOPROPYL ALCOHOL, ADIPIC ACID\/NEOPENTYL GLYCOL \/TRIMELLITIC ANHYDRIDE COPOLYMER, STEARALKONIUM BENTONITE, TRIMETHYLSILOXYSILICATE, N-BUTYL ALCOHOL, ALGAE EXTRACT, PHOSPHORIC ACID, BENZOPHENONE-1, CAPRYLIC\/CAPRIC TRIGLYCERIDE, DIACETONE ALCOHOL, DIATOMACEOUS EARTH, DIMETHICONE, ACRYLATES COPOLYMER, HEXANAL, MAN NITOL, PISTACIA LENTISCUS GUM (PISTACIA LENTISCUS (MASTIC) GUM), STYRENE\/ACRYLATES COPOLYMER, SILICA, SORBIC ACID, TRIMETHYLPENTANE DIYL DIBENZOATE, TOCOPHEROL, ZINC SULFATE. +\/- (MAY CONTAIN): CI 15850 (RED 6 LAKE, RED 7 LAKE), CI 73360 (RED 30), CI 15880 (RED 34 LAKE), CI 77491 &#8211; CI 77499 (IRON OXIDES), CI 77266 (NANO) (BLACK 2), CI 77891 (TITANIUM DIOXIDE), CI 19140 (YELLOW 5 LAKE).<\/div>\n<\/div>\n<\/div>\n<div class=\"product-more-info_serviceGrid__2BSRh\">\n<div class=\"product-more-info_serviceItem__Xktp1\"><\/div>\n<\/div>","protected":false},"excerpt":{"rendered":"<h3><strong>\u0627\u0644\u0633\u0639\u0629: 11 \u0645\u0644<\/strong><\/h3>","protected":false},"featured_media":142414,"comment_status":"open","ping_status":"closed","template":"","meta":{"_acf_changed":false},"product_brand":[],"product_cat":[296,1231],"product_tag":[],"class_list":{"0":"post-142413","1":"product","2":"type-product","3":"status-publish","4":"has-post-thumbnail","6":"product_cat-maquillage","7":"product_cat-ongles_maquillage","9":"first","10":"outofstock","11":"sale","12":"taxable","13":"shipping-taxable","14":"purchasable","15":"product-type-simple"},"acf":[],"_links":{"self":[{"href":"https:\/\/pharmacima.com\/ar\/wp-json\/wp\/v2\/product\/142413","targetHints":{"allow":["GET"]}}],"collection":[{"href":"https:\/\/pharmacima.com\/ar\/wp-json\/wp\/v2\/product"}],"about":[{"href":"https:\/\/pharmacima.com\/ar\/wp-json\/wp\/v2\/types\/product"}],"replies":[{"embeddable":true,"href":"https:\/\/pharmacima.com\/ar\/wp-json\/wp\/v2\/comments?post=142413"}],"wp:featuredmedia":[{"embeddable":true,"href":"https:\/\/pharmacima.com\/ar\/wp-json\/wp\/v2\/media\/142414"}],"wp:attachment":[{"href":"https:\/\/pharmacima.com\/ar\/wp-json\/wp\/v2\/media?parent=142413"}],"wp:term":[{"taxonomy":"product_brand","embeddable":true,"href":"https:\/\/pharmacima.com\/ar\/wp-json\/wp\/v2\/product_brand?post=142413"},{"taxonomy":"product_cat","embeddable":true,"href":"https:\/\/pharmacima.com\/ar\/wp-json\/wp\/v2\/product_cat?post=142413"},{"taxonomy":"product_tag","embeddable":true,"href":"https:\/\/pharmacima.com\/ar\/wp-json\/wp\/v2\/product_tag?post=142413"}],"curies":[{"name":"wp","href":"https:\/\/api.w.org\/{rel}","templated":true}]}}