{"id":142452,"date":"2024-05-15T16:44:50","date_gmt":"2024-05-15T15:44:50","guid":{"rendered":"https:\/\/pharmacima.com\/?post_type=product&#038;p=142452"},"modified":"2025-04-24T13:04:40","modified_gmt":"2025-04-24T12:04:40","slug":"palette-de-9-fards-a-paupieres-et-1-blush-nocibe","status":"publish","type":"product","link":"https:\/\/pharmacima.com\/ar\/product\/palette-de-9-fards-a-paupieres-et-1-blush-nocibe\/","title":{"rendered":"Palette de 9 Fards a Paupieres et 1 Blush Nocibe"},"content":{"rendered":"<h2><strong>DESCRIPTION<\/strong> :<\/h2>\n<p><strong>9 Fards \u00e0 Paupi\u00e8res et 1 Blush<\/strong><\/p>\n<p>Sublimez votre maquillage avec cette palette compos\u00e9e de 9 fards \u00e0 paupi\u00e8res et 1 blush.<\/p>\n<p>Un magnifique assortiment de nuances romantiques et festives dans des finis mat, brillant et m\u00e9tallique pour des looks discrets ou plus audacieux.<\/p>\n<h2><strong>COMPOSITION :\u00a0<\/strong><\/h2>\n<div class=\"prdct__content go-back\">\n<div id=\"prdct-details\" class=\"prdct__details\">\n<div class=\"prdct__details-wrap\">\n<div id=\"ingredients\" class=\"prdct__details-content\">\n<p>KAKHI, MOCHA : Mica, Magnesium Stearate, Silica, Hydrogenated Polyisobutene, Dimethicone, Polyisobutene, Ethylhexyl Palmitate, Phenoxyethanol, Tocopheryl Acetate, Ethylhexylglycerin [+\/-] CI 77891, CI 77499, CI 77492, CI 77491, CI 16035. ORCHID, HONEY, FANTASY : Mica, Magnesium Stearate, Hydrogenated Polyisobutene, Dimethicone, Polyisobutene, Ethylhexyl Palmitate, Phenoxyethanol, Tocopheryl Acetate, Ethylhexylglycerin [+\/-] CI 77891, CI 77499, CI 77492, CI 77491, CI 77742, CI 16035. PISTACHIO : Mica, Dimethicone, CI 77891, CI 77492, Silica, Magnesium Stearate, CI 77499, Trimethylsiloxysilicate, Dimethicone\/Vinyl Dimethicone Crosspolymer, Phenoxyethanol, CI 42090, CI 77491, Tocopheryl Acetate, Ethylhexylglycerin. GODDESS, ROMANCE, ENCHANTED : Mica, Dimethicone, Magnesium Stearate, Trimethylsiloxysilicate, Dimethicone\/Vinyl Dimethicone Crosspolymer, Phenoxyethanol, Tocopheryl Acetate, Ethylhexylglycerin [+\/-] CI 77891, CI 77499, CI 77492, CI 77491, CI 77742, CI 77007, CI 16035, CI 75470. FLAMINGO : Mica, Magnesium Stearate, CI 77891, Hydrogenated Polyisobutene, Dimethicone, Polyisobutene, Ethylhexyl Palmitate, Phenoxyethanol, CI 15850, CI 77491, Tocopheryl Acetate, Ethylhexylglycerin.<\/p>\n<\/div>\n<\/div>\n<\/div>\n<\/div>\n","protected":false},"excerpt":{"rendered":"<h3><strong>9 Fards a Paupieres et 1 Blush\u00a0<\/strong><\/h3>\n<p><strong>\u0627\u0644\u0633\u0639\u0629: 10 \u062c\u0631\u0627\u0645<\/strong><\/p>","protected":false},"featured_media":142454,"comment_status":"open","ping_status":"closed","template":"","meta":{"_acf_changed":false},"product_brand":[],"product_cat":[296,1251,1230],"product_tag":[],"class_list":{"0":"post-142452","1":"product","2":"type-product","3":"status-publish","4":"has-post-thumbnail","6":"product_cat-maquillage","7":"product_cat-visage_maquillage","8":"product_cat-yeux-maquillage","10":"first","11":"outofstock","12":"sale","13":"taxable","14":"shipping-taxable","15":"purchasable","16":"product-type-simple"},"acf":[],"_links":{"self":[{"href":"https:\/\/pharmacima.com\/ar\/wp-json\/wp\/v2\/product\/142452","targetHints":{"allow":["GET"]}}],"collection":[{"href":"https:\/\/pharmacima.com\/ar\/wp-json\/wp\/v2\/product"}],"about":[{"href":"https:\/\/pharmacima.com\/ar\/wp-json\/wp\/v2\/types\/product"}],"replies":[{"embeddable":true,"href":"https:\/\/pharmacima.com\/ar\/wp-json\/wp\/v2\/comments?post=142452"}],"wp:featuredmedia":[{"embeddable":true,"href":"https:\/\/pharmacima.com\/ar\/wp-json\/wp\/v2\/media\/142454"}],"wp:attachment":[{"href":"https:\/\/pharmacima.com\/ar\/wp-json\/wp\/v2\/media?parent=142452"}],"wp:term":[{"taxonomy":"product_brand","embeddable":true,"href":"https:\/\/pharmacima.com\/ar\/wp-json\/wp\/v2\/product_brand?post=142452"},{"taxonomy":"product_cat","embeddable":true,"href":"https:\/\/pharmacima.com\/ar\/wp-json\/wp\/v2\/product_cat?post=142452"},{"taxonomy":"product_tag","embeddable":true,"href":"https:\/\/pharmacima.com\/ar\/wp-json\/wp\/v2\/product_tag?post=142452"}],"curies":[{"name":"wp","href":"https:\/\/api.w.org\/{rel}","templated":true}]}}