{"id":142459,"date":"2024-05-15T17:32:00","date_gmt":"2024-05-15T16:32:00","guid":{"rendered":"https:\/\/pharmacima.com\/?post_type=product&#038;p=142459"},"modified":"2024-05-27T04:01:54","modified_gmt":"2024-05-27T03:01:54","slug":"palette-bronzer-blush-et-highlighter-must-have-nocibe","status":"publish","type":"product","link":"https:\/\/pharmacima.com\/ar\/product\/palette-bronzer-blush-et-highlighter-must-have-nocibe\/","title":{"rendered":"Palette Bronzer Blush et Highlighter Must Have Nocibe"},"content":{"rendered":"<h2><strong>\u0648\u0635\u0641 :\u00a0<\/strong><\/h2>\n<p><strong>01 -LIGHT<\/strong><\/p>\n<p>L&rsquo;essentiel pour un teint absolument parfait dans une seule et m\u00eame palette !<\/p>\n<p>Notre Palette Must-Have r\u00e9unit dans son bo\u00eetier 3 textures diff\u00e9rentes pour un maquillage du visage complet. Une superbe poudre bronzante pour sculpter et souligner les diff\u00e9rentes parties du visage, un blush pour ajouter un voile de couleur et une poudre illuminatrice pour mettre en lumi\u00e8re vos plus jolis traits.<\/p>\n<p>Disponible dans deux harmonies de tons diff\u00e9rentes, la Palette Must-Have convient \u00e0 toutes les carnations. Et pour vous aider \u00e0 l&rsquo;utiliser \u00e0 la perfection, nous y avons gliss\u00e9 un petit mode d&#8217;emploi.<\/p>\n<div class=\"prdct__details-benefits\">\n<h3 class=\"prdct__details-title\"><strong>\u0641\u0627\u0626\u062f\u0629 \u0627\u0644\u0645\u0646\u062a\u062c<\/strong><\/h3>\n<p>Palette tout-en-un visage Id\u00e9ale pour voyager Textures faciles \u00e0 travailler<\/p>\n<h2><strong>\u0627\u0633\u062a\u062e\u062f\u0627\u0645 \u0627\u0644\u0645\u0634\u0648\u0631\u0629:\u00a0<\/strong><\/h2>\n<div class=\"prdct__content go-back\">\n<div id=\"prdct-details\" class=\"prdct__details\">\n<div class=\"prdct__details-wrap\">\n<div id=\"conseils\" class=\"prdct__details-content\">\n<p>Un teint parfait en 3 \u00e9tapes. Etape 1 : Appliquez la poudre bonzante Nude Sand en dessinant un 3 sur votre visage, des tempes au creux des pommettes et jusqu&rsquo;au bas de la m\u00e2choire. Estompez en douceur pour un fini naturel. Etape 2 : Appliquez le blush Sweet Pink sur les joues. Etape 3 : Terminez en appliquant la poudre illuminatrice Champagne sur la courbe des pommettes, l&rsquo;arc de Cupidon et le long des ar\u00eates du nez. Vous \u00eates pr\u00eate !<\/p>\n<\/div>\n<\/div>\n<\/div>\n<\/div>\n<h2><strong>\u0627\u0644\u062a\u0631\u0643\u064a\u0628\u0629 :<\/strong><\/h2>\n<div class=\"prdct__content go-back\">\n<div id=\"prdct-details\" class=\"prdct__details\">\n<div class=\"prdct__details-wrap\">\n<div id=\"ingredients\" class=\"prdct__details-content\">\n<p>MICA, KAOLIN, SILICA, MAGNESIUM STEARATE, DIMETHICONE, ETHYLHEXYLGLYCERIN, TOCOPHEROL, PHENOXYETHANOL +\/- : CI 77491, CI 77492, CI 77891, CI 77499, CI 15850<\/p>\n<\/div>\n<\/div>\n<\/div>\n<\/div>\n<\/div>","protected":false},"excerpt":{"rendered":"<h3><strong>Contenance : 9.6g\u00a0\u00a0<\/strong><\/h3>\n<p><strong>01 -LIGHT<\/strong><\/p>","protected":false},"featured_media":142460,"comment_status":"open","ping_status":"closed","template":"","meta":{"_acf_changed":false},"product_brand":[],"product_cat":[296,1251],"product_tag":[],"class_list":{"0":"post-142459","1":"product","2":"type-product","3":"status-publish","4":"has-post-thumbnail","6":"product_cat-maquillage","7":"product_cat-visage_maquillage","9":"first","10":"outofstock","11":"sale","12":"taxable","13":"shipping-taxable","14":"purchasable","15":"product-type-simple"},"acf":[],"_links":{"self":[{"href":"https:\/\/pharmacima.com\/ar\/wp-json\/wp\/v2\/product\/142459","targetHints":{"allow":["GET"]}}],"collection":[{"href":"https:\/\/pharmacima.com\/ar\/wp-json\/wp\/v2\/product"}],"about":[{"href":"https:\/\/pharmacima.com\/ar\/wp-json\/wp\/v2\/types\/product"}],"replies":[{"embeddable":true,"href":"https:\/\/pharmacima.com\/ar\/wp-json\/wp\/v2\/comments?post=142459"}],"wp:featuredmedia":[{"embeddable":true,"href":"https:\/\/pharmacima.com\/ar\/wp-json\/wp\/v2\/media\/142460"}],"wp:attachment":[{"href":"https:\/\/pharmacima.com\/ar\/wp-json\/wp\/v2\/media?parent=142459"}],"wp:term":[{"taxonomy":"product_brand","embeddable":true,"href":"https:\/\/pharmacima.com\/ar\/wp-json\/wp\/v2\/product_brand?post=142459"},{"taxonomy":"product_cat","embeddable":true,"href":"https:\/\/pharmacima.com\/ar\/wp-json\/wp\/v2\/product_cat?post=142459"},{"taxonomy":"product_tag","embeddable":true,"href":"https:\/\/pharmacima.com\/ar\/wp-json\/wp\/v2\/product_tag?post=142459"}],"curies":[{"name":"wp","href":"https:\/\/api.w.org\/{rel}","templated":true}]}}