{"id":142704,"date":"2024-05-22T16:02:07","date_gmt":"2024-05-22T15:02:07","guid":{"rendered":"https:\/\/pharmacima.com\/?post_type=product&#038;p=142704"},"modified":"2025-06-05T12:46:29","modified_gmt":"2025-06-05T11:46:29","slug":"coffret-gels-pailletes-mon-trio-nocibe","status":"publish","type":"product","link":"https:\/\/pharmacima.com\/ar\/product\/coffret-gels-pailletes-mon-trio-nocibe\/","title":{"rendered":"Coffret gels pailletes Mon Trio Nocibe"},"content":{"rendered":"<h2><strong>\u0648\u0635\u0641 :\u00a0<\/strong><\/h2>\n<p><strong>3 Gels Paillet\u00e9s<\/strong><\/p>\n<p>Ce coffret en \u00e9dition sp\u00e9ciale est un v\u00e9ritable festin pour les sens, offrant une exp\u00e9rience scintillante pour le visage et le corps. Plongez dans un monde de brillance et de glamour avec ces gels paillet\u00e9s, con\u00e7us pour illuminer votre peau d&rsquo;une lueur enchanteresse.<\/p>\n<p>Apportez une note festive \u00e0 votre look !<\/p>\n<p>Avec ces trois gels paillet\u00e9s pour visage et corps !<\/p>\n<h2><strong>\u0627\u0644\u062a\u0631\u0643\u064a\u0628\u0629 :\u00a0\u00a0<\/strong><\/h2>\n<div class=\"prdct__content go-back\">\n<div id=\"prdct-details\" class=\"prdct__details\">\n<div class=\"prdct__details-wrap\">\n<div id=\"ingredients\" class=\"prdct__details-content\">\n<p>Gel paillet\u00e9 Gold rays : Aqua, Glycerin, Synthetic Fluorphlogopite, Acrylates Copolymer, CI 77891, Phenoxyethanol, Acrylates\/C10-30 Alkyl Acrylate Crosspolymer, Calcium Sodium Borosilicate, PVP, 1,2-Hexanediol, Caprylyl Glycol, CI 77491, Sodium Hydroxide, Tin Oxide. Gel paillet\u00e9 Diamond : Aqua, Glycerin, Synthetic Fluorphlogopite, CI 77000, CI 77891, Acrylates Copolymer, Phenoxyethanol, Acrylates\/C10-30 Alkyl Acrylate Crosspolymer, Silica, PVP, 1,2-Hexanediol, Caprylyl Glycol, Sodium Hydroxide. Gel paillet\u00e9 Pink ballet : Aqua, Glycerin, Synthetic Fluorphlogopite, Acrylates Copolymer, CI 77891, Phenoxyethanol, Acrylates\/C10-30 Alkyl Acrylate Crosspolymer, Calcium Aluminum Borosilicate, PVP, 1,2-Hexanediol, Caprylyl Glycol, Sodium Hydroxide, CI 45410, Tin Oxide, CI 15850.<\/p>\n<\/div>\n<\/div>\n<\/div>\n<\/div>","protected":false},"excerpt":{"rendered":"<h3><strong>Contenance : 3x7ml<\/strong><\/h3>","protected":false},"featured_media":142705,"comment_status":"open","ping_status":"closed","template":"","meta":{"_acf_changed":false},"product_brand":[],"product_cat":[296,1232,139,1251],"product_tag":[],"class_list":{"0":"post-142704","1":"product","2":"type-product","3":"status-publish","4":"has-post-thumbnail","6":"product_cat-maquillage","7":"product_cat-accessoires_maquillage","8":"product_cat-corps_","9":"product_cat-visage_maquillage","11":"first","12":"outofstock","13":"sale","14":"taxable","15":"shipping-taxable","16":"purchasable","17":"product-type-simple"},"acf":[],"_links":{"self":[{"href":"https:\/\/pharmacima.com\/ar\/wp-json\/wp\/v2\/product\/142704","targetHints":{"allow":["GET"]}}],"collection":[{"href":"https:\/\/pharmacima.com\/ar\/wp-json\/wp\/v2\/product"}],"about":[{"href":"https:\/\/pharmacima.com\/ar\/wp-json\/wp\/v2\/types\/product"}],"replies":[{"embeddable":true,"href":"https:\/\/pharmacima.com\/ar\/wp-json\/wp\/v2\/comments?post=142704"}],"wp:featuredmedia":[{"embeddable":true,"href":"https:\/\/pharmacima.com\/ar\/wp-json\/wp\/v2\/media\/142705"}],"wp:attachment":[{"href":"https:\/\/pharmacima.com\/ar\/wp-json\/wp\/v2\/media?parent=142704"}],"wp:term":[{"taxonomy":"product_brand","embeddable":true,"href":"https:\/\/pharmacima.com\/ar\/wp-json\/wp\/v2\/product_brand?post=142704"},{"taxonomy":"product_cat","embeddable":true,"href":"https:\/\/pharmacima.com\/ar\/wp-json\/wp\/v2\/product_cat?post=142704"},{"taxonomy":"product_tag","embeddable":true,"href":"https:\/\/pharmacima.com\/ar\/wp-json\/wp\/v2\/product_tag?post=142704"}],"curies":[{"name":"wp","href":"https:\/\/api.w.org\/{rel}","templated":true}]}}