{"id":143294,"date":"2024-06-13T16:52:44","date_gmt":"2024-06-13T15:52:44","guid":{"rendered":"https:\/\/pharmacima.com\/?post_type=product&#038;p=143294"},"modified":"2026-04-04T16:38:55","modified_gmt":"2026-04-04T15:38:55","slug":"creme-hydratante-visage-52ml-spf50-cerave","status":"publish","type":"product","link":"https:\/\/pharmacima.com\/ar\/product\/creme-hydratante-visage-52ml-spf50-cerave\/","title":{"rendered":"Creme Hydratante Visage 52ml SPF50 Cerave"},"content":{"rendered":"<h2><strong>\u0648\u0635\u0641 :<\/strong><\/h2>\n<p>La Cr\u00e8me Hydratante Visage SPF50 de CeraVe est un soin qui hydrate les peaux normales \u00e0 s\u00e8ches. Cette cr\u00e8me \u00e0 la texture l\u00e9g\u00e8re non collante s&rsquo;applique sur le visage et le cou pour une peau hydrat\u00e9e toute la journ\u00e9e. Sa protection UV SPF50 bloque les rayons UVA et UVB afin de prot\u00e9ger la peau du soleil.<\/p>\n<p>Enrichie aux\u00a0\u00a03 c\u00e9ramides essentiels\u00a0et \u00e0 l&rsquo;\u00a0acide hyaluronique, elle nourrit, hydrate en continu toute la journ\u00e9e pendant 24 heures gr\u00e2ce \u00e0 la technologie MVE et restaure la barri\u00e8re cutan\u00e9e. Elle est enrichie \u00e0 la\u00a0\u00a0\u00a0niacinamide\u00a0\u00a0pour apaiser, r\u00e9duire les rougeurs et les inflammations.<\/p>\n<p>D\u00e9velopp\u00e9e avec des dermatologues, sa formule haute tol\u00e9rance est test\u00e9e sous contr\u00f4le dermatologique et respecte une charte de formulation stricte pour convenir aux peaux sensibles : non irritante, sans parfum, hypoallerg\u00e9nique et non-com\u00e9dog\u00e8ne. Elle est id\u00e9ale pour les peaux dess\u00e9ch\u00e9es par les traitements anti-acn\u00e9<\/p>\n<ul>\n<li>Adapt\u00e9e aux peaux normales \u00e0 s\u00e8ches<\/li>\n<li>Sans parfum, non-com\u00e9dog\u00e8ne et hypoallerg\u00e9nique<\/li>\n<li>Test\u00e9e sous contr\u00f4le dermatologique<\/li>\n<\/ul>\n<ul>Cette formule contient :<\/p>\n<li>Protection UV SPF50 : bloque les rayons UVA et UVB et prot\u00e8ge la peau du soleil.<\/li>\n<li>Niacinamide : apaise la peau en douceur, aide \u00e0 r\u00e9duire les sensations d\u2019irritation et r\u00e9duit les rougeurs.<\/li>\n<li>Acide hyaluronique : aide \u00e0 maintenir l\u2019hydratation.<\/li>\n<li>3 c\u00e9ramides essentiels (1, 3, 6-II) : aident \u00e0 restaurer la barri\u00e8re cutan\u00e9e.<\/li>\n<li>Technologie MVE : permet d&rsquo;encapsuler les actifs et de les diffuser en continu pour hydrater pendant 24h.<\/li>\n<\/ul>\n<h2><strong>\u0627\u0633\u062a\u062e\u062f\u0627\u0645 \u0627\u0644\u0645\u0634\u0648\u0631\u0629:<\/strong><\/h2>\n<ul>\n<li>Appliquer le matin g\u00e9n\u00e9reusement sur le visage et le cou.<\/li>\n<li>Eviter le contact direct avec les yeux. En cas de contact, rincer abondamment et instantan\u00e9ment \u00e0 l&rsquo;eau.<\/li>\n<\/ul>\n<h2><strong>\u0627\u0644\u062a\u0631\u0643\u064a\u0628\u0629 :<\/strong><\/h2>\n<p>INGREDIENTS: AQUA \/ WATER, GLYCERIN, ISOPROPYL PALMITATE, BIS-ETHYLHEXYLOXYPHENOL METHOXYPHENYL TRIAZINE, ETHYLHEXYL SALICYLATE, NIACINAMIDE, PENTYLENE GLYCOL, BUTYL METHOXYDIBENZOYLMETHANE, ETHYLHEXYL TRIAZONE, PROPANEDIOL, ZEA MAYS STARCH \/ CORN STARCH, POTASSIUM CETYL PHOSPHATE, DIISOPROPYL SEBACATE, ORYZA SATIVA CERA \/ RICE BRAN WAX, CERAVE.STEARIC ACID, CERAMIDE NP, CERAMIDE AP, CERAMIDE EOP, CARBOMER, GLYCERYL STEARATE, CETEARYL ALCOHOL, TRIETHANOLAMINE, BEHENTRIMONIUM METHOSULFATE, TRIETHYL CITRATE, SODIUM HYALURONATE, SODIUM POLYACRYLATE, SODIUM LAUROYL LACTYLATE, MYRISTIC ACID, CHOLESTEROL, PALMITIC ACID, TOCOPHEROL, CAPRYLYL GLYCOL, CITRIC ACID, TRISODIUM ETHYLENEDIAMINE DISUCCINATE, XANTHAN GUM, PHYTOSPHINGOSINE, ACRYLATES\/C10-30 ALKYL ACRYLATE CROSSPOLYMER, CERAVE.BUTYROSPERMUM PARKII BUTTER \/ SHEA BUTTER, BENZOIC ACID, PEG-100 STEARATE (F.I.L. Y292332\/1)<\/p>","protected":false},"excerpt":{"rendered":"<p>DESCRIPTION : La Cr\u00e8me Hydratante Visage SPF50 de CeraVe est un soin qui hydrate les peaux normales \u00e0 s\u00e8ches. Cette cr\u00e8me \u00e0 la texture l\u00e9g\u00e8re non collante s&rsquo;applique sur le visage et le cou pour une peau hydrat\u00e9e toute la journ\u00e9e. Sa protection UV SPF50 bloque les rayons UVA et UVB afin de prot\u00e9ger la [&hellip;]<\/p>\n","protected":false},"featured_media":143301,"comment_status":"open","ping_status":"closed","template":"","meta":{"_acf_changed":false},"product_brand":[1403],"product_cat":[102,137],"product_tag":[],"class_list":{"0":"post-143294","1":"product","2":"type-product","3":"status-publish","4":"has-post-thumbnail","6":"product_brand-cerave","7":"product_cat-soin-et-bien-etre","8":"product_cat-visage","10":"first","11":"instock","12":"taxable","13":"shipping-taxable","14":"purchasable","15":"product-type-simple"},"acf":[],"_links":{"self":[{"href":"https:\/\/pharmacima.com\/ar\/wp-json\/wp\/v2\/product\/143294","targetHints":{"allow":["GET"]}}],"collection":[{"href":"https:\/\/pharmacima.com\/ar\/wp-json\/wp\/v2\/product"}],"about":[{"href":"https:\/\/pharmacima.com\/ar\/wp-json\/wp\/v2\/types\/product"}],"replies":[{"embeddable":true,"href":"https:\/\/pharmacima.com\/ar\/wp-json\/wp\/v2\/comments?post=143294"}],"wp:featuredmedia":[{"embeddable":true,"href":"https:\/\/pharmacima.com\/ar\/wp-json\/wp\/v2\/media\/143301"}],"wp:attachment":[{"href":"https:\/\/pharmacima.com\/ar\/wp-json\/wp\/v2\/media?parent=143294"}],"wp:term":[{"taxonomy":"product_brand","embeddable":true,"href":"https:\/\/pharmacima.com\/ar\/wp-json\/wp\/v2\/product_brand?post=143294"},{"taxonomy":"product_cat","embeddable":true,"href":"https:\/\/pharmacima.com\/ar\/wp-json\/wp\/v2\/product_cat?post=143294"},{"taxonomy":"product_tag","embeddable":true,"href":"https:\/\/pharmacima.com\/ar\/wp-json\/wp\/v2\/product_tag?post=143294"}],"curies":[{"name":"wp","href":"https:\/\/api.w.org\/{rel}","templated":true}]}}