{"id":143506,"date":"2024-06-30T11:32:05","date_gmt":"2024-06-30T10:32:05","guid":{"rendered":"https:\/\/pharmacima.com\/?post_type=product&#038;p=143506"},"modified":"2026-02-28T16:03:38","modified_gmt":"2026-02-28T15:03:38","slug":"serum-acide-hyaluronique-35-30ml-aroma-zone","status":"publish","type":"product","link":"https:\/\/pharmacima.com\/ar\/product\/serum-acide-hyaluronique-35-30ml-aroma-zone\/","title":{"rendered":"Serum Acide hyaluronique 3,5% 30ml Aroma zone"},"content":{"rendered":"<h2><strong>\u0648\u0635\u0641 :<\/strong><\/h2>\n<p>Aroma zone Ce s\u00e9rum d&rsquo;acide hyaluronique 100 % d&rsquo;origine naturelle est l&rsquo;un des plus concentr\u00e9s du march\u00e9 : 3.5% contre 0.1 \u00e0 1% d&rsquo;acide hyaluronique dans les cosm\u00e9tiques classiques. Reconnu pour lisser, hydrater et repulper la peau, sa texture fra\u00eeche, naturellement g\u00e9lifi\u00e9e, p\u00e9n\u00e8tre instantan\u00e9ment sans la pelucher ni la tirailler.<\/p>\n<p>Son efficacit\u00e9 en tant que s\u00e9rum anti-\u00e2ge a \u00e9t\u00e9 test\u00e9e et prouv\u00e9e pour combler les rides, hydrater et am\u00e9liorer l&rsquo;\u00e9lasticit\u00e9 de la peau. Notre\u00a0s\u00e9rum d&rsquo;acide hyaluronique fait \u00e9galement des miracles sur les cheveux secs et abim\u00e9s\u00a0qu&rsquo;il adoucit et restructure.<\/p>\n<p>Ce s\u00e9rum hydratant visage anti-\u00e2ge s&rsquo;utilise pur ou agr\u00e9ment\u00e9 d&rsquo;actifs pour le personnaliser. Sa nouvelle formule ne contient pas d&rsquo;alcool. Disponible en \u00e9co-recharge recyclable et \u00e9conomique pour recharger facilement son flacon tout en r\u00e9duisant ses d\u00e9chets.<\/p>\n<h3 class=\"container__title\"><strong>Pourquoi on l&rsquo;aime<\/strong><\/h3>\n<div class=\"container__description\" data-v-92395f04=\"\">\n<ul class=\"\">\n<li class=\"\"><b class=\"\">Soin hydratant et anti-\u00e2ge pour tous types de peaux et de cheveux<\/b>\n<ul class=\"\">\n<li class=\"\">Une peau plus\u00a0<b class=\"\">\u0631\u0637\u0628\u00a0<\/b>\u0648 \u0627\u0643\u062b\u0631\u00a0<b class=\"\">\u00e9lastique\u00a0<\/b>\u0648 \u0627\u0644\u00a0<b class=\"\">rides combl\u00e9es<\/b><\/li>\n<li class=\"\"><b class=\"\">Gaine<\/b>,\u00a0<b class=\"\">prot\u00e8ge\u00a0<\/b>\u0648\u00a0<b class=\"\">\u0647\u064a\u062f\u0631\u0627\u062a\u00a0<\/b>les cheveux<\/li>\n<\/ul>\n<\/li>\n<li class=\"\">Efficacit\u00e9 prouv\u00e9e !<\/li>\n<li class=\"\">3.5% d&rsquo;acide hyaluronique, l&rsquo;une des concentrations les plus \u00e9lev\u00e9es parmi les cosm\u00e9tiques du march\u00e9<\/li>\n<li class=\"\">S&rsquo;utilise pur ou personnalis\u00e9<\/li>\n<\/ul>\n<\/div>\n<h2><strong>\u0627\u0633\u062a\u062e\u062f\u0627\u0645 \u0627\u0644\u0645\u0634\u0648\u0631\u0629:<\/strong><\/h2>\n<p>J&rsquo;applique 1 ou 2 pressions du s\u00e9rum\u00a0sur l&rsquo;ensemble du visage et du cou.<\/p>\n<h2><strong>\u0627\u0644\u062a\u0631\u0643\u064a\u0628\u0629 :<\/strong><\/h2>\n<p><b class=\"\">\u0623\u0643\u0648\u0627\u00a0<\/b>(\u200beau)<b class=\"\">, Salix nigra bark extract\u00a0<\/b>(extrait d&rsquo;\u00e9corce de saule noir),aroma zone<b class=\"\">\u00a0Sodium hyaluronate\u00a0<\/b>(acide hyaluronique,aroma zone actif anti-\u00e2ge d&rsquo;origine naturelle)<b class=\"\">, Glycerin\u00a0<\/b>(glyc\u00e9rine v\u00e9g\u00e9tale BIO non d\u00e9riv\u00e9e d&rsquo;huile de palme\u00a0,\u00a0hydratante)<b class=\"\">,aroma zone Levulinic acid <\/b>(agent antimicrobien d&rsquo;origine v\u00e9g\u00e9tale),\u00a0<b class=\"\">Sodium Levulinate\u00a0<\/b>(agent antimicrobien d&rsquo;origine v\u00e9g\u00e9tale)<\/p>","protected":false},"excerpt":{"rendered":"<p>DESCRIPTION : Aroma zone Ce s\u00e9rum d&rsquo;acide hyaluronique 100 % d&rsquo;origine naturelle est l&rsquo;un des plus concentr\u00e9s du march\u00e9 : 3.5% contre 0.1 \u00e0 1% d&rsquo;acide hyaluronique dans les cosm\u00e9tiques classiques. Reconnu pour lisser, hydrater et repulper la peau, sa texture fra\u00eeche, naturellement g\u00e9lifi\u00e9e, p\u00e9n\u00e8tre instantan\u00e9ment sans la pelucher ni la tirailler. Son efficacit\u00e9 en [&hellip;]<\/p>\n","protected":false},"featured_media":148144,"comment_status":"open","ping_status":"closed","template":"","meta":{"_acf_changed":false},"product_brand":[1543],"product_cat":[102,137],"product_tag":[],"class_list":{"0":"post-143506","1":"product","2":"type-product","3":"status-publish","4":"has-post-thumbnail","6":"product_brand-aroma-zone","7":"product_cat-soin-et-bien-etre","8":"product_cat-visage","10":"first","11":"outofstock","12":"taxable","13":"shipping-taxable","14":"purchasable","15":"product-type-simple"},"acf":[],"_links":{"self":[{"href":"https:\/\/pharmacima.com\/ar\/wp-json\/wp\/v2\/product\/143506","targetHints":{"allow":["GET"]}}],"collection":[{"href":"https:\/\/pharmacima.com\/ar\/wp-json\/wp\/v2\/product"}],"about":[{"href":"https:\/\/pharmacima.com\/ar\/wp-json\/wp\/v2\/types\/product"}],"replies":[{"embeddable":true,"href":"https:\/\/pharmacima.com\/ar\/wp-json\/wp\/v2\/comments?post=143506"}],"wp:featuredmedia":[{"embeddable":true,"href":"https:\/\/pharmacima.com\/ar\/wp-json\/wp\/v2\/media\/148144"}],"wp:attachment":[{"href":"https:\/\/pharmacima.com\/ar\/wp-json\/wp\/v2\/media?parent=143506"}],"wp:term":[{"taxonomy":"product_brand","embeddable":true,"href":"https:\/\/pharmacima.com\/ar\/wp-json\/wp\/v2\/product_brand?post=143506"},{"taxonomy":"product_cat","embeddable":true,"href":"https:\/\/pharmacima.com\/ar\/wp-json\/wp\/v2\/product_cat?post=143506"},{"taxonomy":"product_tag","embeddable":true,"href":"https:\/\/pharmacima.com\/ar\/wp-json\/wp\/v2\/product_tag?post=143506"}],"curies":[{"name":"wp","href":"https:\/\/api.w.org\/{rel}","templated":true}]}}