{"id":143508,"date":"2024-06-30T11:52:02","date_gmt":"2024-06-30T10:52:02","guid":{"rendered":"https:\/\/pharmacima.com\/?post_type=product&#038;p=143508"},"modified":"2026-04-22T23:12:53","modified_gmt":"2026-04-22T22:12:53","slug":"serum-des-yeux-cafeine-15ml-aroma-zone","status":"publish","type":"product","link":"https:\/\/pharmacima.com\/ar\/product\/serum-des-yeux-cafeine-15ml-aroma-zone\/","title":{"rendered":"Serum Contour des yeux 5% Cafeine et H\u00e9lichryse 15ml Aroma zone"},"content":{"rendered":"<h2><strong>\u0648\u0635\u0641 :<\/strong><\/h2>\n<p><span data-v-6c34b058=\"\">Ce s\u00e9rum agit de mani\u00e8re cibl\u00e9e pour estomper cernes et poches, tout en apportant un effet tenseur imm\u00e9diat. Concentr\u00e9 \u00e0 5% de caf\u00e9ine \u00e0 l\u2019action d\u00e9congestionnante et \u00e0<\/span>\u00a0<span data-v-6c34b058=\"\">3% d\u2019acide hyaluronique Aroma zone repulpant, il d\u00e9froisse, lisse et illumine le regard. <\/span><\/p>\n<p><span data-v-6c34b058=\"\">Son complexe v\u00e9g\u00e9tal d\u2019H\u00e9lichryse et Gingembre sauvage cible plusieurs facteurs d\u2019apparitions des cernes et poches : il renforce la microcirculation et les capillaires sanguins et mod\u00e8re la production de m\u00e9lanine. R\u00e9sultats ? Les poches et cernes sont visiblement att\u00e9nu\u00e9s. <\/span><\/p>\n<p><span data-v-6c34b058=\"\">La bille roll-on masse et d\u00e9congestionne le contour de l\u2019\u0153il pour un regard frais et repos\u00e9. Sa texture douce, l\u00e9g\u00e8re et non grasse ne laisse aucun effet collant<\/span><\/p>\n<p class=\"container__title\" data-v-92395f04=\"\"><strong>Pourquoi on l&rsquo;aime<\/strong><\/p>\n<div class=\"container__description\" data-v-92395f04=\"\">\n<ul class=\"\">\n<li class=\"\"><b class=\"\">D\u00e9congestionne le contour de l&rsquo;\u0153il pour un regard frais et repos\u00e9<\/b><\/li>\n<li class=\"\">\u0631\u0639\u0627\u064a\u0629\u00a0<b class=\"\">hydratant, lissant et repulpant\u00a0<\/b>pour le contour des yeux r\u00e9duit les poches et les cernes<\/li>\n<li class=\"\">\u0641\u0639\u0627\u0644\u064a\u0629 \u0645\u062b\u0628\u062a\u0629<\/li>\n<li class=\"\">Concentr\u00e9 d&rsquo;actifs puissants: Caf\u00e9ine, H\u00e9lichryse, Gingembre sauvage et Acide hyaluronique<\/li>\n<li class=\"\">Test\u00e9 sous contr\u00f4le ophtalmologique et dermatologique<\/li>\n<\/ul>\n<h2><strong>\u0627\u0633\u062a\u062e\u062f\u0627\u0645 \u0627\u0644\u0645\u0634\u0648\u0631\u0629:<\/strong><\/h2>\n<p>Appliquer le s\u00e9rum contour des yeux Caf\u00e9ine 5% et H\u00e9lichryse au niveau du contours des yeux en \u00e9tirant sur les coins externes des yeux<\/p>\n<h2><strong>\u0627\u0644\u062a\u0631\u0643\u064a\u0628\u0629 :<\/strong><\/h2>\n<p><b class=\"\">\u00a0<\/b>Aqua (eau), Caffeine (caf\u00e9ine d&rsquo;origine naturelle), Niacinamide (vitamine B3),Aroma zone\u00a0 Glycerin (glyc\u00e9rine v\u00e9g\u00e9tale BIO), Pentylene Glycol (\u00e9mollient et agent antimicrobien d&rsquo;origine naturelle), Sodium Hyaluronate (acide hyaluronique d&rsquo;origine naturelle), Aroma zone Propanediol (\u00e9mollient d&rsquo;origine naturelle), Butylene Glycol (\u00e9mollient d&rsquo;origine naturelle), Helichrysum Angustifolium Flower Extract (extrait d&rsquo;H\u00e9lichryse), aroma zone Zerumbone (extrait de gingembre sauvage), Sodium Gluconate (s\u00e9questrant d&rsquo;origine naturelle), Citric Acid (acidifiant).<\/p>\n<\/div>","protected":false},"excerpt":{"rendered":"<p>DESCRIPTION : Ce s\u00e9rum agit de mani\u00e8re cibl\u00e9e pour estomper cernes et poches, tout en apportant un effet tenseur imm\u00e9diat. Concentr\u00e9 \u00e0 5% de caf\u00e9ine \u00e0 l\u2019action d\u00e9congestionnante et \u00e0\u00a03% d\u2019acide hyaluronique Aroma zone repulpant, il d\u00e9froisse, lisse et illumine le regard. Son complexe v\u00e9g\u00e9tal d\u2019H\u00e9lichryse et Gingembre sauvage cible plusieurs facteurs d\u2019apparitions des cernes [&hellip;]<\/p>\n","protected":false},"featured_media":143509,"comment_status":"open","ping_status":"closed","template":"","meta":{"_acf_changed":false},"product_brand":[1543],"product_cat":[102,141],"product_tag":[],"class_list":{"0":"post-143508","1":"product","2":"type-product","3":"status-publish","4":"has-post-thumbnail","6":"product_brand-aroma-zone","7":"product_cat-soin-et-bien-etre","8":"product_cat-yeux","10":"first","11":"instock","12":"taxable","13":"shipping-taxable","14":"purchasable","15":"product-type-simple"},"acf":[],"_links":{"self":[{"href":"https:\/\/pharmacima.com\/ar\/wp-json\/wp\/v2\/product\/143508","targetHints":{"allow":["GET"]}}],"collection":[{"href":"https:\/\/pharmacima.com\/ar\/wp-json\/wp\/v2\/product"}],"about":[{"href":"https:\/\/pharmacima.com\/ar\/wp-json\/wp\/v2\/types\/product"}],"replies":[{"embeddable":true,"href":"https:\/\/pharmacima.com\/ar\/wp-json\/wp\/v2\/comments?post=143508"}],"wp:featuredmedia":[{"embeddable":true,"href":"https:\/\/pharmacima.com\/ar\/wp-json\/wp\/v2\/media\/143509"}],"wp:attachment":[{"href":"https:\/\/pharmacima.com\/ar\/wp-json\/wp\/v2\/media?parent=143508"}],"wp:term":[{"taxonomy":"product_brand","embeddable":true,"href":"https:\/\/pharmacima.com\/ar\/wp-json\/wp\/v2\/product_brand?post=143508"},{"taxonomy":"product_cat","embeddable":true,"href":"https:\/\/pharmacima.com\/ar\/wp-json\/wp\/v2\/product_cat?post=143508"},{"taxonomy":"product_tag","embeddable":true,"href":"https:\/\/pharmacima.com\/ar\/wp-json\/wp\/v2\/product_tag?post=143508"}],"curies":[{"name":"wp","href":"https:\/\/api.w.org\/{rel}","templated":true}]}}