{"id":144572,"date":"2024-09-10T15:18:51","date_gmt":"2024-09-10T14:18:51","guid":{"rendered":"https:\/\/pharmacima.com\/?post_type=product&#038;p=144572"},"modified":"2025-11-12T17:55:17","modified_gmt":"2025-11-12T16:55:17","slug":"serum-niacinamide-10-txa-4-30ml-anua","status":"publish","type":"product","link":"https:\/\/pharmacima.com\/ar\/product\/serum-niacinamide-10-txa-4-30ml-anua\/","title":{"rendered":"Serum Niacinamide 10% + TXA 4% 30ml Anua"},"content":{"rendered":"<h2><strong>\u0648\u0635\u0641 :\u00a0<\/strong><\/h2>\n<p><span style=\"color: #169599;\"><strong>Un s\u00e9rum l\u00e9ger et sans parfum qui\u00a0att\u00e9nue les taches brunes pour favoriser un teint plus lumineux.<\/strong><\/span><\/p>\n<p>Le s\u00e9rum correcteur de taches brunes ANUA Niacinamide 10 % + TXA 4 % est formul\u00e9 avec 3 puissants ingr\u00e9dients \u00e9claircissants :\u00a0<span class=\"metafield-multi_line_text_field\">10 % de niacinamide, 4 % d&rsquo;acide tranexamique et 2 % d&rsquo;arbutine<\/span> . Ensemble, ces ingr\u00e9dients agissent pour att\u00e9nuer les taches brunes, notamment les cicatrices d&rsquo;acn\u00e9 et l&rsquo;hyperpigmentation.<\/p>\n<p>Il s&rsquo;agit d&rsquo;un s\u00e9rum l\u00e9ger et sans parfum contenant \u00e9galement de l&rsquo;acide hyaluronique et des c\u00e9ramides pour hydrater et renforcer la barri\u00e8re cutan\u00e9e en m\u00eame temps.<\/p>\n<h2><strong>\u0627\u0633\u062a\u062e\u062f\u0627\u0645 \u0627\u0644\u0645\u0634\u0648\u0631\u0629:<\/strong><\/h2>\n<div id=\"st-how-to-use_0-1\" class=\"station-tabs-content is-active\" role=\"tabpanel\" aria-labelledby=\"st-link-how-to-use_0-1\" aria-hidden=\"false\">\n<div class=\"station-tabs-content-inner\">\n<p><span class=\"metafield-multi_line_text_field\">Apr\u00e8s la lotion tonique, appliquez 2 \u00e0 3 gouttes sur la peau et tapotez doucement jusqu&rsquo;\u00e0 absorption. Veillez \u00e0 appliquer un \u00e9cran solaire apr\u00e8s l&rsquo;utilisation le matin.<\/span><\/p>\n<h2><strong>\u0627\u0644\u062a\u0631\u0643\u064a\u0628\u0629 :<\/strong><\/h2>\n<p>Eau, glyc\u00e9rine, niacinamide, acide tranexamique, butyl\u00e8ne glycol, succinate de di\u00e9thoxy\u00e9thyle, 1,2-hexanediol, arbutine, hyaluronate de sodium, alpha-arbutine, extrait de fruit de Coccinia Indica, extrait d&rsquo;Eclipta Prostrata, huile de graine de Macadamia Integrifolia, huile de fruit d&rsquo;Olea Europaea (olive), huile de graine de Simmondsia Chinensis (jojoba), huile de graine de Vitis Vinifera (raisin), extrait de Theobroma Cacao (cacao), acide hyaluronique hydrolys\u00e9, extrait de feuille de Chamaecyparis Obtusa, extrait de fleur de Prunus Persica (p\u00eache), huile de graine de Camellia Sinensis, extrait de ferment de levure, extrait de Centella Asiatica,<\/p>\n<p>extrait de feuille d&rsquo;Artemisia Princeps, ferment de Candida Bombicola\/glucose\/m\u00e9thyle de colza, Anua acide hyaluronique, pentyl\u00e8ne glycol, salicylate de b\u00e9ta\u00efne, saccharose Palmitate, l\u00e9cithine hydrog\u00e9n\u00e9e, gomme gellane, phytate de sodium, cellulose, triglyc\u00e9ride caprylique\/caprique, panth\u00e9nol, cyanocobalamine, acide polyglutamique,Anua\u00a0 acide 3-0-\u00e9thyl ascorbique, c\u00e9ramide NP, dextrine, asiaticoside, acide mad\u00e9cassique, acide asiatique, hyaluronate de dim\u00e9thylsilanol, hyaluronate de sodium hydrolys\u00e9, hyaluronate de potassium, hyaluronate d&rsquo;hydroxypropyltrimonium, polym\u00e8re crois\u00e9 d&rsquo;hyaluronate de sodium, hyaluronate de sodium dim\u00e9thylsilanol, hyaluronate de sodium ac\u00e9tyl\u00e9, gomme xanthane<\/p>\n<\/div>\n<\/div>","protected":false},"excerpt":{"rendered":"<p>DESCRIPTION :\u00a0 Un s\u00e9rum l\u00e9ger et sans parfum qui\u00a0att\u00e9nue les taches brunes pour favoriser un teint plus lumineux. Le s\u00e9rum correcteur de taches brunes ANUA Niacinamide 10 % + TXA 4 % est formul\u00e9 avec 3 puissants ingr\u00e9dients \u00e9claircissants :\u00a010 % de niacinamide, 4 % d&rsquo;acide tranexamique et 2 % d&rsquo;arbutine . Ensemble, ces ingr\u00e9dients [&hellip;]<\/p>\n","protected":false},"featured_media":148097,"comment_status":"open","ping_status":"closed","template":"","meta":{"_acf_changed":false},"product_brand":[1537],"product_cat":[102,137],"product_tag":[],"class_list":{"0":"post-144572","1":"product","2":"type-product","3":"status-publish","4":"has-post-thumbnail","6":"product_brand-anua","7":"product_cat-soin-et-bien-etre","8":"product_cat-visage","10":"first","11":"outofstock","12":"sale","13":"taxable","14":"shipping-taxable","15":"purchasable","16":"product-type-simple"},"acf":[],"_links":{"self":[{"href":"https:\/\/pharmacima.com\/ar\/wp-json\/wp\/v2\/product\/144572","targetHints":{"allow":["GET"]}}],"collection":[{"href":"https:\/\/pharmacima.com\/ar\/wp-json\/wp\/v2\/product"}],"about":[{"href":"https:\/\/pharmacima.com\/ar\/wp-json\/wp\/v2\/types\/product"}],"replies":[{"embeddable":true,"href":"https:\/\/pharmacima.com\/ar\/wp-json\/wp\/v2\/comments?post=144572"}],"wp:featuredmedia":[{"embeddable":true,"href":"https:\/\/pharmacima.com\/ar\/wp-json\/wp\/v2\/media\/148097"}],"wp:attachment":[{"href":"https:\/\/pharmacima.com\/ar\/wp-json\/wp\/v2\/media?parent=144572"}],"wp:term":[{"taxonomy":"product_brand","embeddable":true,"href":"https:\/\/pharmacima.com\/ar\/wp-json\/wp\/v2\/product_brand?post=144572"},{"taxonomy":"product_cat","embeddable":true,"href":"https:\/\/pharmacima.com\/ar\/wp-json\/wp\/v2\/product_cat?post=144572"},{"taxonomy":"product_tag","embeddable":true,"href":"https:\/\/pharmacima.com\/ar\/wp-json\/wp\/v2\/product_tag?post=144572"}],"curies":[{"name":"wp","href":"https:\/\/api.w.org\/{rel}","templated":true}]}}