{"id":144635,"date":"2024-09-15T16:19:33","date_gmt":"2024-09-15T15:19:33","guid":{"rendered":"https:\/\/pharmacima.com\/?post_type=product&#038;p=144635"},"modified":"2025-02-03T12:46:25","modified_gmt":"2025-02-03T11:46:25","slug":"ampoule-melatonisante-dw-egf-oneday-easydew","status":"publish","type":"product","link":"https:\/\/pharmacima.com\/ar\/product\/ampoule-melatonisante-dw-egf-oneday-easydew\/","title":{"rendered":"Ampoule m\u00e9latonisante DW EGF  1ml Oneday Easydew"},"content":{"rendered":"<h2><strong>\u0648\u0635\u0641 :\u00a0<\/strong><\/h2>\n<p>L&rsquo;ampoule m\u00e9latonisante Easydew DW-EGF Oneday est sp\u00e9cialement con\u00e7ue pour am\u00e9liorer les imperfections et apaiser la peau. Elle cible les imperfections profondes et intenses pr\u00e9sentes depuis plus d&rsquo;une d\u00e9cennie, r\u00e9duisant efficacement les taches de rousseur de 48 % sur le dos de la main.<\/p>\n<p>Avec une diminution de 60 % des imperfections cach\u00e9es et des pigments de m\u00e9lanine, ce produit contient une forte concentration d&rsquo;EGF, une prot\u00e9ine naturelle qui stimule la production de collag\u00e8ne et d&rsquo;\u00e9lastine pour r\u00e9duire les ridules, les rides et le rel\u00e2chement cutan\u00e9.<\/p>\n<p>Il favorise \u00e9galement la production de collag\u00e8ne et d&rsquo;acide hyaluronique, aidant \u00e0 la r\u00e9cup\u00e9ration de la peau et am\u00e9liorant l&rsquo;\u00e9lasticit\u00e9. Cette ampoule anti-imperfections a \u00e9t\u00e9 test\u00e9e pour une faible irritation et une faible sensibilit\u00e9, ce qui la rend adapt\u00e9e \u00e0 tous les types de peau. Avec l&rsquo;inclusion de trois types d&rsquo;EGF actifs de haute puret\u00e9, il a montr\u00e9 une augmentation de 99,9 % de l&rsquo;activit\u00e9 cellulaire.<\/p>\n<h2><strong>\u0627\u0633\u062a\u062e\u062f\u0627\u0645 \u0627\u0644\u0645\u0634\u0648\u0631\u0629:\u00a0<\/strong><\/h2>\n<p>Suivez ces instructions : \u00e9talez l&rsquo;ampoule Melatoning 1 ml uniform\u00e9ment sur la zone \u00e0 probl\u00e8mes, tapotez et laissez absorber.<\/p>\n<p>Assurez-vous que l&rsquo;ampoule est conserv\u00e9e avec le bouchon ferm\u00e9 et suivez l&rsquo;utilisation recommand\u00e9e pour votre probl\u00e8me de peau sp\u00e9cifique.<\/p>\n<h2><strong>\u0627\u0644\u062a\u0631\u0643\u064a\u0628\u0629 :<\/strong><\/h2>\n<p>Eau, butyl\u00e8ne glycol, glyc\u00e9rine, esters d&rsquo;acide dipenta\u00e9rythrityle hexa C5-9, diph\u00e9nyl dim\u00e9thicone, vinyl dim\u00e9thicone, niacinamide (5 %), b\u00e9ta\u00efne, propanediol, m\u00e9thylpropanediol, lysat de fermentation bifida, 1,2-hexanediol, pentyl\u00e8ne glycol, sh-oligopeptide-1 (1,5 ppm), alpha-arbutine, acide 3-O-\u00e9thyl ascorbique, acide tranexamique, glutathion, extrait de chlorella vulgaris, huile de feuille d&rsquo;origanum majorana, huile de fruit de Citrus aurantium bergamia (bergamote), extrait de fleur de Melia azadirachta, extrait de feuille d&rsquo;ocimum sanctum, huile de fleur d&rsquo;anthemis nobilis, extrait de houttuynia cordata, phosphate d&rsquo;ascorbyle de sodium, glucoside d&rsquo;ascorbyle, t\u00e9traisopalmitate d&rsquo;ascorbyle, Bisabolol, phosphate d&rsquo;ascorbyle de magn\u00e9sium, chalcone de m\u00e9thyle d&rsquo;hesp\u00e9ridine, extrait de feuille de Melia Azadirachta, extrait de Theobroma Cacao (cacao), huile de Juniperus Mexicana, extrait de racine de Curcuma Longa (curcuma), hyaluronate de sodium, extrait de Corallina Officinalis, huile d&rsquo;\u00e9corce de Citrus Grandis (pamplemousse), extrait de Tremella Fuciformis (champignon), huile de graines de tournesol, extrait de Tuber Magnatum, extrait de graine de Lupinus Albus, filtrat de fermentation de racine de Leuconostoc\/radis, chitosane, extrait de fruit de Solanum Melongena (aubergine), ur\u00e9e d&rsquo;hydroxy\u00e9thyle, polym\u00e8re crois\u00e9 de polyacrylate-6, l\u00e9cithine hydrog\u00e9n\u00e9e, glucose, acrylates\/polym\u00e8re crois\u00e9 d&rsquo;acrylate d&rsquo;alkyle en C10-30, trom\u00e9thamine, fructooligosaccharides, fructose, dilauramidoglutamide lysine de sodium, acide caprylique\/caprique Triglyc\u00e9ride, tri\u00e9thylhexano\u00efne, \u00e9thylhexylglyc\u00e9rine, \u00e9thylhexylglyc\u00e9rine, nicotinoyl dipeptide-23, ac\u00e9tyl hexapeptide-8, citrate de sodium, dipeptide-2, acide citrique, palmitoyl t\u00e9trapeptide-7, allanto\u00efne, phytate de sodium, copolym\u00e8re d&rsquo;acrylate de glyc\u00e9ryle\/acide acrylique, l\u00e9cithine, dextrine, st\u00e9aroyl glutamate de sodium, acide linol\u00e9nique, dipropyl\u00e8ne glycol, tocoph\u00e9rol, choleth-24, caprylyl\/capryl glucoside, cholest\u00e9rol, c\u00e9ramide NP, caprylyl glycol, st\u00e9areth-20, alcool, alcool t-butylique, EDTA disodique, digluconate de chlorhexidine, sorbate de potassium, limon\u00e8ne, linalol.<\/p>","protected":false},"excerpt":{"rendered":"<p>DESCRIPTION :\u00a0 L&rsquo;ampoule m\u00e9latonisante Easydew DW-EGF Oneday est sp\u00e9cialement con\u00e7ue pour am\u00e9liorer les imperfections et apaiser la peau. Elle cible les imperfections profondes et intenses pr\u00e9sentes depuis plus d&rsquo;une d\u00e9cennie, r\u00e9duisant efficacement les taches de rousseur de 48 % sur le dos de la main. Avec une diminution de 60 % des imperfections cach\u00e9es et [&hellip;]<\/p>\n","protected":false},"featured_media":144636,"comment_status":"open","ping_status":"closed","template":"","meta":{"_acf_changed":false},"product_brand":[],"product_cat":[102,137],"product_tag":[],"class_list":{"0":"post-144635","1":"product","2":"type-product","3":"status-publish","4":"has-post-thumbnail","6":"product_cat-soin-et-bien-etre","7":"product_cat-visage","9":"first","10":"outofstock","11":"sale","12":"taxable","13":"shipping-taxable","14":"purchasable","15":"product-type-simple"},"acf":[],"_links":{"self":[{"href":"https:\/\/pharmacima.com\/ar\/wp-json\/wp\/v2\/product\/144635","targetHints":{"allow":["GET"]}}],"collection":[{"href":"https:\/\/pharmacima.com\/ar\/wp-json\/wp\/v2\/product"}],"about":[{"href":"https:\/\/pharmacima.com\/ar\/wp-json\/wp\/v2\/types\/product"}],"replies":[{"embeddable":true,"href":"https:\/\/pharmacima.com\/ar\/wp-json\/wp\/v2\/comments?post=144635"}],"wp:featuredmedia":[{"embeddable":true,"href":"https:\/\/pharmacima.com\/ar\/wp-json\/wp\/v2\/media\/144636"}],"wp:attachment":[{"href":"https:\/\/pharmacima.com\/ar\/wp-json\/wp\/v2\/media?parent=144635"}],"wp:term":[{"taxonomy":"product_brand","embeddable":true,"href":"https:\/\/pharmacima.com\/ar\/wp-json\/wp\/v2\/product_brand?post=144635"},{"taxonomy":"product_cat","embeddable":true,"href":"https:\/\/pharmacima.com\/ar\/wp-json\/wp\/v2\/product_cat?post=144635"},{"taxonomy":"product_tag","embeddable":true,"href":"https:\/\/pharmacima.com\/ar\/wp-json\/wp\/v2\/product_tag?post=144635"}],"curies":[{"name":"wp","href":"https:\/\/api.w.org\/{rel}","templated":true}]}}