{"id":145166,"date":"2024-11-10T16:36:28","date_gmt":"2024-11-10T15:36:28","guid":{"rendered":"https:\/\/pharmacima.com\/?post_type=product&#038;p=145166"},"modified":"2025-03-25T17:12:23","modified_gmt":"2025-03-25T16:12:23","slug":"pack-saint-valentin-brillance","status":"publish","type":"product","link":"https:\/\/pharmacima.com\/ar\/product\/pack-saint-valentin-brillance\/","title":{"rendered":"Pack Saint Valentin Brillance"},"content":{"rendered":"<h2 data-start=\"142\" data-end=\"195\"><strong>\u0648\u0635\u0641 :<\/strong><\/h2>\n<p data-start=\"142\" data-end=\"195\"><strong data-start=\"145\" data-end=\"190\">Offrez la Beaut\u00e9 pour la Saint-Valentin !<\/strong><\/p>\n<p data-start=\"197\" data-end=\"407\">Cette Saint-Valentin, c\u00e9l\u00e9brez l\u2019amour sous son plus bel \u00e9clat avec nos <strong data-start=\"269\" data-end=\"307\">packs exclusifs maquillage &amp; dermo<\/strong> ! Offrez \u00e0 votre moiti\u00e9 \u2013 ou \u00e0 vous-m\u00eame \u2013 une exp\u00e9rience beaut\u00e9 unique, alliant soin et glamour.<\/p>\n<p data-start=\"409\" data-end=\"615\">\u2728 <strong data-start=\"411\" data-end=\"446\">Nos coffrets sont con\u00e7us pour :<\/strong><br data-start=\"446\" data-end=\"449\" \/>\u2714 Sublimer chaque teint avec des produits de qualit\u00e9<br data-start=\"501\" data-end=\"504\" \/>\u2714 Nourrir et prot\u00e9ger la peau avec des soins experts<br data-start=\"556\" data-end=\"559\" \/>\u2714 Apporter une touche de magie \u00e0 chaque routine beaut\u00e9<\/p>\n<p data-start=\"617\" data-end=\"785\">Que vous pr\u00e9f\u00e9riez un look naturel et lumineux ou un maquillage sophistiqu\u00e9 pour une soir\u00e9e sp\u00e9ciale, nos packs sont parfaits pour exprimer votre amour avec \u00e9l\u00e9gance.<\/p>\n<p data-start=\"787\" data-end=\"839\"><strong data-start=\"790\" data-end=\"834\">Edition limit\u00e9e \u2013 Ne passez pas \u00e0 c\u00f4t\u00e9 !<\/strong><\/p>\n<p data-start=\"841\" data-end=\"911\">Faites plaisir avec le cadeau id\u00e9al et commandez d\u00e8s maintenant !<\/p>","protected":false},"excerpt":{"rendered":"<p>DESCRIPTION : Offrez la Beaut\u00e9 pour la Saint-Valentin ! Cette Saint-Valentin, c\u00e9l\u00e9brez l\u2019amour sous son plus bel \u00e9clat avec nos packs exclusifs maquillage &amp; dermo ! Offrez \u00e0 votre moiti\u00e9 \u2013 ou \u00e0 vous-m\u00eame \u2013 une exp\u00e9rience beaut\u00e9 unique, alliant soin et glamour. \u2728 Nos coffrets sont con\u00e7us pour :\u2714 Sublimer chaque teint avec des [&hellip;]<\/p>\n","protected":false},"featured_media":146985,"comment_status":"open","ping_status":"closed","template":"","meta":{"_acf_changed":false},"product_brand":[],"product_cat":[296,1233,140,102],"product_tag":[1009],"class_list":{"0":"post-145166","1":"product","2":"type-product","3":"status-publish","4":"has-post-thumbnail","6":"product_cat-maquillage","7":"product_cat-levres_maquillage","8":"product_cat-mains","9":"product_cat-soin-et-bien-etre","10":"product_tag-PACK","12":"first","13":"outofstock","14":"sale","15":"taxable","16":"shipping-taxable","17":"purchasable","18":"product-type-simple"},"acf":[],"_links":{"self":[{"href":"https:\/\/pharmacima.com\/ar\/wp-json\/wp\/v2\/product\/145166","targetHints":{"allow":["GET"]}}],"collection":[{"href":"https:\/\/pharmacima.com\/ar\/wp-json\/wp\/v2\/product"}],"about":[{"href":"https:\/\/pharmacima.com\/ar\/wp-json\/wp\/v2\/types\/product"}],"replies":[{"embeddable":true,"href":"https:\/\/pharmacima.com\/ar\/wp-json\/wp\/v2\/comments?post=145166"}],"wp:featuredmedia":[{"embeddable":true,"href":"https:\/\/pharmacima.com\/ar\/wp-json\/wp\/v2\/media\/146985"}],"wp:attachment":[{"href":"https:\/\/pharmacima.com\/ar\/wp-json\/wp\/v2\/media?parent=145166"}],"wp:term":[{"taxonomy":"product_brand","embeddable":true,"href":"https:\/\/pharmacima.com\/ar\/wp-json\/wp\/v2\/product_brand?post=145166"},{"taxonomy":"product_cat","embeddable":true,"href":"https:\/\/pharmacima.com\/ar\/wp-json\/wp\/v2\/product_cat?post=145166"},{"taxonomy":"product_tag","embeddable":true,"href":"https:\/\/pharmacima.com\/ar\/wp-json\/wp\/v2\/product_tag?post=145166"}],"curies":[{"name":"wp","href":"https:\/\/api.w.org\/{rel}","templated":true}]}}