{"id":145356,"date":"2024-11-24T11:43:39","date_gmt":"2024-11-24T10:43:39","guid":{"rendered":"https:\/\/pharmacima.com\/?post_type=product&#038;p=145356"},"modified":"2025-06-05T12:51:42","modified_gmt":"2025-06-05T11:51:42","slug":"dr-seuss-one-fish-shadow-palette-i-heart-revolution","status":"publish","type":"product","link":"https:\/\/pharmacima.com\/ar\/product\/dr-seuss-one-fish-shadow-palette-i-heart-revolution\/","title":{"rendered":"Dr. Seuss One Fish Shadow Palette I Heart Revolution"},"content":{"rendered":"<h2><strong>DESCRIPTION :\u00a0<\/strong><\/h2>\n<p>D\u00e9couvrez le monde merveilleux du<strong> Dr. Seuss<\/strong>.<\/p>\n<p>Avec cette collection nostalgique remplie de couleurs \u00e9blouissantes et de textures \u00e9poustouflantes ! Cr\u00e9ez des looks tellement r\u00eaveurs inspir\u00e9s de certains de vos livres d\u2019enfance pr\u00e9f\u00e9r\u00e9s. Oh, les endroits o\u00f9 vous irez !<\/p>\n<p>Soyez vous-m\u00eame le plus cr\u00e9atif avec le I Heart Revolution x Dr. Palettes d&rsquo;ombres Seuss. Chaque palette comprend 8 fards \u00e0 paupi\u00e8res dans un m\u00e9lange de nuances et de formules pour couvrir toutes les humeurs, des mats m\u00e9talliques \u00e9blouissants aux mats ultra-doux. De plus, leur taille est id\u00e9ale pour cr\u00e9er des looks en d\u00e9placement.<\/p>\n<p>One Fish Two Fish Red Fish Blue Fish &#8211; Des m\u00e9taux chatoyants dans un m\u00e9lange de teintes primaires et neutres.<\/p>\n<p>V\u00e9g\u00e9talien et sans cruaut\u00e9.<\/p>\n<h2><strong>COMPOSITION :\u00a0<\/strong><\/h2>\n<p>Magnesium Stearate, Silica, Bis-Diglyceryl Polyacyladipate-2, Isododecane, Dimethicone, Isononyl Isononanoate, Triethoxycaprylylsilane, Tridecyl Trimellitate, Synthetic Fluorphlogopite, Tin Oxide, Synthetic Wax (Cire Synth\u00e3\u2030Tique), Phenoxyethanol, Ethylhexylglycerin. [+\/- May Contain (Peut Contenir): Ci 77891 (Titanium Dioxide), Ci 42090 (Blue 1), Ci 19140 (Yellow 5), Ci 77491 (Iron Oxide), Ci 77492 (Iron Oxide), Ci 77499 (Iron Oxide), Ci 16035 (Red 40), Ci 77007 (Ultramarines), Ci 77510 (Ferric Ferrocyanide), Ci 77742 (Manganese Violet)].<\/p>\n","protected":false},"excerpt":{"rendered":"<p>DESCRIPTION :\u00a0 D\u00e9couvrez le monde merveilleux du Dr. Seuss. Avec cette collection nostalgique remplie de couleurs \u00e9blouissantes et de textures \u00e9poustouflantes ! Cr\u00e9ez des looks tellement r\u00eaveurs inspir\u00e9s de certains de vos livres d\u2019enfance pr\u00e9f\u00e9r\u00e9s. Oh, les endroits o\u00f9 vous irez ! Soyez vous-m\u00eame le plus cr\u00e9atif avec le I Heart Revolution x Dr. Palettes [&hellip;]<\/p>\n","protected":false},"featured_media":145357,"comment_status":"open","ping_status":"closed","template":"","meta":{"_acf_changed":false},"product_brand":[],"product_cat":[296,1251],"product_tag":[],"class_list":{"0":"post-145356","1":"product","2":"type-product","3":"status-publish","4":"has-post-thumbnail","6":"product_cat-maquillage","7":"product_cat-visage_maquillage","9":"first","10":"outofstock","11":"sale","12":"taxable","13":"shipping-taxable","14":"purchasable","15":"product-type-simple"},"acf":[],"_links":{"self":[{"href":"https:\/\/pharmacima.com\/ar\/wp-json\/wp\/v2\/product\/145356","targetHints":{"allow":["GET"]}}],"collection":[{"href":"https:\/\/pharmacima.com\/ar\/wp-json\/wp\/v2\/product"}],"about":[{"href":"https:\/\/pharmacima.com\/ar\/wp-json\/wp\/v2\/types\/product"}],"replies":[{"embeddable":true,"href":"https:\/\/pharmacima.com\/ar\/wp-json\/wp\/v2\/comments?post=145356"}],"wp:featuredmedia":[{"embeddable":true,"href":"https:\/\/pharmacima.com\/ar\/wp-json\/wp\/v2\/media\/145357"}],"wp:attachment":[{"href":"https:\/\/pharmacima.com\/ar\/wp-json\/wp\/v2\/media?parent=145356"}],"wp:term":[{"taxonomy":"product_brand","embeddable":true,"href":"https:\/\/pharmacima.com\/ar\/wp-json\/wp\/v2\/product_brand?post=145356"},{"taxonomy":"product_cat","embeddable":true,"href":"https:\/\/pharmacima.com\/ar\/wp-json\/wp\/v2\/product_cat?post=145356"},{"taxonomy":"product_tag","embeddable":true,"href":"https:\/\/pharmacima.com\/ar\/wp-json\/wp\/v2\/product_tag?post=145356"}],"curies":[{"name":"wp","href":"https:\/\/api.w.org\/{rel}","templated":true}]}}