{"id":146145,"date":"2024-12-24T15:23:19","date_gmt":"2024-12-24T14:23:19","guid":{"rendered":"https:\/\/pharmacima.com\/?post_type=product&#038;p=146145"},"modified":"2025-04-13T12:30:47","modified_gmt":"2025-04-13T11:30:47","slug":"black-week-stick-solaire-et-rouge-a-levres-revolution","status":"publish","type":"product","link":"https:\/\/pharmacima.com\/ar\/product\/black-week-stick-solaire-et-rouge-a-levres-revolution\/","title":{"rendered":"Black Week Stick solaire et Rouge a levres Revolution"},"content":{"rendered":"<h2><strong>\u0648\u0635\u0641 :<\/strong><\/h2>\n<p><strong>Pack Beaut\u00e9 Soleil &amp; Sourire : Stick Solaire Beauty of Joseon + Rouge \u00e0 L\u00e8vres Revolution Edition Joker<\/strong><\/p>\n<p>\u00c9levez votre routine beaut\u00e9 avec ce pack exclusif qui combine soin et couleur. Le <strong>stick solaire<\/strong> \u0645\u0646 \u0627\u0644\u0639\u0644\u0627\u0645\u0629 \u0627\u0644\u062a\u062c\u0627\u0631\u064a\u0629 <strong>Beauty of Joseon<\/strong>, v\u00e9ritable alli\u00e9 pour votre peau, offre une protection solaire efficace tout en nourrissant et hydratant votre \u00e9piderme gr\u00e2ce \u00e0 sa formule enrichie en ingr\u00e9dients naturels. Sa texture l\u00e9g\u00e8re et non grasse permet une application facile, sans traces blanches, pour une peau douce et prot\u00e9g\u00e9e des rayons UV.<\/p>\n<p>Pour sublimer votre sourire, le <strong>Rouge \u00e0 L\u00e8vres Revolution Edition Joker<\/strong> vous offre une teinte audacieuse et \u00e9clatante, inspir\u00e9e du c\u00e9l\u00e8bre personnage. Sa texture cr\u00e9meuse et longue tenue met en valeur vos l\u00e8vres avec un fini mat impeccable, tout en apportant confort et hydratation.<\/p>\n<p>Ce duo parfait vous permet de vous prot\u00e9ger des rayons du soleil tout en arborant un look de l\u00e8vres irr\u00e9sistibles, pour une journ\u00e9e pleine de style et de confiance !<\/p>","protected":false},"excerpt":{"rendered":"<p>DESCRIPTION : Pack Beaut\u00e9 Soleil &amp; Sourire : Stick Solaire Beauty of Joseon + Rouge \u00e0 L\u00e8vres Revolution Edition Joker \u00c9levez votre routine beaut\u00e9 avec ce pack exclusif qui combine soin et couleur. Le stick solaire de la marque Beauty of Joseon, v\u00e9ritable alli\u00e9 pour votre peau, offre une protection solaire efficace tout en nourrissant [&hellip;]<\/p>\n","protected":false},"featured_media":146146,"comment_status":"open","ping_status":"closed","template":"","meta":{"_acf_changed":false},"product_brand":[],"product_cat":[296,1233,102,137],"product_tag":[1009],"class_list":{"0":"post-146145","1":"product","2":"type-product","3":"status-publish","4":"has-post-thumbnail","6":"product_cat-maquillage","7":"product_cat-levres_maquillage","8":"product_cat-soin-et-bien-etre","9":"product_cat-visage","10":"product_tag-PACK","12":"first","13":"outofstock","14":"sale","15":"taxable","16":"shipping-taxable","17":"purchasable","18":"product-type-simple"},"acf":[],"_links":{"self":[{"href":"https:\/\/pharmacima.com\/ar\/wp-json\/wp\/v2\/product\/146145","targetHints":{"allow":["GET"]}}],"collection":[{"href":"https:\/\/pharmacima.com\/ar\/wp-json\/wp\/v2\/product"}],"about":[{"href":"https:\/\/pharmacima.com\/ar\/wp-json\/wp\/v2\/types\/product"}],"replies":[{"embeddable":true,"href":"https:\/\/pharmacima.com\/ar\/wp-json\/wp\/v2\/comments?post=146145"}],"wp:featuredmedia":[{"embeddable":true,"href":"https:\/\/pharmacima.com\/ar\/wp-json\/wp\/v2\/media\/146146"}],"wp:attachment":[{"href":"https:\/\/pharmacima.com\/ar\/wp-json\/wp\/v2\/media?parent=146145"}],"wp:term":[{"taxonomy":"product_brand","embeddable":true,"href":"https:\/\/pharmacima.com\/ar\/wp-json\/wp\/v2\/product_brand?post=146145"},{"taxonomy":"product_cat","embeddable":true,"href":"https:\/\/pharmacima.com\/ar\/wp-json\/wp\/v2\/product_cat?post=146145"},{"taxonomy":"product_tag","embeddable":true,"href":"https:\/\/pharmacima.com\/ar\/wp-json\/wp\/v2\/product_tag?post=146145"}],"curies":[{"name":"wp","href":"https:\/\/api.w.org\/{rel}","templated":true}]}}