{"id":147725,"date":"2025-09-18T14:15:22","date_gmt":"2025-09-18T13:15:22","guid":{"rendered":"https:\/\/pharmacima.com\/?post_type=product&#038;p=147725"},"modified":"2026-03-30T00:31:32","modified_gmt":"2026-03-29T23:31:32","slug":"serum-hyaluronique-30ml-mary-et-may","status":"publish","type":"product","link":"https:\/\/pharmacima.com\/ar\/product\/serum-hyaluronique-30ml-mary-et-may\/","title":{"rendered":"Serum Hyaluronique 30ml Mary et May"},"content":{"rendered":"<h1><strong>\u0648\u0635\u0641 :\u00a0<\/strong><\/h1>\n<h2><strong>Mary &amp; May Hyaluronics Serum, contient 6 formes d\u2019acide hyaluronique \u00e0 poids mol\u00e9culaire variable pour une r\u00e9hydratation hyper-forte.\u00a0(Sans parfum).<\/strong><\/h2>\n<p><b><i>\u0627\u0644\u0645\u0632\u0627\u064a\u0627 \u0627\u0644\u0631\u0626\u064a\u0633\u064a\u0629:<br \/>\n<\/i><\/b>\u2013 Un s\u00e9rum formul\u00e9 avec une petite structure mol\u00e9culaire d\u2019acide hyaluronique qui p\u00e9n\u00e8tre la peau entre les cellules et hydrate de l\u2019int\u00e9rieur.<br \/>\n\u2013 Reconstitue efficacement l\u2019hydratation gr\u00e2ce \u00e0 l\u2019acide hyaluronique qui retient 1000 fois son poids en eau, laissant la peau repulp\u00e9e et souple.<br \/>\n\u2013 Contient une structure mol\u00e9culaire \u00e9lev\u00e9e d\u2019acide hyaluronique qui retient l\u2019humidit\u00e9 \u00e0 la surface de la peau et r\u00e9duit son \u00e9vaporation, maintenant la peau hydrat\u00e9e.<br \/>\n\u2013 Formul\u00e9 avec des ingr\u00e9dients verts de qualit\u00e9 v\u00e9rifi\u00e9s par EWG.<br \/>\n\u2013 Sans parab\u00e8nes, parfums et colorants artificiels, alcool, huiles min\u00e9rales, tensioactifs et allerg\u00e8nes.<\/p>\n<h2><strong>\u0627\u0633\u062a\u062e\u062f\u0627\u0645 \u0627\u0644\u0645\u0634\u0648\u0631\u0629:\u00a0<\/strong><\/h2>\n<p><b><i>\u00a0<\/i><\/b>Appliquer sur la peau apr\u00e8s la tonification et tapoter doucement.<\/p>\n<h2><strong>\u0627\u0644\u062a\u0631\u0643\u064a\u0628\u0629<\/strong> :<\/h2>\n<p><em><strong>\u00a0<\/strong><\/em>Water, Butylene Glycol, 1,2-Hexanediol, Sodium Hyaluronate (5050ppm), Sodium hyaluronate Crosspolymer (22ppm), Hydrolyzed Hyaluronic Acid (18ppm), Hyaluronic Acid (8ppm),\u00a0Sodium Hyaluronate (3ppm), Hydrolyzed Sodium Hyaluronate (1ppm), Ethylhexylglycerin, Pentylene Glycol<\/p>","protected":false},"excerpt":{"rendered":"<p>DESCRIPTION :\u00a0 Mary &amp; May Hyaluronics Serum, contient 6 formes d\u2019acide hyaluronique \u00e0 poids mol\u00e9culaire variable pour une r\u00e9hydratation hyper-forte.\u00a0(Sans parfum). Principaux avantages : \u2013 Un s\u00e9rum formul\u00e9 avec une petite structure mol\u00e9culaire d\u2019acide hyaluronique qui p\u00e9n\u00e8tre la peau entre les cellules et hydrate de l\u2019int\u00e9rieur. \u2013 Reconstitue efficacement l\u2019hydratation gr\u00e2ce \u00e0 l\u2019acide hyaluronique qui [&hellip;]<\/p>\n","protected":false},"featured_media":147726,"comment_status":"open","ping_status":"closed","template":"","meta":{"_acf_changed":false},"product_brand":[1410],"product_cat":[102,137],"product_tag":[],"class_list":{"0":"post-147725","1":"product","2":"type-product","3":"status-publish","4":"has-post-thumbnail","6":"product_brand-mary-may","7":"product_cat-soin-et-bien-etre","8":"product_cat-visage","10":"first","11":"instock","12":"sale","13":"taxable","14":"shipping-taxable","15":"purchasable","16":"product-type-simple"},"acf":[],"_links":{"self":[{"href":"https:\/\/pharmacima.com\/ar\/wp-json\/wp\/v2\/product\/147725","targetHints":{"allow":["GET"]}}],"collection":[{"href":"https:\/\/pharmacima.com\/ar\/wp-json\/wp\/v2\/product"}],"about":[{"href":"https:\/\/pharmacima.com\/ar\/wp-json\/wp\/v2\/types\/product"}],"replies":[{"embeddable":true,"href":"https:\/\/pharmacima.com\/ar\/wp-json\/wp\/v2\/comments?post=147725"}],"wp:featuredmedia":[{"embeddable":true,"href":"https:\/\/pharmacima.com\/ar\/wp-json\/wp\/v2\/media\/147726"}],"wp:attachment":[{"href":"https:\/\/pharmacima.com\/ar\/wp-json\/wp\/v2\/media?parent=147725"}],"wp:term":[{"taxonomy":"product_brand","embeddable":true,"href":"https:\/\/pharmacima.com\/ar\/wp-json\/wp\/v2\/product_brand?post=147725"},{"taxonomy":"product_cat","embeddable":true,"href":"https:\/\/pharmacima.com\/ar\/wp-json\/wp\/v2\/product_cat?post=147725"},{"taxonomy":"product_tag","embeddable":true,"href":"https:\/\/pharmacima.com\/ar\/wp-json\/wp\/v2\/product_tag?post=147725"}],"curies":[{"name":"wp","href":"https:\/\/api.w.org\/{rel}","templated":true}]}}