{"id":147828,"date":"2025-10-01T12:03:56","date_gmt":"2025-10-01T11:03:56","guid":{"rendered":"https:\/\/pharmacima.com\/?post_type=product&#038;p=147828"},"modified":"2025-12-22T14:25:28","modified_gmt":"2025-12-22T13:25:28","slug":"lait-hydratant-175ml-bi-oil","status":"publish","type":"product","link":"https:\/\/pharmacima.com\/ar\/product\/lait-hydratant-175ml-bi-oil\/","title":{"rendered":"Lait Hydratant 175ml  Bi Oil"},"content":{"rendered":"<h1><strong>\u0648\u0635\u0641 :\u00a0<\/strong><\/h1>\n<h2>Con\u00e7u pour s&rsquo;adapter \u00e0 tous les types de peaux, le\u00a0<strong>lait hydratant Bi Oil\u00a0<\/strong>est un soin nourrissant pour le corps formul\u00e9\u00a0pour\u00a0<strong>r\u00e9hydrater la peau<\/strong>\u00a0au quotidien.<\/h2>\n<p>Toutes les peaux m\u00e9ritent d&rsquo;\u00eatre chouchout\u00e9es au quotidien et cela passe tout d&rsquo;abord par une routine de soins hydratants, et plus encore lorsque la peau est s\u00e8che ou \u00e0 tendance atopique. En hydratant de mani\u00e8re r\u00e9guli\u00e8re la peau, elle est alors mieux prot\u00e9g\u00e9e face aux facteurs internes et externes qui pourraient causer son vieillissement pr\u00e9matur\u00e9. Ce lait a donc d\u00e9velopp\u00e9 le lait corps hydratant, \u00e0 utiliser sur tous les types de peaux !<\/p>\n<p>Le lait hydratant\u00a0 des Laboratoires Omega Pharma repose sur une\u00a0<strong>forte teneur en huile<\/strong>\u00a0: il permet alors d&rsquo;hydrater tous les types de peaux, y compris les peaux sensibles, et de laisser la peau incroyablement soyeuse au toucher.<\/p>\n<p>Par ailleurs, il limite les pertes en eau pour une\u00a0<strong>\u062a\u0631\u0637\u064a\u0628 \u0637\u0648\u064a\u0644 \u0627\u0644\u0623\u0645\u062f<\/strong>.\u00a0Ce lait corps hydratant est instantan\u00e9ment absorb\u00e9 par la peau sans aucun r\u00e9sidu gras, ce qui vous permet alors de vous habiller rapidement apr\u00e8s l&rsquo;avoir appliqu\u00e9. La peau est douce, intens\u00e9ment hydrat\u00e9e et soyeuse !<\/p>\n<p>&nbsp;<\/p>\n<h2><strong>\u0627\u0633\u062a\u062e\u062f\u0627\u0645 \u0627\u0644\u0645\u0634\u0648\u0631\u0629:\u00a0<\/strong><\/h2>\n<p>Le lait hydratant s&rsquo;applique environ 2 fois par jour sur une peau propre et s\u00e8che. Massez d\u00e9licatement pour faire p\u00e9n\u00e9trer.<\/p>\n<p>&nbsp;<\/p>\n<h2><strong>\u0627\u0644\u062a\u0631\u0643\u064a\u0628\u0629 : <\/strong><\/h2>\n<p><span style=\"font-size: 16px;\">Aqua, Dimethicone, Isopropyl palmitate, Ethylhexyl Cocoate, isododecane, Isopropyl\u00a0Myristate, Urea, Polyglyceryl-2 Dipolyhydroxystearate, Glycerin, Pentylene Glycol, Dicaprylyl Carbonate, Polyglyceryl-3 Diisostearate, Sodium Lactate, Dipentaerythrityl Hexacaprylate\/Hexacaprate, Gluconolactone, Rosa Canina Fruit Oil, Simmondsia Chinensis Seed Oil, Calendula Officinalis Extract, Butyrospermum Parkii Oil, Helianthus Annuus Seed Oil, Glycine Soja Oil, Isostearyl Isostearate, Bisabolol, Octyldodecyl PCA, Retinyl Palmitate, Tocopheryl Acetate, Linoleic Acid, Linolenic Acid, Tocopherol, Sodium PCA, Sodium Hyaluronate, Lactic Acid, Stearalkonium Hectorite, Propylene Carbonate.\u00a0<\/span><\/p>","protected":false},"excerpt":{"rendered":"<p>DESCRIPTION :\u00a0 Con\u00e7u pour s&rsquo;adapter \u00e0 tous les types de peaux, le\u00a0lait hydratant Bi Oil\u00a0est un soin nourrissant pour le corps formul\u00e9\u00a0pour\u00a0r\u00e9hydrater la peau\u00a0au quotidien. Toutes les peaux m\u00e9ritent d&rsquo;\u00eatre chouchout\u00e9es au quotidien et cela passe tout d&rsquo;abord par une routine de soins hydratants, et plus encore lorsque la peau est s\u00e8che ou \u00e0 tendance [&hellip;]<\/p>\n","protected":false},"featured_media":147829,"comment_status":"open","ping_status":"closed","template":"","meta":{"_acf_changed":false},"product_brand":[1415],"product_cat":[102,137],"product_tag":[],"class_list":{"0":"post-147828","1":"product","2":"type-product","3":"status-publish","4":"has-post-thumbnail","6":"product_brand-bio-oil","7":"product_cat-soin-et-bien-etre","8":"product_cat-visage","10":"first","11":"instock","12":"sale","13":"taxable","14":"shipping-taxable","15":"purchasable","16":"product-type-simple"},"acf":[],"_links":{"self":[{"href":"https:\/\/pharmacima.com\/ar\/wp-json\/wp\/v2\/product\/147828","targetHints":{"allow":["GET"]}}],"collection":[{"href":"https:\/\/pharmacima.com\/ar\/wp-json\/wp\/v2\/product"}],"about":[{"href":"https:\/\/pharmacima.com\/ar\/wp-json\/wp\/v2\/types\/product"}],"replies":[{"embeddable":true,"href":"https:\/\/pharmacima.com\/ar\/wp-json\/wp\/v2\/comments?post=147828"}],"wp:featuredmedia":[{"embeddable":true,"href":"https:\/\/pharmacima.com\/ar\/wp-json\/wp\/v2\/media\/147829"}],"wp:attachment":[{"href":"https:\/\/pharmacima.com\/ar\/wp-json\/wp\/v2\/media?parent=147828"}],"wp:term":[{"taxonomy":"product_brand","embeddable":true,"href":"https:\/\/pharmacima.com\/ar\/wp-json\/wp\/v2\/product_brand?post=147828"},{"taxonomy":"product_cat","embeddable":true,"href":"https:\/\/pharmacima.com\/ar\/wp-json\/wp\/v2\/product_cat?post=147828"},{"taxonomy":"product_tag","embeddable":true,"href":"https:\/\/pharmacima.com\/ar\/wp-json\/wp\/v2\/product_tag?post=147828"}],"curies":[{"name":"wp","href":"https:\/\/api.w.org\/{rel}","templated":true}]}}