{"id":147840,"date":"2025-10-01T13:26:18","date_gmt":"2025-10-01T12:26:18","guid":{"rendered":"https:\/\/pharmacima.com\/?post_type=product&#038;p=147840"},"modified":"2026-02-14T15:07:44","modified_gmt":"2026-02-14T14:07:44","slug":"effaclar-pain-dermatologique-imperfections","status":"publish","type":"product","link":"https:\/\/pharmacima.com\/ar\/product\/effaclar-pain-dermatologique-imperfections\/","title":{"rendered":"Effaclar Pain Dermatologique Anti Imperfections La Roche Posay"},"content":{"rendered":"<h2><strong>\u0648\u0635\u0641 :\u00a0<\/strong><\/h2>\n<h2><strong>Propos\u00e9 sous forme de\u00a0soin solide, le\u00a0pain dermatologique anti-imperfections Effaclar de La Roche-Posay\u00a0est\u00a0id\u00e9al pour r\u00e9duire les\u00a0imperfections. Il est recommand\u00e9 chez les personnes souffrant d&rsquo;acn\u00e9\u00a0et ayant des imperfections sur le visage, du fait de sa capacit\u00e9 \u00e0 \u00e9liminer efficacement l&rsquo;exc\u00e8s de s\u00e9bum.<\/strong><\/h2>\n<p>Ce\u00a0nettoyant solide\u00a0pour le\u00a0visage\u00a0nettoie, purifie et matifie tout en prot\u00e9geant la barri\u00e8re cutan\u00e9e de la peau.<\/p>\n<p>Il permet de r\u00e9duire consid\u00e9rablement les\u00a0points noirs,\u00a0boutons\u00a0et\u00a0marques r\u00e9siduelles\u00a0en 28 jours d&rsquo;utilisation.<\/p>\n<p>Sa formule concentr\u00e9e en niacinamide, vitamine E et acide lactiques combin\u00e9s \u00e0 la technologie syndet\u00a0d\u00e9sobstrue\u00a0les pores\u00a0en douceur pour une peau propre et nette sans fini gras.<\/p>\n<p>Le\u00a0pain dermatologique anti-imperfections Effaclar\u00a0est un soin non com\u00e9dog\u00e8ne test\u00e9 dermatologiquement.<\/p>\n<p>Conditionnement du\u00a0pain dermatologique anti-imperfections Effaclar propos\u00e9 par votre pharmacie : pain de 65 g.<\/p>\n<h2><strong>\u0627\u0633\u062a\u062e\u062f\u0627\u0645 \u0627\u0644\u0645\u0634\u0648\u0631\u0629:\u00a0<\/strong><\/h2>\n<p>Humidifiez le\u00a0pain dermatologique afin de le transformer en une mousse l\u00e9g\u00e8re dans le creux de vos mains, D\u00e9posez cette mousse sur votre visage en massant d\u00e9licatement votre peau tout en \u00e9vitant le contour des yeux.<\/p>\n<h2><strong>\u0627\u0644\u062a\u0631\u0643\u064a\u0628\u0629 :\u00a0<\/strong><\/h2>\n<div class=\"wrapper mt-2 mb\" data-theme=\"1\">\n<div id=\"composition\" class=\"block bg-blanc\">\n<div id=\"upcomposition\" class=\"body\">\n<p>SODIUM COCOYL ISETHIONATE \u2022 HYDROGENATED VEGETABLE OIL \u2022 AQUA \/ WATER \/ EAU \u2022 POLYGLYCERYL-4 LAURATE \u2022 GLYCERIN \u2022 SIMMONDSIA CHINENSIS SEED OIL \/ JOJOBA SEED OIL \u2022 NIACINAMIDE \u2022 TETRASODIUM GLUTAMATE DIACETATE \u2022 LACTIC ACID \u2022 TOCOPHERYL ACETATE \u2022 PARFUM \/ FRAGRANCE (F.I.L. N70037706\/1).<\/p>\n<\/div>\n<\/div>\n<\/div>","protected":false},"excerpt":{"rendered":"<p>DESCRIPTION :\u00a0 Propos\u00e9 sous forme de\u00a0soin solide, le\u00a0pain dermatologique anti-imperfections Effaclar de La Roche-Posay\u00a0est\u00a0id\u00e9al pour r\u00e9duire les\u00a0imperfections. Il est recommand\u00e9 chez les personnes souffrant d&rsquo;acn\u00e9\u00a0et ayant des imperfections sur le visage, du fait de sa capacit\u00e9 \u00e0 \u00e9liminer efficacement l&rsquo;exc\u00e8s de s\u00e9bum. Ce\u00a0nettoyant solide\u00a0pour le\u00a0visage\u00a0nettoie, purifie et matifie tout en prot\u00e9geant la barri\u00e8re cutan\u00e9e de [&hellip;]<\/p>\n","protected":false},"featured_media":147841,"comment_status":"open","ping_status":"closed","template":"","meta":{"_acf_changed":false},"product_brand":[1406],"product_cat":[102,137],"product_tag":[],"class_list":{"0":"post-147840","1":"product","2":"type-product","3":"status-publish","4":"has-post-thumbnail","6":"product_brand-la-roche-posay","7":"product_cat-soin-et-bien-etre","8":"product_cat-visage","10":"first","11":"instock","12":"taxable","13":"shipping-taxable","14":"purchasable","15":"product-type-simple"},"acf":[],"_links":{"self":[{"href":"https:\/\/pharmacima.com\/ar\/wp-json\/wp\/v2\/product\/147840","targetHints":{"allow":["GET"]}}],"collection":[{"href":"https:\/\/pharmacima.com\/ar\/wp-json\/wp\/v2\/product"}],"about":[{"href":"https:\/\/pharmacima.com\/ar\/wp-json\/wp\/v2\/types\/product"}],"replies":[{"embeddable":true,"href":"https:\/\/pharmacima.com\/ar\/wp-json\/wp\/v2\/comments?post=147840"}],"wp:featuredmedia":[{"embeddable":true,"href":"https:\/\/pharmacima.com\/ar\/wp-json\/wp\/v2\/media\/147841"}],"wp:attachment":[{"href":"https:\/\/pharmacima.com\/ar\/wp-json\/wp\/v2\/media?parent=147840"}],"wp:term":[{"taxonomy":"product_brand","embeddable":true,"href":"https:\/\/pharmacima.com\/ar\/wp-json\/wp\/v2\/product_brand?post=147840"},{"taxonomy":"product_cat","embeddable":true,"href":"https:\/\/pharmacima.com\/ar\/wp-json\/wp\/v2\/product_cat?post=147840"},{"taxonomy":"product_tag","embeddable":true,"href":"https:\/\/pharmacima.com\/ar\/wp-json\/wp\/v2\/product_tag?post=147840"}],"curies":[{"name":"wp","href":"https:\/\/api.w.org\/{rel}","templated":true}]}}