{"id":147846,"date":"2025-10-01T15:26:52","date_gmt":"2025-10-01T14:26:52","guid":{"rendered":"https:\/\/pharmacima.com\/?post_type=product&#038;p=147846"},"modified":"2026-03-31T16:53:01","modified_gmt":"2026-03-31T15:53:01","slug":"dercos-shampooing-200ml-demelant-vichy","status":"publish","type":"product","link":"https:\/\/pharmacima.com\/ar\/product\/dercos-shampooing-200ml-demelant-vichy\/","title":{"rendered":"Dercos Shampooing 200ml D\u00e9m\u00ealant Anti-Pelliculaire 2en1 Vichy"},"content":{"rendered":"<h2><strong>\u0648\u0635\u0641 :\u00a0<\/strong><\/h2>\n<p>Vichy Adapt\u00e9 aux <strong>\u0641\u0631\u0648\u0629 \u0627\u0644\u0631\u0623\u0633 \u0627\u0644\u062d\u0633\u0627\u0633\u0629<\/strong>\u00a0et aux cheveux color\u00e9s, ce\u00a0<strong>\u0634\u0627\u0645\u0628\u0648<\/strong>\u00a0\u00e9limine les pellicules d\u00e8s la premi\u00e8re utilisation en offrant une action anti-r\u00e9cidive pendant 6 semaines. Sa formule test\u00e9e sous contr\u00f4le dermatologique contribue \u00e0 r\u00e9\u00e9quilibrer le microbiome du cuir chevelu caract\u00e9ristique des \u00e9tats pelliculaires.<\/p>\n<p>\u0627\u0644\u00a0<strong>shampooing d\u00e9m\u00ealant traitant anti-pelliculaire 2en1 Dercos<\/strong>\u00a0permet de retrouver un cuir chevelu sain ainsi que des cheveux revitalis\u00e9s. Il att\u00e9nue de ce fait les d\u00e9mangeaisons.<\/p>\n<p>Sa formule riche en acide hyaluronique et disulfure de s\u00e9l\u00e9nium apporte un soin intense \u00e0 la fibre capillaire tout en la d\u00e9barrassant des pellicules.<\/p>\n<p>\u0647\u0630\u0627\u00a0<strong>soin anti pelliculaire Dercos<\/strong>\u00a0laisse les cheveux faciles \u00e0 d\u00e9m\u00ealer, doux et brillants. Sa texture cr\u00e8me et son parfum frais \u00e0 la mandarine feront de votre shampooing un moment de d\u00e9tente et de confort.<\/p>\n<h2><strong>\u0627\u0633\u062a\u062e\u062f\u0627\u0645 \u0627\u0644\u0645\u0634\u0648\u0631\u0629:\u00a0<\/strong><\/h2>\n<p>Agitez le flacon avant utilisation. Appliquez le\u00a0<strong>shampooing d\u00e9m\u00ealant anti-pelliculaire Dercos<\/strong>\u00a0sur cheveux humides, massez puis laissez agir 2 minutes. Rincez abondamment \u00e0 l&rsquo;eau claire.<\/p>\n<p>Il est conseill\u00e9 d&rsquo;utiliser ce produit en cure 3 fois par semaine pendant 4 semaines.<\/p>\n<h2><strong>\u0627\u0644\u062a\u0631\u0643\u064a\u0628\u0629 :\u00a0<\/strong><\/h2>\n<div class=\"wrapper mt-2 mb\" data-theme=\"1\">\n<div id=\"composition\" class=\"block bg-blanc\">\n<div id=\"upcomposition\" class=\"body\">\n<p>aqua \/ water \/ eau \u2022 sodium laureth sulfate \u2022 dimethicone \u2022 Vichy glycol distearate \u2022 coco-betaine \u2022 glycerin \u2022 ppg-5-ceteth-20 \u2022 selenium sulfide \u2022 carbomer \u2022 ci 47005 \/ acid yellow 3 \u2022 citric acid \u2022 menthol \u2022 2-oleamido-1,3-octadecanediol \u2022 salicylic acid \u2022 sodium benzoate \u2022Vichy\u00a0 sodium chloride \u2022 sodium hyaluronate \u2022 sodium hydroxide \u2022 tocopheryl acetate \u2022 parfum \/ fragrance.<\/p>\n<\/div>\n<\/div>\n<\/div>","protected":false},"excerpt":{"rendered":"<p>DESCRIPTION :\u00a0 Vichy Adapt\u00e9 aux cuirs chevelus sensibles\u00a0et aux cheveux color\u00e9s, ce\u00a0shampooing\u00a0\u00e9limine les pellicules d\u00e8s la premi\u00e8re utilisation en offrant une action anti-r\u00e9cidive pendant 6 semaines. Sa formule test\u00e9e sous contr\u00f4le dermatologique contribue \u00e0 r\u00e9\u00e9quilibrer le microbiome du cuir chevelu caract\u00e9ristique des \u00e9tats pelliculaires. Le\u00a0shampooing d\u00e9m\u00ealant traitant anti-pelliculaire 2en1 Dercos\u00a0permet de retrouver un cuir chevelu [&hellip;]<\/p>\n","protected":false},"featured_media":147847,"comment_status":"open","ping_status":"closed","template":"","meta":{"_acf_changed":false},"product_brand":[1423],"product_cat":[102,138],"product_tag":[],"class_list":{"0":"post-147846","1":"product","2":"type-product","3":"status-publish","4":"has-post-thumbnail","6":"product_brand-vichy","7":"product_cat-soin-et-bien-etre","8":"product_cat-cheveux_","10":"first","11":"instock","12":"taxable","13":"shipping-taxable","14":"purchasable","15":"product-type-simple"},"acf":[],"_links":{"self":[{"href":"https:\/\/pharmacima.com\/ar\/wp-json\/wp\/v2\/product\/147846","targetHints":{"allow":["GET"]}}],"collection":[{"href":"https:\/\/pharmacima.com\/ar\/wp-json\/wp\/v2\/product"}],"about":[{"href":"https:\/\/pharmacima.com\/ar\/wp-json\/wp\/v2\/types\/product"}],"replies":[{"embeddable":true,"href":"https:\/\/pharmacima.com\/ar\/wp-json\/wp\/v2\/comments?post=147846"}],"wp:featuredmedia":[{"embeddable":true,"href":"https:\/\/pharmacima.com\/ar\/wp-json\/wp\/v2\/media\/147847"}],"wp:attachment":[{"href":"https:\/\/pharmacima.com\/ar\/wp-json\/wp\/v2\/media?parent=147846"}],"wp:term":[{"taxonomy":"product_brand","embeddable":true,"href":"https:\/\/pharmacima.com\/ar\/wp-json\/wp\/v2\/product_brand?post=147846"},{"taxonomy":"product_cat","embeddable":true,"href":"https:\/\/pharmacima.com\/ar\/wp-json\/wp\/v2\/product_cat?post=147846"},{"taxonomy":"product_tag","embeddable":true,"href":"https:\/\/pharmacima.com\/ar\/wp-json\/wp\/v2\/product_tag?post=147846"}],"curies":[{"name":"wp","href":"https:\/\/api.w.org\/{rel}","templated":true}]}}