{"id":147920,"date":"2025-10-13T12:31:14","date_gmt":"2025-10-13T11:31:14","guid":{"rendered":"https:\/\/pharmacima.com\/?post_type=product&#038;p=147920"},"modified":"2026-04-26T21:47:24","modified_gmt":"2026-04-26T20:47:24","slug":"baume-levres-seches-le-petit-olivier","status":"publish","type":"product","link":"https:\/\/pharmacima.com\/ar\/product\/baume-levres-seches-le-petit-olivier\/","title":{"rendered":"Baume Levres Seches Huile dArgan 4g  Le petit Olivier"},"content":{"rendered":"<h2><strong>\u0648\u0635\u0641 :\u00a0<\/strong><\/h2>\n<p>Le Baume L\u00e8vres Nourrissant Le Petit Olivier nourrit intens\u00e9ment les l\u00e8vres s\u00e8ches. Sa formule riche en Huile d\u2019Argan et Beurre de Karit\u00e9 apporte confort et souplesse gr\u00e2ce \u00e0 des huiles et cires 100 % naturelles.<\/p>\n<p>&#x2714; Nourrit et prot\u00e8ge<br \/>\n&#x2714; Huiles 100 % d\u2019origine v\u00e9g\u00e9tale<br \/>\n&#x2714; Fabriqu\u00e9 en France, note Yuka 93\/100<\/p>\n<h3>Baume L\u00e8vres Nourrissant Huile d&rsquo;Argan<\/h3>\n<p>\u00c9labor\u00e9 \u00e0 partir d\u2019Huiles et de cires 100 % d\u2019origine naturelle, le Baume L\u00e8vres Nourrissant Le Petit Olivier \u00e0 l\u2019Huile d\u2019Argan poss\u00e8de des propri\u00e9t\u00e9s nourrissantes. Enrichi en Huile d&rsquo;Argan et en Beurre de Karit\u00e9, ce stick l\u00e8vres procure une sensation imm\u00e9diate de confort, assouplit et nourrit intens\u00e9ment les l\u00e8vres s\u00e8ches.<\/p>\n<p><strong>\u0646\u0635\u0627\u0626\u062d \u0627\u0644\u0627\u0633\u062a\u0639\u0645\u0627\u0644<\/strong>: Appliquez sur les l\u00e8vres autant de fois que n\u00e9cessaire pour nourrir intens\u00e9ment les l\u00e8vres s\u00e8ches.<\/p>\n<p>R\u00e9sultats : prot\u00e9g\u00e9es du dess\u00e8chement, les l\u00e8vres sont plus lisses, douces et sublim\u00e9es.<\/p>\n<h2><strong>\u0627\u0644\u062a\u0631\u0643\u064a\u0628\u0629 :\u00a0<\/strong><\/h2>\n<p>Riche en om\u00e9ga-9 et om\u00e9ga-6, l&rsquo;Huile d&rsquo;Argan est une huile pr\u00e9cieuse reconnue depuis des si\u00e8cles pour pr\u00e9server la souplesse et la beaut\u00e9 de la peau gr\u00e2ce \u00e0 ses vertus nourrissantes.<\/p>","protected":false},"excerpt":{"rendered":"<p>DESCRIPTION :\u00a0 Le Baume L\u00e8vres Nourrissant Le Petit Olivier nourrit intens\u00e9ment les l\u00e8vres s\u00e8ches. Sa formule riche en Huile d\u2019Argan et Beurre de Karit\u00e9 apporte confort et souplesse gr\u00e2ce \u00e0 des huiles et cires 100 % naturelles. &#x2714; Nourrit et prot\u00e8ge &#x2714; Huiles 100 % d\u2019origine v\u00e9g\u00e9tale &#x2714; Fabriqu\u00e9 en France, note Yuka 93\/100 Baume [&hellip;]<\/p>\n","protected":false},"featured_media":147922,"comment_status":"open","ping_status":"closed","template":"","meta":{"_acf_changed":false},"product_brand":[1529],"product_cat":[102,710],"product_tag":[],"class_list":{"0":"post-147920","1":"product","2":"type-product","3":"status-publish","4":"has-post-thumbnail","6":"product_brand-le-petit-olivier","7":"product_cat-soin-et-bien-etre","8":"product_cat-levres","10":"first","11":"instock","12":"sale","13":"taxable","14":"shipping-taxable","15":"purchasable","16":"product-type-simple"},"acf":[],"_links":{"self":[{"href":"https:\/\/pharmacima.com\/ar\/wp-json\/wp\/v2\/product\/147920","targetHints":{"allow":["GET"]}}],"collection":[{"href":"https:\/\/pharmacima.com\/ar\/wp-json\/wp\/v2\/product"}],"about":[{"href":"https:\/\/pharmacima.com\/ar\/wp-json\/wp\/v2\/types\/product"}],"replies":[{"embeddable":true,"href":"https:\/\/pharmacima.com\/ar\/wp-json\/wp\/v2\/comments?post=147920"}],"wp:featuredmedia":[{"embeddable":true,"href":"https:\/\/pharmacima.com\/ar\/wp-json\/wp\/v2\/media\/147922"}],"wp:attachment":[{"href":"https:\/\/pharmacima.com\/ar\/wp-json\/wp\/v2\/media?parent=147920"}],"wp:term":[{"taxonomy":"product_brand","embeddable":true,"href":"https:\/\/pharmacima.com\/ar\/wp-json\/wp\/v2\/product_brand?post=147920"},{"taxonomy":"product_cat","embeddable":true,"href":"https:\/\/pharmacima.com\/ar\/wp-json\/wp\/v2\/product_cat?post=147920"},{"taxonomy":"product_tag","embeddable":true,"href":"https:\/\/pharmacima.com\/ar\/wp-json\/wp\/v2\/product_tag?post=147920"}],"curies":[{"name":"wp","href":"https:\/\/api.w.org\/{rel}","templated":true}]}}