{"id":147985,"date":"2025-10-20T16:56:11","date_gmt":"2025-10-20T15:56:11","guid":{"rendered":"https:\/\/pharmacima.com\/?post_type=product&#038;p=147985"},"modified":"2025-12-30T11:17:01","modified_gmt":"2025-12-30T10:17:01","slug":"creme-hydratante-vitamine-50ml-garnier","status":"publish","type":"product","link":"https:\/\/pharmacima.com\/ar\/product\/creme-hydratante-vitamine-50ml-garnier\/","title":{"rendered":"Cr\u00e8me hydratante Vitamine C \u00e9clat quotidien 50ml Garnier"},"content":{"rendered":"<h2><strong>\u0648\u0635\u0641 :\u00a0<\/strong><\/h2>\n<p>Garnier La cr\u00e8me hydratante certifi\u00e9e Bio est concentr\u00e9e en Vitamine C* et en agrumes pour une peau nourrie, plus lisse et plus \u00e9clatante jour apr\u00e8s jour ! La Vitamine C est un actif dermatologique reconnu pour aider \u00e0 booster et am\u00e9liorer l&rsquo;\u00e9clat de la peau.<\/p>\n<p>Les Agrumes sont des ingr\u00e9dients naturels connus pour leurs propri\u00e9t\u00e9s illuminatrices. *D\u00e9riv\u00e9 de Vitamine C<\/p>\n<p>\u0646\u062a\u0627\u0626\u062c :<br \/>\nApr\u00e8s 1 utilisation la peau est hydrat\u00e9e 24h et plus ferme. **<br \/>\nEn 14 jours la peau semble plus lisse, plus lumineuse et plus raffermie. ***<br \/>\nEn 28 jours les ridules sont r\u00e9duites. ****<br \/>\n** Test instrumental sur 24 sujets *** Auto \u00e9valuation sur 52 femmes **** Test clinique sur 40 femmes<\/p>\n<h2><strong>\u0627\u0633\u062a\u062e\u062f\u0627\u0645 \u0627\u0644\u0645\u0634\u0648\u0631\u0629:<\/strong><\/h2>\n<div id=\"panel-how_to_use\" class=\"product-note\" tabindex=\"0\" role=\"tabpanel\" aria-labelledby=\"tab-how_to_use\">\n<div id=\"how_to_use\" class=\"collapse collapse-active\">\n<div id=\"collapse767273\" class=\"collapse__content collapse__content--collapsed\">\n<div class=\"product-note__description richtext\">\n<p>Appliquez quotidiennement cette cr\u00e8me onctueuse sur visage propre, en massant en mouvements circulaires pour une absorption optimale.<\/p>\n<\/div>\n<\/div>\n<\/div>\n<\/div>\n<div id=\"panel-ingredients\" class=\"product-note\" tabindex=\"0\" role=\"tabpanel\" aria-labelledby=\"tab-ingredients\">\n<h2 id=\"ingredients\" class=\"collapse\"><strong>\u0627\u0644\u062a\u0631\u0643\u064a\u0628\u0629 :\u00a0<\/strong><\/h2>\n<p>INGREDIENTS: AQUA \/ WATER \u2022 DICAPRYLYL ETHER \u2022 CAPRYLIC\/CAPRIC TRIGLYCERIDE \u2022 CETEARYL ALCOHOL \u2022 GLYCERIN \u2022 SIMMONDSIA CHINENSIS SEED OIL \/ JOJOBA SEED OIL \u2022 PROPANEDIOL \u2022 GLYCERYL STEARATE CITRATE \u2022 GLYCERYL STEARATE \u2022 garnier; PENTYLENE GLYCOL \u2022 ARGANIA SPINOSA KERNEL OIL \u2022 ALOE BARBADENSIS LEAF JUICE POWDER \u2022 CITRUS PARADISI FRUIT EXTRACT \/ GRAPEFRUIT FRUIT EXTRACT \u2022 CALCIUM PCA \u2022 GLYCERYL STEARATE SE \u2022 SODIUM PHYTATE \u2022 ARGININE \u2022 ALCOHOL \u2022 ASCORBYL GLUCOSIDE \u2022 CITRIC ACID \u2022 XANTHAN GUM \u2022 TOCOPHEROL \u2022 SALICYLIC ACID \u2022 MICA \u2022 CI 77891 \/ TITANIUM DIOXIDE \u2022 LINALOOL \u2022 GERANIOL \u2022 LIMONENE \u2022 CITRAL \u2022 BENZYL ALCOHOL \u2022 PARFUM<\/p>\n<\/div>","protected":false},"excerpt":{"rendered":"<p>DESCRIPTION :\u00a0 Garnier La cr\u00e8me hydratante certifi\u00e9e Bio est concentr\u00e9e en Vitamine C* et en agrumes pour une peau nourrie, plus lisse et plus \u00e9clatante jour apr\u00e8s jour ! La Vitamine C est un actif dermatologique reconnu pour aider \u00e0 booster et am\u00e9liorer l&rsquo;\u00e9clat de la peau. Les Agrumes sont des ingr\u00e9dients naturels connus pour [&hellip;]<\/p>\n","protected":false},"featured_media":147986,"comment_status":"open","ping_status":"closed","template":"","meta":{"_acf_changed":false},"product_brand":[1532],"product_cat":[102,137],"product_tag":[],"class_list":{"0":"post-147985","1":"product","2":"type-product","3":"status-publish","4":"has-post-thumbnail","6":"product_brand-garnier","7":"product_cat-soin-et-bien-etre","8":"product_cat-visage","10":"first","11":"outofstock","12":"sale","13":"taxable","14":"shipping-taxable","15":"purchasable","16":"product-type-simple"},"acf":[],"_links":{"self":[{"href":"https:\/\/pharmacima.com\/ar\/wp-json\/wp\/v2\/product\/147985","targetHints":{"allow":["GET"]}}],"collection":[{"href":"https:\/\/pharmacima.com\/ar\/wp-json\/wp\/v2\/product"}],"about":[{"href":"https:\/\/pharmacima.com\/ar\/wp-json\/wp\/v2\/types\/product"}],"replies":[{"embeddable":true,"href":"https:\/\/pharmacima.com\/ar\/wp-json\/wp\/v2\/comments?post=147985"}],"wp:featuredmedia":[{"embeddable":true,"href":"https:\/\/pharmacima.com\/ar\/wp-json\/wp\/v2\/media\/147986"}],"wp:attachment":[{"href":"https:\/\/pharmacima.com\/ar\/wp-json\/wp\/v2\/media?parent=147985"}],"wp:term":[{"taxonomy":"product_brand","embeddable":true,"href":"https:\/\/pharmacima.com\/ar\/wp-json\/wp\/v2\/product_brand?post=147985"},{"taxonomy":"product_cat","embeddable":true,"href":"https:\/\/pharmacima.com\/ar\/wp-json\/wp\/v2\/product_cat?post=147985"},{"taxonomy":"product_tag","embeddable":true,"href":"https:\/\/pharmacima.com\/ar\/wp-json\/wp\/v2\/product_tag?post=147985"}],"curies":[{"name":"wp","href":"https:\/\/api.w.org\/{rel}","templated":true}]}}