{"id":147995,"date":"2025-10-21T12:05:13","date_gmt":"2025-10-21T11:05:13","guid":{"rendered":"https:\/\/pharmacima.com\/?post_type=product&#038;p=147995"},"modified":"2026-03-09T12:09:18","modified_gmt":"2026-03-09T11:09:18","slug":"creme-lanoline-hpa-10ml-lansinoh","status":"publish","type":"product","link":"https:\/\/pharmacima.com\/ar\/product\/creme-lanoline-hpa-10ml-lansinoh\/","title":{"rendered":"Cr\u00e8me Lanoline HPA 10ml Lansinoh"},"content":{"rendered":"<h1><strong>\u0648\u0635\u0641 :<\/strong><\/h1>\n<h2>La Cr\u00e8me Lanoline HPA\u00ae Lansinoh apaise et prot\u00e8ge les mamelons douloureux et fissur\u00e9s. Compos\u00e9e de 100% de lanoline pure, elle acc\u00e9l\u00e8re la cicatrisation en cr\u00e9ant un film protecteur et hydratant. Hypoallerg\u00e9nique et sans additifs, elle est s\u00fbre \u00e0 utiliser pendant l&rsquo;allaitement sans besoin de rin\u00e7age. Id\u00e9ale aussi pour d&rsquo;autres affections cutan\u00e9es, elle est fabriqu\u00e9e en Nouvelle-Z\u00e9lande et certifi\u00e9e Halal.<\/h2>\n<p>La cr\u00e8me lanoline HPA\u00ae Lansinoh permet d&rsquo;apaiser et de prot\u00e9ger les mamelons douloureux et fissur\u00e9s. Elle offre un soulagement indispensable pour les m\u00e8res qui allaitent.<\/p>\n<p>L&rsquo;application de la cr\u00e8me lanoline HPA\u00ae Lansinoh permet une cicatrisation optimale, car elle cr\u00e9e un film protecteur contre l\u2019humidit\u00e9, de sorte que la peau est r\u00e9hydrat\u00e9e \u00e0 l&rsquo;int\u00e9rieur et acc\u00e9l\u00e8re ainsi la cicatrisation sans formation de cro\u00fbte. Un autre avantage de la gu\u00e9rison de la plaie humide est un soulagement imm\u00e9diat de la douleur.<\/p>\n<p>La cr\u00e8me lanoline HPA\u00ae contient 100% de lanoline et rien d\u2019autre : pas d&rsquo;antioxydants, de produits chimiques, sans conservateurs ou autres additifs. 100% naturelle et totalement hypoallerg\u00e9nique, la cr\u00e8me n&rsquo;a pas besoin d&rsquo;\u00eatre retir\u00e9e avant d&rsquo;allaiter. Elle n&rsquo;a pas de go\u00fbt, de couleur ou de parfum, un atout important qui contribue \u00e0 la r\u00e9ussite de l&rsquo;allaitement maternel prolong\u00e9.<\/p>\n<p>La cr\u00e8me lanoline HPA\u00ae est le seul produit de lanoline et la seule cr\u00e8me de protection pour mamelons \u00e0 avoir re\u00e7u le label British Allergy Foundation of Approval.<\/p>\n<h2><strong>\u0627\u0633\u062a\u062e\u062f\u0627\u0645 \u0627\u0644\u0645\u0634\u0648\u0631\u0629:<\/strong><\/h2>\n<p><strong>Utilisation de la cr\u00e8me Lanoline HPA :<\/strong>\u00a0Apr\u00e8s chaque t\u00e9t\u00e9e, applique une petite quantit\u00e9 de cr\u00e8me sur les mamelons propres. Ramollis-la entre tes doigts avant de l\u2019\u00e9taler sur toute la surface du mamelon.<\/p>\n<h2><strong>\u0627\u0644\u062a\u0631\u0643\u064a\u0628\u0629 :<\/strong><\/h2>\n<ul>\n<li>\u0627\u0644\u0644\u0627\u0646\u0648\u0644\u064a\u0646<\/li>\n<\/ul>","protected":false},"excerpt":{"rendered":"<p>DESCRIPTION : La Cr\u00e8me Lanoline HPA\u00ae Lansinoh apaise et prot\u00e8ge les mamelons douloureux et fissur\u00e9s. Compos\u00e9e de 100% de lanoline pure, elle acc\u00e9l\u00e8re la cicatrisation en cr\u00e9ant un film protecteur et hydratant. Hypoallerg\u00e9nique et sans additifs, elle est s\u00fbre \u00e0 utiliser pendant l&rsquo;allaitement sans besoin de rin\u00e7age. Id\u00e9ale aussi pour d&rsquo;autres affections cutan\u00e9es, elle est [&hellip;]<\/p>\n","protected":false},"featured_media":148586,"comment_status":"open","ping_status":"closed","template":"","meta":{"_acf_changed":false},"product_brand":[1533],"product_cat":[102,139],"product_tag":[],"class_list":{"0":"post-147995","1":"product","2":"type-product","3":"status-publish","4":"has-post-thumbnail","6":"product_brand-lansinoh","7":"product_cat-soin-et-bien-etre","8":"product_cat-corps_","10":"first","11":"instock","12":"sale","13":"taxable","14":"shipping-taxable","15":"purchasable","16":"product-type-simple"},"acf":[],"_links":{"self":[{"href":"https:\/\/pharmacima.com\/ar\/wp-json\/wp\/v2\/product\/147995","targetHints":{"allow":["GET"]}}],"collection":[{"href":"https:\/\/pharmacima.com\/ar\/wp-json\/wp\/v2\/product"}],"about":[{"href":"https:\/\/pharmacima.com\/ar\/wp-json\/wp\/v2\/types\/product"}],"replies":[{"embeddable":true,"href":"https:\/\/pharmacima.com\/ar\/wp-json\/wp\/v2\/comments?post=147995"}],"wp:featuredmedia":[{"embeddable":true,"href":"https:\/\/pharmacima.com\/ar\/wp-json\/wp\/v2\/media\/148586"}],"wp:attachment":[{"href":"https:\/\/pharmacima.com\/ar\/wp-json\/wp\/v2\/media?parent=147995"}],"wp:term":[{"taxonomy":"product_brand","embeddable":true,"href":"https:\/\/pharmacima.com\/ar\/wp-json\/wp\/v2\/product_brand?post=147995"},{"taxonomy":"product_cat","embeddable":true,"href":"https:\/\/pharmacima.com\/ar\/wp-json\/wp\/v2\/product_cat?post=147995"},{"taxonomy":"product_tag","embeddable":true,"href":"https:\/\/pharmacima.com\/ar\/wp-json\/wp\/v2\/product_tag?post=147995"}],"curies":[{"name":"wp","href":"https:\/\/api.w.org\/{rel}","templated":true}]}}