{"id":148066,"date":"2025-10-27T12:03:30","date_gmt":"2025-10-27T11:03:30","guid":{"rendered":"https:\/\/pharmacima.com\/?post_type=product&#038;p=148066"},"modified":"2026-04-12T13:42:58","modified_gmt":"2026-04-12T12:42:58","slug":"masque-exfoliant-talons-1-pair-scholl","status":"publish","type":"product","link":"https:\/\/pharmacima.com\/ar\/product\/masque-exfoliant-talons-1-pair-scholl\/","title":{"rendered":"Masque Exfoliant Talons 1 pair Scholl"},"content":{"rendered":"<h2><strong>DESCRIPTION :\u00a0<\/strong><\/h2>\n<h2>masque exfoliant talons scholl : des pieds tout doux en 1\u00a0seule application !<\/h2>\n<p>Callosit\u00e9s,\u00a0s\u00e9cheresse, rugosit\u00e9s&#8230; les talons peuvent parfois pr\u00e9senter ces caract\u00e9ristiques peu esth\u00e9tiques. Le\u00a0<strong>masque exfoliant talons Scholl<\/strong>\u00a0a \u00e9t\u00e9 con\u00e7u pour apporter un\u00a0<strong>effet peeling<\/strong>\u00a0sans r\u00e2per ni gommer. Il est impr\u00e9gn\u00e9 d&rsquo;une solution \u00e0 base d&rsquo;AHA et d&rsquo;extraits de fruits pour exfolier la peau des talons et \u00e9liminer les peaux mortes. La formule du\u00a0<strong>masque exfoliant Scholl<\/strong>\u00a0est ainsi compos\u00e9e\u00a0d&rsquo;acides lactique, glycolique et salicylique qui offrent une exfoliation chimique.<\/p>\n<p>Ils sont associ\u00e9s \u00e0 de l&rsquo;ur\u00e9e dont les propri\u00e9t\u00e9s k\u00e9ratolytiques aident \u00e0\u00a0\u00e9liminer les\u00a0rugosit\u00e9s et \u00e0 lisser la peau. On retrouve \u00e9galement un\u00a0extrait d&rsquo;\u00e9rable \u00e0 sucre qui contient des acides malique et tartrique. Des\u00a0extraits d&rsquo;orange, de citron et de myrtille et un\u00a0extrait de sucre de canne viennent renforcer l&rsquo;action exfoliante.<\/p>\n<p>Ce\u00a0<strong>masque pieds exfoliant<\/strong>\u00a0permet d&rsquo;avoir des\u00a0talons visiblement plus lisses et plus doux pendant 4 semaines. L&rsquo;exfoliation commence 3 \u00e0 5 jours apr\u00e8s l&rsquo;utilisation\u00a0et \u00e9limine la quasi-totalit\u00e9 des\u00a0callosit\u00e9s. Pr\u00eat \u00e0 l&#8217;emploi, le masque est tr\u00e8s facile \u00e0 utiliser et remplace parfaitement la traditionnelle r\u00e2pe.<\/p>\n<h2><strong>COMPOSITION :<\/strong><\/h2>\n<div class=\"md:grid md:grid-cols-12 gap-6\">\n<div class=\"col-span-full md:col-span-8 lg:col-span-9 space-y-4 xs:space-y-6 sm:space-y-8 md:space-y-12\">\n<div id=\"composition\" class=\"p-4 lg:p-6 space-y-4 border border-zinc-200 rounded-xl relative overflow-clip prose prose-sm dark:prose-invert max-w-full clear-both\">\n<div id=\"upcomposition\" class=\"[&amp;&gt;p:last-child]:mb-0\">Alcohol denat., aqua, S-lactic acid, urea, glycolic acid, glycerin, 1,2-hexanediol, parfum, sodium citrate, hydroxyethylcellulose, butylene glycol, dipropylene glycol, PEG-60 hydrogenated castor oil, salicylic acid, betaine, menthol, tocopheryl acetate, disodium EDTA, phenoxyethanol, acer saccharum (sugar maple) extract, citrus aurantium dulcis (orange) fruit extract, citrus limon (lemon) fruit extract, saccharum officinarum (sugarcane) extract, vaccinium myrtillus fruit\/leaf extract, disodium phosphate, polysorbate 60, ethylhexylglycerin, denatonium benzoate, sodium phosphate, lepidium meyenii root extract, nelumbo nucifera root extract, tamarindus indica seed extract<\/div>\n<\/div>\n<\/div>\n<\/div>\n","protected":false},"excerpt":{"rendered":"<p>DESCRIPTION :\u00a0 masque exfoliant talons scholl : des pieds tout doux en 1\u00a0seule application ! Callosit\u00e9s,\u00a0s\u00e9cheresse, rugosit\u00e9s&#8230; les talons peuvent parfois pr\u00e9senter ces caract\u00e9ristiques peu esth\u00e9tiques. Le\u00a0masque exfoliant talons Scholl\u00a0a \u00e9t\u00e9 con\u00e7u pour apporter un\u00a0effet peeling\u00a0sans r\u00e2per ni gommer. Il est impr\u00e9gn\u00e9 d&rsquo;une solution \u00e0 base d&rsquo;AHA et d&rsquo;extraits de fruits pour exfolier la peau [&hellip;]<\/p>\n","protected":false},"featured_media":148067,"comment_status":"open","ping_status":"closed","template":"","meta":{"_acf_changed":false},"product_brand":[1534],"product_cat":[102,713],"product_tag":[],"class_list":{"0":"post-148066","1":"product","2":"type-product","3":"status-publish","4":"has-post-thumbnail","6":"product_brand-scholl","7":"product_cat-soin-et-bien-etre","8":"product_cat-pieds","10":"first","11":"outofstock","12":"sale","13":"taxable","14":"shipping-taxable","15":"purchasable","16":"product-type-simple"},"acf":[],"_links":{"self":[{"href":"https:\/\/pharmacima.com\/ar\/wp-json\/wp\/v2\/product\/148066","targetHints":{"allow":["GET"]}}],"collection":[{"href":"https:\/\/pharmacima.com\/ar\/wp-json\/wp\/v2\/product"}],"about":[{"href":"https:\/\/pharmacima.com\/ar\/wp-json\/wp\/v2\/types\/product"}],"replies":[{"embeddable":true,"href":"https:\/\/pharmacima.com\/ar\/wp-json\/wp\/v2\/comments?post=148066"}],"wp:featuredmedia":[{"embeddable":true,"href":"https:\/\/pharmacima.com\/ar\/wp-json\/wp\/v2\/media\/148067"}],"wp:attachment":[{"href":"https:\/\/pharmacima.com\/ar\/wp-json\/wp\/v2\/media?parent=148066"}],"wp:term":[{"taxonomy":"product_brand","embeddable":true,"href":"https:\/\/pharmacima.com\/ar\/wp-json\/wp\/v2\/product_brand?post=148066"},{"taxonomy":"product_cat","embeddable":true,"href":"https:\/\/pharmacima.com\/ar\/wp-json\/wp\/v2\/product_cat?post=148066"},{"taxonomy":"product_tag","embeddable":true,"href":"https:\/\/pharmacima.com\/ar\/wp-json\/wp\/v2\/product_tag?post=148066"}],"curies":[{"name":"wp","href":"https:\/\/api.w.org\/{rel}","templated":true}]}}