{"id":148068,"date":"2025-10-27T12:15:11","date_gmt":"2025-10-27T11:15:11","guid":{"rendered":"https:\/\/pharmacima.com\/?post_type=product&#038;p=148068"},"modified":"2025-12-10T10:58:19","modified_gmt":"2025-12-10T09:58:19","slug":"dilatateur-nasal-anti-ronflement-quies","status":"publish","type":"product","link":"https:\/\/pharmacima.com\/ar\/product\/dilatateur-nasal-anti-ronflement-quies\/","title":{"rendered":"dilatateur nasal anti-ronflement Quies"},"content":{"rendered":"<h2><strong>\u0648\u0635\u0641 :\u00a0<\/strong><\/h2>\n<p>Quies pour Dormir avec un nez congestionn\u00e9 ou une cloison nasale d\u00e9vi\u00e9e peut favoriser le ronflement nasal.<\/p>\n<p>Le principe du dilatateur anti-ronflement Quies?\u00a0 \u00a0En \u00e9cartant l\u00e9g\u00e8rement les narines du ronfleur, il permet\u00a0 \u00e0 l\u2019air de passer plus facilement et \u00e9vite ainsi la respiration buccale plus propice au ronflement.<\/p>\n<p>Tr\u00e8s simple \u00e0 utiliser, le dilatateur nasal est r\u00e9utilisable pendant 3 mois. Gr\u00e2ce \u00e0 son mode d\u2019action purement m\u00e9canique, le dilatateur anti-ronflement Quies constitue donc une solution naturelle et efficace contre le ronflement.<\/p>\n<p>Le dilatateur nasal anti-ronflement Quies (appel\u00e9 \u00e9galement \u00e9carteur nasal ou clip) procure imm\u00e9diatement une sensation de plus ample respiration, diminuant ainsi le ronflement.<\/p>\n<p>Le dilatateur nasal anti-ronflement \u00e9carte d\u00e9licatement les ailes du nez afin de faciliter la respiration par le nez. Il peut \u00e9galement \u00eatre utilis\u00e9 lors d\u2019activit\u00e9s sportives (running, cyclisme\u2026). En effet, il permet d\u2019augmenter la quantit\u00e9 d\u2019air inspir\u00e9e par le nez, plus chaud et plus filtr\u00e9 que l\u2019air inspir\u00e9 par la bouche, am\u00e9liorant ainsi les performances sportives.<\/p>\n<h2><strong>\u0627\u0633\u062a\u062e\u062f\u0627\u0645 \u0627\u0644\u0645\u0634\u0648\u0631\u0629:\u00a0<\/strong><\/h2>\n<p>Le dilatateur doit \u00eatre rinc\u00e9 avant et apr\u00e8s usage.<\/p>\n<p>Au cours de la premi\u00e8re utilisation, regardez-vous dans un miroir, pour introduire correctement le dilatateur. Il est bien plac\u00e9 quand les deux ailettes \u00e9cartent les deux fosses nasales et que l\u2019attache, qui relie les deux ailettes, touche bien la cloison nasale. Chaque dilatateur peut \u00eatre utilis\u00e9 pendant une p\u00e9riode de 3 mois et doit \u00eatre renouvel\u00e9 apr\u00e8s ce d\u00e9lai.<\/p>\n<p>Le dilatateur doit \u00eatre uniquement introduit dans le nez pour ouvrir les fosses nasales.<\/p>\n<h2><strong>\u0627\u0644\u062a\u0631\u0643\u064a\u0628\u0629 :\u00a0<\/strong><\/h2>\n<p>Le dilatateur est fabriqu\u00e9 avec une mati\u00e8re plastique souple, inodore et conforme aux normes m\u00e9dicales en vigueur (S.E.B.S.)<\/p>","protected":false},"excerpt":{"rendered":"<h3><strong>Taille : Grand\u00a0<\/strong><\/h3>\n<p><em><strong>3 mois d&rsquo;utilisation\u00a0<\/strong><\/em><\/p>","protected":false},"featured_media":148069,"comment_status":"open","ping_status":"closed","template":"","meta":{"_acf_changed":false},"product_brand":[1422],"product_cat":[102,96],"product_tag":[],"class_list":{"0":"post-148068","1":"product","2":"type-product","3":"status-publish","4":"has-post-thumbnail","6":"product_brand-quies","7":"product_cat-soin-et-bien-etre","8":"product_cat-hygiene-protection","10":"first","11":"outofstock","12":"sale","13":"taxable","14":"shipping-taxable","15":"purchasable","16":"product-type-simple"},"acf":[],"_links":{"self":[{"href":"https:\/\/pharmacima.com\/ar\/wp-json\/wp\/v2\/product\/148068","targetHints":{"allow":["GET"]}}],"collection":[{"href":"https:\/\/pharmacima.com\/ar\/wp-json\/wp\/v2\/product"}],"about":[{"href":"https:\/\/pharmacima.com\/ar\/wp-json\/wp\/v2\/types\/product"}],"replies":[{"embeddable":true,"href":"https:\/\/pharmacima.com\/ar\/wp-json\/wp\/v2\/comments?post=148068"}],"wp:featuredmedia":[{"embeddable":true,"href":"https:\/\/pharmacima.com\/ar\/wp-json\/wp\/v2\/media\/148069"}],"wp:attachment":[{"href":"https:\/\/pharmacima.com\/ar\/wp-json\/wp\/v2\/media?parent=148068"}],"wp:term":[{"taxonomy":"product_brand","embeddable":true,"href":"https:\/\/pharmacima.com\/ar\/wp-json\/wp\/v2\/product_brand?post=148068"},{"taxonomy":"product_cat","embeddable":true,"href":"https:\/\/pharmacima.com\/ar\/wp-json\/wp\/v2\/product_cat?post=148068"},{"taxonomy":"product_tag","embeddable":true,"href":"https:\/\/pharmacima.com\/ar\/wp-json\/wp\/v2\/product_tag?post=148068"}],"curies":[{"name":"wp","href":"https:\/\/api.w.org\/{rel}","templated":true}]}}