{"id":148116,"date":"2025-10-28T18:12:43","date_gmt":"2025-10-28T17:12:43","guid":{"rendered":"https:\/\/pharmacima.com\/?post_type=product&#038;p=148116"},"modified":"2026-03-28T10:00:20","modified_gmt":"2026-03-28T09:00:20","slug":"birch-juice-hydratant-solaire-spf50-50ml-round-lab","status":"publish","type":"product","link":"https:\/\/pharmacima.com\/ar\/product\/birch-juice-hydratant-solaire-spf50-50ml-round-lab\/","title":{"rendered":"Birch Juice Hydratant solaire SPF50+ 50ml Round Lab"},"content":{"rendered":"<h2><strong>\u0648\u0635\u0641 :\u00a0<\/strong><\/h2>\n<h2><strong>La Birch Juice Moisturizing Sun Cream SPF50+ PA++++ de Round Lab est une cr\u00e8me solaire visage \u00e0 large spectre qui allie protection UV tr\u00e8s \u00e9lev\u00e9e et soin hydratant. Fruits de la philosophie de la marque \u2014 puret\u00e9, ingr\u00e9dients naturels, efficacit\u00e9 quotidienne \u2014 elle cible \u00e0 la fois l\u2019exposition solaire et le maintien d\u2019une peau saine et hydrat\u00e9e<\/strong><\/h2>\n<h3 data-start=\"529\" data-end=\"558\">Points cl\u00e9s &amp; b\u00e9n\u00e9fices<\/h3>\n<ul data-start=\"559\" data-end=\"1193\">\n<li data-start=\"559\" data-end=\"706\">\n<p data-start=\"561\" data-end=\"706\">Protection solaire : <strong data-start=\"582\" data-end=\"592\">\u0639\u0627\u0645\u0644 \u062d\u0645\u0627\u064a\u0629 \u0645\u0646 \u0627\u0644\u0634\u0645\u0633 50+<\/strong> \u0648 <strong data-start=\"596\" data-end=\"606\">PA++++<\/strong>, ce qui indique une forte protection contre les UVA et UVB.<\/p>\n<\/li>\n<li data-start=\"707\" data-end=\"897\">\n<p data-start=\"709\" data-end=\"897\">Ingr\u00e9dients hydratants &amp; apaisants : s\u00e8ve de bouleau (\u00ab birch juice \u00bb) utilis\u00e9e pour ses min\u00e9raux et acides amin\u00e9s, acide hyaluronique, niacinamide.<\/p>\n<\/li>\n<li data-start=\"898\" data-end=\"1053\">\n<p data-start=\"900\" data-end=\"1053\">Texture : con\u00e7ue pour \u00eatre l\u00e9g\u00e8re, non-grasse, sans film blanc \u2014 adapt\u00e9e \u00e0 un usage quotidien et sous maquillage.<\/p>\n<\/li>\n<li data-start=\"1054\" data-end=\"1193\">\n<p data-start=\"1056\" data-end=\"1193\">Convient \u00e0 tous types de peau, y compris les peaux sensibles.<\/p>\n<\/li>\n<\/ul>\n<h2><strong>\u0627\u0633\u062a\u062e\u062f\u0627\u0645 \u0627\u0644\u0645\u0634\u0648\u0631\u0629:\u00a0\u00a0<\/strong><\/h2>\n<ul>\n<li data-start=\"1761\" data-end=\"1902\">\n<p data-start=\"1764\" data-end=\"1902\">Utiliser en <strong data-start=\"1776\" data-end=\"1794\">derni\u00e8re \u00e9tape<\/strong> de votre routine soin (apr\u00e8s hydratant) pour le visage et le cou.<\/p>\n<\/li>\n<li data-start=\"1903\" data-end=\"2029\">\n<p data-start=\"1906\" data-end=\"2029\">Appliquer une quantit\u00e9 suffisante (~2 doigts ou quantit\u00e9 standard pour le visage) 15-30 minutes avant exposition solaire.<\/p>\n<\/li>\n<li data-start=\"2030\" data-end=\"2153\">\n<p data-start=\"2033\" data-end=\"2153\">Renouveler l\u2019application toutes les 2 heures ou apr\u00e8s baignade, transpiration.<\/p>\n<\/li>\n<li data-start=\"2154\" data-end=\"2231\">\n<p data-start=\"2157\" data-end=\"2231\">Peut \u00eatre utilis\u00e9e chaque jour comme soin principal anti-UV + hydratation.<\/p>\n<\/li>\n<\/ul>\n<h2><strong>\u0627\u0644\u062a\u0631\u0643\u064a\u0628\u0629 :\u00a0<\/strong><\/h2>\n<p>Eau, adipate de dibutyle, propyl\u00e8nediol, benzoate de di\u00e9thylamino hydroxybenzoyl hexyle, polym\u00e9thylsilsesquioxane, \u00e9thylhexyl triazone, niacinamide, m\u00e9thyl\u00e8ne bis-benzotriazolyl t\u00e9tram\u00e9thylbutylph\u00e9nol, coco-caprylate\/caprate, caprylyl m\u00e9thicone, di\u00e9thylhexyl butamido triazone, glyc\u00e9rine, round lab 1,2-hexanediol, butyl\u00e8ne glycol, jus de Betula platyphyla japonica, hyaluronate de sodium, acide hyaluronique, glyc\u00e9ryl glucoside, glycyrrhizate dipotassique, allanto\u00efne, extrait de pourpier, extrait d&rsquo;artemisia annua, huile de feuille de pin sylvestre, huile de fleur d&rsquo;anthemis nobilis, acrylates\/polym\u00e8re crois\u00e9 d&rsquo;acrylate d&rsquo;alkyle en C10-30, st\u00e9aroyl glutamate de sodium, polym\u00e8re crois\u00e9 de polyacrylate-6,round lab \u00c9thylhexylglyc\u00e9rine, acide ascorbique, ad\u00e9nosine, pentyl\u00e8ne glycol, alcool b\u00e9h\u00e9nylique, acrylate d&rsquo;alkyle en C10-30, dist\u00e9arate de polyglyc\u00e9ryl-3 m\u00e9thylglucose,round lab glucoside de d\u00e9cyle, trom\u00e9thamine, gomme xanthane, alcool t-butylique, tocoph\u00e9rol, carbom\u00e8re<\/p>","protected":false},"excerpt":{"rendered":"<p>DESCRIPTION :\u00a0 La Birch Juice Moisturizing Sun Cream SPF50+ PA++++ de Round Lab est une cr\u00e8me solaire visage \u00e0 large spectre qui allie protection UV tr\u00e8s \u00e9lev\u00e9e et soin hydratant. Fruits de la philosophie de la marque \u2014 puret\u00e9, ingr\u00e9dients naturels, efficacit\u00e9 quotidienne \u2014 elle cible \u00e0 la fois l\u2019exposition solaire et le maintien d\u2019une [&hellip;]<\/p>\n","protected":false},"featured_media":148117,"comment_status":"open","ping_status":"closed","template":"","meta":{"_acf_changed":false},"product_brand":[1540],"product_cat":[102,137],"product_tag":[],"class_list":{"0":"post-148116","1":"product","2":"type-product","3":"status-publish","4":"has-post-thumbnail","6":"product_brand-round-lab","7":"product_cat-soin-et-bien-etre","8":"product_cat-visage","10":"first","11":"instock","12":"sale","13":"taxable","14":"shipping-taxable","15":"purchasable","16":"product-type-simple"},"acf":[],"_links":{"self":[{"href":"https:\/\/pharmacima.com\/ar\/wp-json\/wp\/v2\/product\/148116","targetHints":{"allow":["GET"]}}],"collection":[{"href":"https:\/\/pharmacima.com\/ar\/wp-json\/wp\/v2\/product"}],"about":[{"href":"https:\/\/pharmacima.com\/ar\/wp-json\/wp\/v2\/types\/product"}],"replies":[{"embeddable":true,"href":"https:\/\/pharmacima.com\/ar\/wp-json\/wp\/v2\/comments?post=148116"}],"wp:featuredmedia":[{"embeddable":true,"href":"https:\/\/pharmacima.com\/ar\/wp-json\/wp\/v2\/media\/148117"}],"wp:attachment":[{"href":"https:\/\/pharmacima.com\/ar\/wp-json\/wp\/v2\/media?parent=148116"}],"wp:term":[{"taxonomy":"product_brand","embeddable":true,"href":"https:\/\/pharmacima.com\/ar\/wp-json\/wp\/v2\/product_brand?post=148116"},{"taxonomy":"product_cat","embeddable":true,"href":"https:\/\/pharmacima.com\/ar\/wp-json\/wp\/v2\/product_cat?post=148116"},{"taxonomy":"product_tag","embeddable":true,"href":"https:\/\/pharmacima.com\/ar\/wp-json\/wp\/v2\/product_tag?post=148116"}],"curies":[{"name":"wp","href":"https:\/\/api.w.org\/{rel}","templated":true}]}}