{"id":148123,"date":"2025-10-29T13:23:01","date_gmt":"2025-10-29T12:23:01","guid":{"rendered":"https:\/\/pharmacima.com\/?post_type=product&#038;p=148123"},"modified":"2026-03-02T12:30:25","modified_gmt":"2026-03-02T11:30:25","slug":"seoul-1988-serum-retinal-liposome-k-secret","status":"publish","type":"product","link":"https:\/\/pharmacima.com\/ar\/product\/seoul-1988-serum-retinal-liposome-k-secret\/","title":{"rendered":"SEOUL 1988 Serum Retinal Liposome 2% Black Ginseng 30ml K secret"},"content":{"rendered":"<h2><strong>\u0648\u0635\u0641 :\u00a0<\/strong><\/h2>\n<p>K Secret Seoul 1988 Serum : Retinal Liposome 2% + Black Ginseng 30ml est un s\u00e9rum anti-\u00e2ge enrichi \u00e0 2% de Retinal Liposome et de Black Ginseng pour favoriser un teint jeune et \u00e9clatant.<\/p>\n<p>K Secret Seoul 1988 Serum : Retinal Liposome 2% + Black Ginseng 30ml est un s\u00e9rum anti-\u00e2ge enrichi \u00e0 2% de Retinal Liposome et de Black Ginseng pour favoriser un teint jeune et \u00e9clatant.<\/p>\n<ul>\n<li>Le liposome r\u00e9tinien aide \u00e0 pr\u00e9venir le vieillissement cutan\u00e9, comme les ridules, les rides, le teint et la texture in\u00e9gaux de la peau.<\/li>\n<li>L\u2019extrait de ginseng noir offre des bienfaits antioxydants pour la protection de la peau.<\/li>\n<li>Soin anti-rides \u00e0 la texture onctueuse et \u00e0 absorption rapide.<\/li>\n<li>\u0645\u0646\u0627\u0633\u0628 \u0644\u062c\u0645\u064a\u0639 \u0623\u0646\u0648\u0627\u0639 \u0627\u0644\u0628\u0634\u0631\u0629.<\/li>\n<\/ul>\n<p>NFUS\u00c9 DE LIPOSOME R\u00c9TINAL \u00c0 2 % : contribue \u00e0 att\u00e9nuer l&rsquo;apparence des ridules, du teint irr\u00e9gulier et du grain de peau rugueux pour une peau plus lisse et plus \u00e9clatante.<\/p>\n<ul class=\"a-unordered-list a-vertical a-spacing-mini\">\n<li class=\"a-spacing-mini\"><span class=\"a-list-item\"><span dir=\"auto\">COMPLEXE STIMULANT R\u00c9TINIEN : Formul\u00e9 \u00e0 base d&rsquo;extrait de ginseng noir, de bakuchiol, de vitamine C, de 3 peptides et de niacinamide, ce complexe riche en antioxydants affine les pores, lisse le grain de peau et favorise un teint plus \u00e9quilibr\u00e9.<\/span><\/span><\/li>\n<\/ul>\n<h2><strong>\u0627\u0633\u062a\u062e\u062f\u0627\u0645 \u0627\u0644\u0645\u0634\u0648\u0631\u0629:<\/strong><\/h2>\n<ul>\n<li data-start=\"1737\" data-end=\"1872\">\n<p data-start=\"1740\" data-end=\"1872\"><strong data-start=\"1740\" data-end=\"1764\">Moment d\u2019application<\/strong> : uniquement <strong data-start=\"1778\" data-end=\"1789\">le soir<\/strong>, apr\u00e8s avoir nettoy\u00e9 et tonifi\u00e9 la peau.<\/p>\n<\/li>\n<li data-start=\"1873\" data-end=\"1999\">\n<p data-start=\"1876\" data-end=\"1999\">Pr\u00e9levez une petite quantit\u00e9 (\u00e9quivalent \u00ab pois \u00bb ou 1-2 pompes selon packaging).<\/p>\n<\/li>\n<li data-start=\"2000\" data-end=\"2133\">\n<p data-start=\"2003\" data-end=\"2133\">Appliquez sur visage (et cou si souhait\u00e9), massez doucement jusqu\u2019\u00e0 absorption compl\u00e8te.<\/p>\n<\/li>\n<\/ul>\n<h2><strong>\u0627\u0644\u062a\u0631\u0643\u064a\u0628\u0629 :\u00a0<\/strong><\/h2>\n<p>Panax Ginseng Root Extract, Water, Glycerin, Dipropylene Glycol, Caprylic\/ Capric Triglyceride, 1,2-Hexanediol, Niacinamide, Butylene Glycol, Methyl Gluceth-20, Polyglyce- ryl-3 Methylglucose Distearate, Hydrogenated Lecithin, Sorbitan Stearate, Ammonium Acryloyl- dimethyltaurate\/VP Copolymer, Macadamia Ternifolia Seed Oil, Carbomer, Tromethamine, Betaine, Tocopherol, Ethylhexylglycerin, Helian- thus Annuus (Sunflower) Seed Oil, Adenosine, Disodium EDTA, Cholesterol, Polyglyceryl-10 Oleate, Brassica Campestris (Rapeseed) Sterols,<\/p>\n<p>Phytosteryl\/Behenyl\/Octyldodecyl Lauroyl Glutamate, Retinal, Silica, Aluminum\/Magnesium Hydroxide Stearate, Potassium Cetyl Phosphate, Pentaerythrityl Tetra-Di-T-k secret Butyl Hydroxyhy- drocinnamate, Arctium Lappa Root Extract, Cnidium Officinale Root Extract, Dioscorea Japonica Root Extract, k secret Paeonia Suffruticosa Root Extract, Rehmannia Chinensis Root Extract, 3-0-Ethyl Ascorbic Acid, Bakuchiol, k secret SH-Oligopep- tide-1, SH-Oligopeptide-2, SH-Polypeptide-1<\/p>","protected":false},"excerpt":{"rendered":"<p>DESCRIPTION :\u00a0 K Secret Seoul 1988 Serum : Retinal Liposome 2% + Black Ginseng 30ml est un s\u00e9rum anti-\u00e2ge enrichi \u00e0 2% de Retinal Liposome et de Black Ginseng pour favoriser un teint jeune et \u00e9clatant. K Secret Seoul 1988 Serum : Retinal Liposome 2% + Black Ginseng 30ml est un s\u00e9rum anti-\u00e2ge enrichi \u00e0 [&hellip;]<\/p>\n","protected":false},"featured_media":148124,"comment_status":"open","ping_status":"closed","template":"","meta":{"_acf_changed":false},"product_brand":[1539],"product_cat":[102,137],"product_tag":[],"class_list":{"0":"post-148123","1":"product","2":"type-product","3":"status-publish","4":"has-post-thumbnail","6":"product_brand-k-secret","7":"product_cat-soin-et-bien-etre","8":"product_cat-visage","10":"first","11":"instock","12":"taxable","13":"shipping-taxable","14":"purchasable","15":"product-type-simple"},"acf":[],"_links":{"self":[{"href":"https:\/\/pharmacima.com\/ar\/wp-json\/wp\/v2\/product\/148123","targetHints":{"allow":["GET"]}}],"collection":[{"href":"https:\/\/pharmacima.com\/ar\/wp-json\/wp\/v2\/product"}],"about":[{"href":"https:\/\/pharmacima.com\/ar\/wp-json\/wp\/v2\/types\/product"}],"replies":[{"embeddable":true,"href":"https:\/\/pharmacima.com\/ar\/wp-json\/wp\/v2\/comments?post=148123"}],"wp:featuredmedia":[{"embeddable":true,"href":"https:\/\/pharmacima.com\/ar\/wp-json\/wp\/v2\/media\/148124"}],"wp:attachment":[{"href":"https:\/\/pharmacima.com\/ar\/wp-json\/wp\/v2\/media?parent=148123"}],"wp:term":[{"taxonomy":"product_brand","embeddable":true,"href":"https:\/\/pharmacima.com\/ar\/wp-json\/wp\/v2\/product_brand?post=148123"},{"taxonomy":"product_cat","embeddable":true,"href":"https:\/\/pharmacima.com\/ar\/wp-json\/wp\/v2\/product_cat?post=148123"},{"taxonomy":"product_tag","embeddable":true,"href":"https:\/\/pharmacima.com\/ar\/wp-json\/wp\/v2\/product_tag?post=148123"}],"curies":[{"name":"wp","href":"https:\/\/api.w.org\/{rel}","templated":true}]}}