{"id":148126,"date":"2025-10-29T13:43:01","date_gmt":"2025-10-29T12:43:01","guid":{"rendered":"https:\/\/pharmacima.com\/?post_type=product&#038;p=148126"},"modified":"2026-04-10T20:57:51","modified_gmt":"2026-04-10T19:57:51","slug":"serum-6-peptide-complex-30ml-mary-et-may","status":"publish","type":"product","link":"https:\/\/pharmacima.com\/ar\/product\/serum-6-peptide-complex-30ml-mary-et-may\/","title":{"rendered":"Serum 6 Peptide Complex 30ml Mary et May"},"content":{"rendered":"<h1>\u0648\u0635\u0641<strong> :<\/strong><\/h1>\n<h2><strong><span dir=\"auto\">Le s\u00e9rum MARY\u00a0 MAY 6 Peptide Complex est un s\u00e9rum visage enrichi de six peptides diff\u00e9rents pour stimuler la r\u00e9g\u00e9n\u00e9ration cutan\u00e9e et att\u00e9nuer l&rsquo;apparence des rides, il redonne fermet\u00e9 et hydratation \u00e0 la peau, sa formule l\u00e9g\u00e8re et \u00e0 absorption rapide ne laisse aucun film gras.<\/span><\/strong><\/h2>\n<p><span dir=\"auto\"> Compos\u00e9e d&rsquo;ingr\u00e9dients certifi\u00e9s EWG Green Grade, elle est exempte de parab\u00e8nes, de parfums et colorants artificiels, d&rsquo;alcool, d&rsquo;huiles min\u00e9rales, de tensioactifs et d&rsquo;allerg\u00e8nes.<\/span><\/p>\n<p><span dir=\"auto\"> Ce s\u00e9rum pr\u00e9vient les signes avanc\u00e9s du vieillissement et contribue \u00e0 raffermir et hydrater la peau.<\/span><\/p>\n<h2><strong>\u0627\u0633\u062a\u062e\u062f\u0627\u0645 \u0627\u0644\u0645\u0634\u0648\u0631\u0629:\u00a0<\/strong><\/h2>\n<ul>\n<li><span dir=\"auto\">Pr\u00e9levez la quantit\u00e9 appropri\u00e9e \u00e0 l&rsquo;aide du compte-gouttes.<\/span><\/li>\n<li><span dir=\"auto\">Massez d\u00e9licatement la peau en suivant son grain.<\/span><\/li>\n<li><span dir=\"auto\">R\u00e9appliquer sur le contour des yeux secs.<\/span><\/li>\n<\/ul>\n<h2><strong>\u0627\u0644\u062a\u0631\u0643\u064a\u0628\u0629 :\u00a0<\/strong><\/h2>\n<p><span dir=\"auto\">Eau purifi\u00e9e, glyc\u00e9reth-26, 1,2-hexanediol, butyl\u00e8ne glycol, glyc\u00e9rine, Mary may arginine, carbom\u00e8re, \u00e9thylhexylglyc\u00e9rine, laurate de polyglyc\u00e9ryl-10, ad\u00e9nosine, caprylyl glycol, tripeptide de cuivre-1 (2 ppm), hexapeptide-11 (2 ppm), hexapeptide-9 (2 ppm), palmitoyl pentapeptide-4 (2 ppm), palmitoyl tripeptide-1 (2 ppm), tripeptide-1 (2 ppm)<\/span><\/p>","protected":false},"excerpt":{"rendered":"<p>DESCRIPTION : Le s\u00e9rum MARY\u00a0 MAY 6 Peptide Complex est un s\u00e9rum visage enrichi de six peptides diff\u00e9rents pour stimuler la r\u00e9g\u00e9n\u00e9ration cutan\u00e9e et att\u00e9nuer l&rsquo;apparence des rides, il redonne fermet\u00e9 et hydratation \u00e0 la peau, sa formule l\u00e9g\u00e8re et \u00e0 absorption rapide ne laisse aucun film gras. Compos\u00e9e d&rsquo;ingr\u00e9dients certifi\u00e9s EWG Green Grade, elle [&hellip;]<\/p>\n","protected":false},"featured_media":148128,"comment_status":"open","ping_status":"closed","template":"","meta":{"_acf_changed":false},"product_brand":[1410],"product_cat":[102,137],"product_tag":[],"class_list":{"0":"post-148126","1":"product","2":"type-product","3":"status-publish","4":"has-post-thumbnail","6":"product_brand-mary-may","7":"product_cat-soin-et-bien-etre","8":"product_cat-visage","10":"first","11":"instock","12":"sale","13":"taxable","14":"shipping-taxable","15":"purchasable","16":"product-type-simple"},"acf":[],"_links":{"self":[{"href":"https:\/\/pharmacima.com\/ar\/wp-json\/wp\/v2\/product\/148126","targetHints":{"allow":["GET"]}}],"collection":[{"href":"https:\/\/pharmacima.com\/ar\/wp-json\/wp\/v2\/product"}],"about":[{"href":"https:\/\/pharmacima.com\/ar\/wp-json\/wp\/v2\/types\/product"}],"replies":[{"embeddable":true,"href":"https:\/\/pharmacima.com\/ar\/wp-json\/wp\/v2\/comments?post=148126"}],"wp:featuredmedia":[{"embeddable":true,"href":"https:\/\/pharmacima.com\/ar\/wp-json\/wp\/v2\/media\/148128"}],"wp:attachment":[{"href":"https:\/\/pharmacima.com\/ar\/wp-json\/wp\/v2\/media?parent=148126"}],"wp:term":[{"taxonomy":"product_brand","embeddable":true,"href":"https:\/\/pharmacima.com\/ar\/wp-json\/wp\/v2\/product_brand?post=148126"},{"taxonomy":"product_cat","embeddable":true,"href":"https:\/\/pharmacima.com\/ar\/wp-json\/wp\/v2\/product_cat?post=148126"},{"taxonomy":"product_tag","embeddable":true,"href":"https:\/\/pharmacima.com\/ar\/wp-json\/wp\/v2\/product_tag?post=148126"}],"curies":[{"name":"wp","href":"https:\/\/api.w.org\/{rel}","templated":true}]}}