{"id":148129,"date":"2025-10-29T13:50:21","date_gmt":"2025-10-29T12:50:21","guid":{"rendered":"https:\/\/pharmacima.com\/?post_type=product&#038;p=148129"},"modified":"2026-02-16T10:32:07","modified_gmt":"2026-02-16T09:32:07","slug":"centella-asiatica-serum-30ml-mary-et-may","status":"publish","type":"product","link":"https:\/\/pharmacima.com\/ar\/product\/centella-asiatica-serum-30ml-mary-et-may\/","title":{"rendered":"Centella asiatica serum 30ml Mary et May"},"content":{"rendered":"<h1><strong>\u0648\u0635\u0641 :\u00a0<\/strong><\/h1>\n<h2><strong>Le s\u00e9rum Centella Asiatica est un soin apaisant et calmant con\u00e7u pour les peaux sensibles et irrit\u00e9es, enrichi en extrait de Centella Asiatica, ce s\u00e9rum r\u00e9duit efficacement les rougeurs, renforce la barri\u00e8re cutan\u00e9e et favorise un teint plus \u00e9clatant.<\/strong><\/h2>\n<p>Sa formule douce utilise des ingr\u00e9dients class\u00e9s EWG Green Grade, garantissant s\u00e9curit\u00e9 et compatibilit\u00e9 avec tous les types de peau, m\u00eame les plus sensibles. L\u00e9ger et \u00e0 absorption rapide, ce s\u00e9rum laisse la peau fra\u00eeche et souple.<\/p>\n<h3><strong>\u0641\u0648\u0627\u0626\u062f:\u00a0<\/strong><\/h3>\n<p><span dir=\"auto\">1. Un s\u00e9rum \u00e0 absorption rapide contenant 95 % d&rsquo;extrait de Centella Asiatica pour apaiser instantan\u00e9ment les peaux sensibles et irrit\u00e9es, sans laisser de film gras.<\/span><\/p>\n<p><span dir=\"auto\">2. Offre une puissante action antibact\u00e9rienne qui favorise la r\u00e9g\u00e9n\u00e9ration cutan\u00e9e et am\u00e9liore l&rsquo;\u00e9lasticit\u00e9 de la peau.<\/span><\/p>\n<p><span dir=\"auto\">3. Formul\u00e9 avec des ingr\u00e9dients certifi\u00e9s \u00e9cologiques par l&rsquo;EWG.<\/span><\/p>\n<p><span dir=\"auto\">4. Sans tests sur les animaux et sans 16 ingr\u00e9dients nocifs\u00a0: parab\u00e8nes, parfums et colorants artificiels, alcool, huile min\u00e9rale, tensioactifs et allerg\u00e8nes.<\/span><\/p>\n<p><span dir=\"auto\">5. Test\u00e9 dermatologiquement.<\/span><\/p>\n<h2><strong>\u0627\u0633\u062a\u062e\u062f\u0627\u0645 \u0627\u0644\u0645\u0634\u0648\u0631\u0629:\u00a0<\/strong><\/h2>\n<p><span dir=\"auto\">Pr\u00e9levez une quantit\u00e9 appropri\u00e9e \u00e0 l&rsquo;\u00e9tape essence ou ampoule de votre routine de soin et appliquez uniform\u00e9ment sur la peau.<\/span><\/p>\n<h2><strong>\u0627\u0644\u062a\u0631\u0643\u064a\u0628\u0629 :\u00a0<\/strong><\/h2>\n<div class=\"product-description rte rte--column accordion-neighbor\">\n<div class=\"tabs-wrapper\">\n<div class=\"product-accordion\" data-accordion-group=\"\">\n<div class=\"accordion__wrapper\">\n<div id=\"description-3\" class=\"accordion__body\" data-accordion-body=\"\">\n<p><span class=\"metafield-multi_line_text_field\"><span dir=\"auto\">Extrait de Centella Asiatica (95 %), Glycereth-26, 1,2-Hexanediol, Arginine, Carbomer, Ethylhexylglyc\u00e9rine, Caprylyl Glycol<\/span><\/span><\/p>\n<\/div>\n<\/div>\n<\/div>\n<\/div>\n<\/div>","protected":false},"excerpt":{"rendered":"<p>DESCRIPTION :\u00a0 Le s\u00e9rum Centella Asiatica est un soin apaisant et calmant con\u00e7u pour les peaux sensibles et irrit\u00e9es, enrichi en extrait de Centella Asiatica, ce s\u00e9rum r\u00e9duit efficacement les rougeurs, renforce la barri\u00e8re cutan\u00e9e et favorise un teint plus \u00e9clatant. Sa formule douce utilise des ingr\u00e9dients class\u00e9s EWG Green Grade, garantissant s\u00e9curit\u00e9 et compatibilit\u00e9 [&hellip;]<\/p>\n","protected":false},"featured_media":148130,"comment_status":"open","ping_status":"closed","template":"","meta":{"_acf_changed":false},"product_brand":[1410],"product_cat":[102,137],"product_tag":[],"class_list":{"0":"post-148129","1":"product","2":"type-product","3":"status-publish","4":"has-post-thumbnail","6":"product_brand-mary-may","7":"product_cat-soin-et-bien-etre","8":"product_cat-visage","10":"first","11":"instock","12":"sale","13":"taxable","14":"shipping-taxable","15":"purchasable","16":"product-type-simple"},"acf":[],"_links":{"self":[{"href":"https:\/\/pharmacima.com\/ar\/wp-json\/wp\/v2\/product\/148129","targetHints":{"allow":["GET"]}}],"collection":[{"href":"https:\/\/pharmacima.com\/ar\/wp-json\/wp\/v2\/product"}],"about":[{"href":"https:\/\/pharmacima.com\/ar\/wp-json\/wp\/v2\/types\/product"}],"replies":[{"embeddable":true,"href":"https:\/\/pharmacima.com\/ar\/wp-json\/wp\/v2\/comments?post=148129"}],"wp:featuredmedia":[{"embeddable":true,"href":"https:\/\/pharmacima.com\/ar\/wp-json\/wp\/v2\/media\/148130"}],"wp:attachment":[{"href":"https:\/\/pharmacima.com\/ar\/wp-json\/wp\/v2\/media?parent=148129"}],"wp:term":[{"taxonomy":"product_brand","embeddable":true,"href":"https:\/\/pharmacima.com\/ar\/wp-json\/wp\/v2\/product_brand?post=148129"},{"taxonomy":"product_cat","embeddable":true,"href":"https:\/\/pharmacima.com\/ar\/wp-json\/wp\/v2\/product_cat?post=148129"},{"taxonomy":"product_tag","embeddable":true,"href":"https:\/\/pharmacima.com\/ar\/wp-json\/wp\/v2\/product_tag?post=148129"}],"curies":[{"name":"wp","href":"https:\/\/api.w.org\/{rel}","templated":true}]}}