{"id":148132,"date":"2025-10-29T14:08:02","date_gmt":"2025-10-29T13:08:02","guid":{"rendered":"https:\/\/pharmacima.com\/?post_type=product&#038;p=148132"},"modified":"2026-02-16T10:34:20","modified_gmt":"2026-02-16T09:34:20","slug":"serum-niacinamide-30ml-mary-et-may","status":"publish","type":"product","link":"https:\/\/pharmacima.com\/ar\/product\/serum-niacinamide-30ml-mary-et-may\/","title":{"rendered":"Serum niacinamide 30ml Mary et May"},"content":{"rendered":"<h1><strong>\u0648\u0635\u0641 :<\/strong><\/h1>\n<ul>\n<li>\n<h2 data-start=\"220\" data-end=\"324\"><strong>Ce s\u00e9rum est con\u00e7u pour les peaux ternes, d\u00e9s\u00e9quilibr\u00e9es ou sujettes \u00e0 un exc\u00e8s de s\u00e9bum. Il combine :<\/strong><\/h2>\n<ul data-start=\"325\" data-end=\"1141\">\n<li data-start=\"325\" data-end=\"582\">\n<h2 data-start=\"327\" data-end=\"582\"><strong>la niacinamide (vitamine B3) \u00e0 2 % : aide \u00e0 inhiber le transfert des m\u00e9lanosomes (donc \u00e0 limiter l\u2019apparition de taches pigmentaires), et contribue \u00e0 r\u00e9guler la production de s\u00e9bum pour une peau plus \u00e9quilibr\u00e9.<\/strong><\/h2>\n<\/li>\n<li data-start=\"583\" data-end=\"1141\">\n<h2 data-start=\"585\" data-end=\"1141\"><strong>l\u2019extrait de fruit de Chaenomeles sinensis \u00e0 93 % : riche en vitamine C et en flavono\u00efdes, pour lisser la peau, lui donner de l\u2019\u00e9clat et contribuer \u00e0 un teint plus homog\u00e8ne.<\/strong><br data-start=\"800\" data-end=\"803\" \/><strong>Le produit est formul\u00e9 avec des ingr\u00e9dients \u00ab EWG green grade \u00bb, sans alcool, sans parfum artificiel, sans huiles min\u00e9rales, sans tensioactifs agressifs et cruelty-free.<\/strong><br data-start=\"1010\" data-end=\"1013\" \/><strong>Texture l\u00e9g\u00e8re, absorption rapide sans film collant signal\u00e9e par plusieurs utilisateurs<\/strong><\/h2>\n<\/li>\n<\/ul>\n<\/li>\n<\/ul>\n<ul>\n<li data-start=\"1765\" data-end=\"1903\">\n<h2 data-start=\"1767\" data-end=\"1903\"><strong>La forte proportion d\u2019extrait de Chaenomeles sinensis (93 %) est remarquable : cela indique une volont\u00e9 de mise en avant de cet actif.<\/strong><\/h2>\n<\/li>\n<li data-start=\"1904\" data-end=\"2004\">\n<h2 data-start=\"1906\" data-end=\"2004\"><strong>L\u2019ajout de niacinamide \u00e0 2 % est dans le serum \u00ab mod\u00e9r\u00e9e \u00bb : efficace mais souvent bien tol\u00e9r\u00e9e.<\/strong><\/h2>\n<\/li>\n<li data-start=\"2005\" data-end=\"2083\">\n<h2 data-start=\"2007\" data-end=\"2083\"><strong>L\u2019absence de parfum artificiel ou d\u2019alcool est un plus pour peaux sensibles.<\/strong><\/h2>\n<\/li>\n<\/ul>\n<h2><strong>\u0627\u0633\u062a\u062e\u062f\u0627\u0645 \u0627\u0644\u0645\u0634\u0648\u0631\u0629:\u00a0<\/strong><\/h2>\n<p>Appliquez une quantit\u00e9 mod\u00e9r\u00e9e et massez d\u00e9licatement la peau. Serum \u00c0 utiliser le matin et le soir.<\/p>\n<h2><strong>\u0627\u0644\u062a\u0631\u0643\u064a\u0628\u0629 :\u00a0<\/strong><\/h2>\n<p>Aqua(Water), Glycereth-26, Niacinamide, 1,2-Hexanediol, Arginine, Carbomer, Ethylhexylglycerin, Chaenomeles Sinensis Fruit Extract, Caprylyl Glycol<\/p>","protected":false},"excerpt":{"rendered":"<p>DESCRIPTION : Ce s\u00e9rum est con\u00e7u pour les peaux ternes, d\u00e9s\u00e9quilibr\u00e9es ou sujettes \u00e0 un exc\u00e8s de s\u00e9bum. Il combine : la niacinamide (vitamine B3) \u00e0 2 % : aide \u00e0 inhiber le transfert des m\u00e9lanosomes (donc \u00e0 limiter l\u2019apparition de taches pigmentaires), et contribue \u00e0 r\u00e9guler la production de s\u00e9bum pour une peau plus [&hellip;]<\/p>\n","protected":false},"featured_media":148134,"comment_status":"open","ping_status":"closed","template":"","meta":{"_acf_changed":false},"product_brand":[1410],"product_cat":[102,137],"product_tag":[],"class_list":{"0":"post-148132","1":"product","2":"type-product","3":"status-publish","4":"has-post-thumbnail","6":"product_brand-mary-may","7":"product_cat-soin-et-bien-etre","8":"product_cat-visage","10":"first","11":"instock","12":"sale","13":"taxable","14":"shipping-taxable","15":"purchasable","16":"product-type-simple"},"acf":[],"_links":{"self":[{"href":"https:\/\/pharmacima.com\/ar\/wp-json\/wp\/v2\/product\/148132","targetHints":{"allow":["GET"]}}],"collection":[{"href":"https:\/\/pharmacima.com\/ar\/wp-json\/wp\/v2\/product"}],"about":[{"href":"https:\/\/pharmacima.com\/ar\/wp-json\/wp\/v2\/types\/product"}],"replies":[{"embeddable":true,"href":"https:\/\/pharmacima.com\/ar\/wp-json\/wp\/v2\/comments?post=148132"}],"wp:featuredmedia":[{"embeddable":true,"href":"https:\/\/pharmacima.com\/ar\/wp-json\/wp\/v2\/media\/148134"}],"wp:attachment":[{"href":"https:\/\/pharmacima.com\/ar\/wp-json\/wp\/v2\/media?parent=148132"}],"wp:term":[{"taxonomy":"product_brand","embeddable":true,"href":"https:\/\/pharmacima.com\/ar\/wp-json\/wp\/v2\/product_brand?post=148132"},{"taxonomy":"product_cat","embeddable":true,"href":"https:\/\/pharmacima.com\/ar\/wp-json\/wp\/v2\/product_cat?post=148132"},{"taxonomy":"product_tag","embeddable":true,"href":"https:\/\/pharmacima.com\/ar\/wp-json\/wp\/v2\/product_tag?post=148132"}],"curies":[{"name":"wp","href":"https:\/\/api.w.org\/{rel}","templated":true}]}}