{"id":148166,"date":"2025-11-01T12:19:58","date_gmt":"2025-11-01T11:19:58","guid":{"rendered":"https:\/\/pharmacima.com\/?post_type=product&#038;p=148166"},"modified":"2026-04-22T23:12:27","modified_gmt":"2026-04-22T22:12:27","slug":"serum-salicylique-2-et-zinc-30ml-aroma-zone","status":"publish","type":"product","link":"https:\/\/pharmacima.com\/ar\/product\/serum-salicylique-2-et-zinc-30ml-aroma-zone\/","title":{"rendered":"Serum Salicylique 2% et Zinc 30ml Aroma zone"},"content":{"rendered":"<h2><strong>\u0648\u0635\u0641 :\u00a0<\/strong><\/h2>\n<p>Aroma zone Secret de peau z\u00e9ro d\u00e9faut, ce s\u00e9rum multi-actions r\u00e9duit la taille et la surface des pores tout en luttant contre les imperfections. Purifiant et k\u00e9ratolytique, ce complexe d\u2019Acide salicylique v\u00e9g\u00e9tal, extrait de Champignon et Zinc, r\u00e9gule les exc\u00e8s de s\u00e9bum, d\u00e9sincruste les pores et pr\u00e9vient l\u2019apparition des points noirs. Ce s\u00e9rum laisse la peau purifi\u00e9e et le grain de peau affin\u00e9, sans effet dess\u00e9chant.<\/p>\n<div class=\"identity-card__component\" data-v-660ab3a4=\"\">\n<div data-v-660ab3a4=\"\" data-v-756351b2=\"\">\n<div class=\"render-content\" data-v-756351b2=\"\" data-v-91eefe9a=\"\">\n<div class=\"container node-unordered-list node-paragraph block-images-text\" data-v-91eefe9a=\"\" data-v-84e54f5d=\"\" data-v-e34df996=\"\">\n<p class=\"container__title\" data-v-e34df996=\"\"><strong>Pourquoi on l&rsquo;aime<\/strong><\/p>\n<div class=\"container__description\" data-v-e34df996=\"\">\n<ul>\n<li>R\u00e9duit les imperfections et affine visiblement le grain de peau<\/li>\n<li>Cible efficacement les pores dilat\u00e9s, les boutons et les points noirs<\/li>\n<li>Texture fluide non ass\u00e9chante, adapt\u00e9e aux peaux mixtes \u00e0 grasses<\/li>\n<li>Association d\u2019acide salicylique v\u00e9g\u00e9tal, de Zinc et d\u2019extrait d\u2019Agarikon aux actions exfoliante, purifiante et astringente<\/li>\n<li>Formule 100 % d\u2019origine naturelle, non com\u00e9dog\u00e8ne<\/li>\n<li>Efficacit\u00e9 cliniquement prouv\u00e9e : pores moins visibles, rougeurs att\u00e9nu\u00e9es, peau plus nette<\/li>\n<\/ul>\n<\/div>\n<\/div>\n<\/div>\n<\/div>\n<\/div>\n<div class=\"identity-card__component\" data-v-660ab3a4=\"\">\n<div data-v-660ab3a4=\"\" data-v-756351b2=\"\">\n<div class=\"render-content\" data-v-756351b2=\"\" data-v-91eefe9a=\"\">\n<div class=\"container node-paragraph block-images-text\" data-v-91eefe9a=\"\" data-v-84e54f5d=\"\" data-v-e34df996=\"\">\n<p class=\"container__title\" data-v-e34df996=\"\">Types de peaux<\/p>\n<div class=\"container__description\" data-v-e34df996=\"\">\n<p>Pour les peaux pr\u00e9sentant des imperfections cutan\u00e9es de tous types, particuli\u00e8rement des pores dilat\u00e9s, des com\u00e9dons et des points noirs. Pour les peaux mixtes \u00e0 grasses et \u00e0 imperfections.<\/p>\n<h2><strong>\u0627\u0633\u062a\u062e\u062f\u0627\u0645 \u0627\u0644\u0645\u0634\u0648\u0631\u0629:\u00a0<\/strong><\/h2>\n<p>Appliquez quelques gouttes de S\u00e9rum Acide salicylique sur le visage et le cou, en massant doucement du bout des doigts pour faire p\u00e9n\u00e9trer le produit. Evitez le contour des yeux.<\/p>\n<h2><strong>\u0627\u0644\u062a\u0631\u0643\u064a\u0628\u0629 :\u00a0<\/strong><\/h2>\n<p>Aqua, Salix Nigra Bark Extract (extrait de saule noir concentr\u00e9 en acide salicylique),aroma zone Pentylene Glycol (\u00e9mollient et agent antimicrobien d&rsquo;origine naturelle), Saccharide Isomerate (actif hydratant d&rsquo;origine naturelle), Glycerin (glyc\u00e9rine v\u00e9g\u00e9tale BIO non d\u00e9riv\u00e9e d&rsquo;huile de palme, hydratante),aroma zone Propanediol (\u00e9mollient d&rsquo;origine naturelle), Sodium Hyaluronate (acide hyaluronique), Zinc PCA (sel de PCA de zinc, purifiant), Zinc Hydrolyzed Hyaluronate (combinaison d\u2019acide hyaluronique et de zinc), Fomes Officinalis Extract (extrait de champignon concentr\u00e9 en acide agarique), Citric Acid (ajusteur de pH),aroma zone Sodium Citrate (ajusteur de pH).<\/p>\n<\/div>\n<\/div>\n<\/div>\n<\/div>\n<\/div>","protected":false},"excerpt":{"rendered":"<p>DESCRIPTION :\u00a0 Aroma zone Secret de peau z\u00e9ro d\u00e9faut, ce s\u00e9rum multi-actions r\u00e9duit la taille et la surface des pores tout en luttant contre les imperfections. Purifiant et k\u00e9ratolytique, ce complexe d\u2019Acide salicylique v\u00e9g\u00e9tal, extrait de Champignon et Zinc, r\u00e9gule les exc\u00e8s de s\u00e9bum, d\u00e9sincruste les pores et pr\u00e9vient l\u2019apparition des points noirs. Ce s\u00e9rum [&hellip;]<\/p>\n","protected":false},"featured_media":148167,"comment_status":"open","ping_status":"closed","template":"","meta":{"_acf_changed":false},"product_brand":[1543],"product_cat":[102,137],"product_tag":[],"class_list":{"0":"post-148166","1":"product","2":"type-product","3":"status-publish","4":"has-post-thumbnail","6":"product_brand-aroma-zone","7":"product_cat-soin-et-bien-etre","8":"product_cat-visage","10":"first","11":"instock","12":"sale","13":"taxable","14":"shipping-taxable","15":"purchasable","16":"product-type-simple"},"acf":[],"_links":{"self":[{"href":"https:\/\/pharmacima.com\/ar\/wp-json\/wp\/v2\/product\/148166","targetHints":{"allow":["GET"]}}],"collection":[{"href":"https:\/\/pharmacima.com\/ar\/wp-json\/wp\/v2\/product"}],"about":[{"href":"https:\/\/pharmacima.com\/ar\/wp-json\/wp\/v2\/types\/product"}],"replies":[{"embeddable":true,"href":"https:\/\/pharmacima.com\/ar\/wp-json\/wp\/v2\/comments?post=148166"}],"wp:featuredmedia":[{"embeddable":true,"href":"https:\/\/pharmacima.com\/ar\/wp-json\/wp\/v2\/media\/148167"}],"wp:attachment":[{"href":"https:\/\/pharmacima.com\/ar\/wp-json\/wp\/v2\/media?parent=148166"}],"wp:term":[{"taxonomy":"product_brand","embeddable":true,"href":"https:\/\/pharmacima.com\/ar\/wp-json\/wp\/v2\/product_brand?post=148166"},{"taxonomy":"product_cat","embeddable":true,"href":"https:\/\/pharmacima.com\/ar\/wp-json\/wp\/v2\/product_cat?post=148166"},{"taxonomy":"product_tag","embeddable":true,"href":"https:\/\/pharmacima.com\/ar\/wp-json\/wp\/v2\/product_tag?post=148166"}],"curies":[{"name":"wp","href":"https:\/\/api.w.org\/{rel}","templated":true}]}}