{"id":148168,"date":"2025-11-01T12:26:32","date_gmt":"2025-11-01T11:26:32","guid":{"rendered":"https:\/\/pharmacima.com\/?post_type=product&#038;p=148168"},"modified":"2026-04-22T23:07:50","modified_gmt":"2026-04-22T22:07:50","slug":"serum-concentre-bakuchiol-30ml-aroma-zone","status":"publish","type":"product","link":"https:\/\/pharmacima.com\/ar\/product\/serum-concentre-bakuchiol-30ml-aroma-zone\/","title":{"rendered":"Serum concentre Bakuchiol 30ml Aroma zone"},"content":{"rendered":"<h2><strong>\u0648\u0635\u0641 :\u00a0<\/strong><\/h2>\n<p>Aroma zone \u00c0 la fois anti-\u00e2ge et anti-imperfections, notre s\u00e9rum visage naturel b\u00e9n\u00e9ficie d&rsquo;une forte concentration en Bakuchiol, un actif r\u00e9volutionnaire reconnu comme l\u2019alternative v\u00e9g\u00e9tale au r\u00e9tinol, efficace et non photosensibilisante. Antioxydant, r\u00e9g\u00e9n\u00e9rant et booster de collag\u00e8ne, cet actif naturel extrait des graines de Babchi aide \u00e0 maintenir la fermet\u00e9 de la peau, lisse les ridules et att\u00e9nue les taches brunes.<\/p>\n<p>Il am\u00e9liore \u00e9galement l&rsquo;\u00e9tat des peaux \u00e0 tendance acn\u00e9ique\u00a0qu&rsquo;il r\u00e9gule, r\u00e9pare\u00a0et purifie sans les agresser.<\/p>\n<p>Formul\u00e9 sur base de squalane d\u2019Olive, notre\u00a0s\u00e9rum concentr\u00e9 Bakuchiol p\u00e9n\u00e8tre facilement sans laisser de film gras. Tr\u00e8s puissant et hautement concentr\u00e9 en actif, nous recommandons d\u2019appliquer ce soin en pli du coude au moins 48 heures avant de l\u2019utiliser sur le visage afin de v\u00e9rifier qu\u2019il est parfaitement adapt\u00e9 \u00e0 votre peau.<\/p>\n<p class=\"container__title\" data-v-e34df996=\"\"><strong>Pourquoi on l&rsquo;aime<\/strong><\/p>\n<div class=\"container__description\" data-v-e34df996=\"\">\n<ul>\n<li><b>Soin anti-\u00e2ge et anti-imperfections pour tous types de peaux m\u00eame grasses<\/b>\n<ul>\n<li><b>Anti-\u00e2ge global\u00a0<\/b>: anti-rides, raffermissant, anti-taches<\/li>\n<li><b>\u0645\u0643\u0627\u0641\u062d\u0629 \u0627\u0644\u0639\u064a\u0648\u0628<\/b>\u00a0: r\u00e9gule, r\u00e9pare et purifie<\/li>\n<\/ul>\n<\/li>\n<li>Alternative v\u00e9g\u00e9tale r\u00e9volutionnaire au r\u00e9tinol<\/li>\n<li>Concentr\u00e9 \u00e0 1% en Bakuchiol pour une efficacit\u00e9 optimale<\/li>\n<li>Texture fine et non grasse<\/li>\n<li>\u0645\u0641\u062d\u0648\u0635\u0647 \u0645\u0646 \u0642\u0628\u0644 \u0627\u0637\u0628\u0627\u0621\u0627\u0644\u062c\u0644\u062f\u064a\u0647<\/li>\n<\/ul>\n<h2><strong>\u0627\u0633\u062a\u062e\u062f\u0627\u0645 \u0627\u0644\u0645\u0634\u0648\u0631\u0629:\u00a0<\/strong><\/h2>\n<p>Appliquez 4 gouttes maximum de S\u00e9rum visage concentr\u00e9 Bakuchiol sur le visage, le contour des yeux et le cou, en massant doucement du bout des doigts pour faire p\u00e9n\u00e9trer le produit.<\/p>\n<h2><strong>\u0627\u0644\u062a\u0631\u0643\u064a\u0628\u0629 :\u00a0<\/strong><\/h2>\n<p><b>\u0633\u0643\u0648\u0627\u0644\u0627\u0646\u00a0<\/b>(v\u00e9g\u00e9tal, d\u00e9riv\u00e9 d&rsquo;huile d&rsquo;Olive),aroma zone <b>Isosorbide Dicaprylate<\/b> (\u00e9mollient, 100% d\u2019origine naturelle),aroma zone <b>Bakuchiol\u00a0<\/b>(actif v\u00e9g\u00e9tal extrait des graines de Psoralea corylifolia).<\/p>\n<\/div>","protected":false},"excerpt":{"rendered":"<p>DESCRIPTION :\u00a0 Aroma zone \u00c0 la fois anti-\u00e2ge et anti-imperfections, notre s\u00e9rum visage naturel b\u00e9n\u00e9ficie d&rsquo;une forte concentration en Bakuchiol, un actif r\u00e9volutionnaire reconnu comme l\u2019alternative v\u00e9g\u00e9tale au r\u00e9tinol, efficace et non photosensibilisante. Antioxydant, r\u00e9g\u00e9n\u00e9rant et booster de collag\u00e8ne, cet actif naturel extrait des graines de Babchi aide \u00e0 maintenir la fermet\u00e9 de la peau, [&hellip;]<\/p>\n","protected":false},"featured_media":148169,"comment_status":"open","ping_status":"closed","template":"","meta":{"_acf_changed":false},"product_brand":[1543],"product_cat":[102,137],"product_tag":[],"class_list":{"0":"post-148168","1":"product","2":"type-product","3":"status-publish","4":"has-post-thumbnail","6":"product_brand-aroma-zone","7":"product_cat-soin-et-bien-etre","8":"product_cat-visage","10":"first","11":"instock","12":"sale","13":"taxable","14":"shipping-taxable","15":"purchasable","16":"product-type-simple"},"acf":[],"_links":{"self":[{"href":"https:\/\/pharmacima.com\/ar\/wp-json\/wp\/v2\/product\/148168","targetHints":{"allow":["GET"]}}],"collection":[{"href":"https:\/\/pharmacima.com\/ar\/wp-json\/wp\/v2\/product"}],"about":[{"href":"https:\/\/pharmacima.com\/ar\/wp-json\/wp\/v2\/types\/product"}],"replies":[{"embeddable":true,"href":"https:\/\/pharmacima.com\/ar\/wp-json\/wp\/v2\/comments?post=148168"}],"wp:featuredmedia":[{"embeddable":true,"href":"https:\/\/pharmacima.com\/ar\/wp-json\/wp\/v2\/media\/148169"}],"wp:attachment":[{"href":"https:\/\/pharmacima.com\/ar\/wp-json\/wp\/v2\/media?parent=148168"}],"wp:term":[{"taxonomy":"product_brand","embeddable":true,"href":"https:\/\/pharmacima.com\/ar\/wp-json\/wp\/v2\/product_brand?post=148168"},{"taxonomy":"product_cat","embeddable":true,"href":"https:\/\/pharmacima.com\/ar\/wp-json\/wp\/v2\/product_cat?post=148168"},{"taxonomy":"product_tag","embeddable":true,"href":"https:\/\/pharmacima.com\/ar\/wp-json\/wp\/v2\/product_tag?post=148168"}],"curies":[{"name":"wp","href":"https:\/\/api.w.org\/{rel}","templated":true}]}}