{"id":148445,"date":"2025-11-24T15:41:52","date_gmt":"2025-11-24T14:41:52","guid":{"rendered":"https:\/\/pharmacima.com\/?post_type=product&#038;p=148445"},"modified":"2026-02-28T15:08:23","modified_gmt":"2026-02-28T14:08:23","slug":"lait-hydratant-intensif-236ml-cerave","status":"publish","type":"product","link":"https:\/\/pharmacima.com\/ar\/product\/lait-hydratant-intensif-236ml-cerave\/","title":{"rendered":"Lait Hydratant Intensif 236ml Cerave"},"content":{"rendered":"<h1><strong>\u0648\u0635\u0641 :\u00a0\u00a0<\/strong><\/h1>\n<h2 class=\"product-details__main-benefit\"><strong>Cerave Lait Hydratant Intensif corps pour les peaux tr\u00e8s s\u00e8ches, sujettes aux d\u00e9mangeaisons<\/strong><\/h2>\n<div class=\"product-details__description\">\n<h2><strong>D\u00e9velopp\u00e9 avec des dermatologues, le Lait Hydratant Intensif hydrate la peau en profondeur et en continu pendant 72H.<\/strong><\/h2>\n<h2><strong>Ce soin formul\u00e9 avec de l&rsquo;Hydro-Urea<\/strong>\u2122<\/h2>\n<p>un complexe unique de facteurs naturels d&rsquo;hydratation, 3 c\u00e9ramides essentiels naturellement pr\u00e9sents dans la peau et du beurre de karit\u00e9 restaure la barri\u00e8re cutan\u00e9e.<\/p>\n<p>R\u00e9sultats d&rsquo;efficacit\u00e9 cliniquement prouv\u00e9s :<\/p>\n<p>Hydrate les peaux extra s\u00e8ches pendant 72h et apaise des signes majeurs de s\u00e9cheresse : -99% d\u00e9mangeaisons, -98% desquamations, -95% rugosit\u00e9s. *<\/p>\n<p>Hydratation continue 72H**<\/p>\n<p>x2 hydratation apr\u00e8s 1 semaine***<\/p>\n<p>*Evaluation clinique subjective, 49 sujets, sur la jambe, apr\u00e8s une semaine d\u2019utilisation\u200b<br \/>\n**scorage clinique, 47 sujets, \u00e9valuation 72h apr\u00e8s arr\u00eat d\u2019utilisation du produit, application pendant 4 semaines<br \/>\n***Test instrumental, 50 sujets<\/p>\n<p>Formule visage et corps. Sans parfum. Hypoallerg\u00e9nique. Non com\u00e9dog\u00e8ne. Texture non grasse, non collante \u00e0 habillage rapide.<\/p>\n<\/div>\n<h2><strong>\u0627\u0633\u062a\u062e\u062f\u0627\u0645 \u0627\u0644\u0645\u0634\u0648\u0631\u0629:\u00a0<\/strong><\/h2>\n<ul>\n<li>Appliquer g\u00e9n\u00e9reusement aussi souvent que n\u00e9cessaire, Visage et corps.<\/li>\n<li>Eviter tout contact direct avec les yeux, En cas de contact, rincer abondamment \u00e0 l&rsquo;eau.<\/li>\n<\/ul>\n<h2><strong>\u0627\u0644\u062a\u0631\u0643\u064a\u0628\u0629 :\u00a0<\/strong><\/h2>\n<p>INGREDIENTS: AQUA \/ WATER \u2022 GLYCERIN \u2022 BUTYROSPERMUM PARKII BUTTER \/ SHEA BUTTER \u2022 HYDROXYETHYL UREA \u2022 ISOPROPYL PALMITATE \u2022 PROPANEDIOL \u2022 CETEARYL ALCOHOL \u2022 OCTYLDODECANOL \u2022 C15-19 ALKANE \u2022 GLYCINE \u2022 STEARIC ACID \u2022 CERAMIDE NP \u2022 CERAMIDE AP \u2022 CERAMIDE EOP \u2022 SORBITAN TRISTEARATE \u2022 SORBITAN OLEATE \u2022 CARBOMER \u2022 GLYCERYL STEARATE \u2022 DIMETHICONE \u2022 BEHENTRIMONIUM METHOSULFATE \u2022 TRIETHYL CITRATE \u2022 ISOHEXADECANE \u2022 SODIUM PCA \u2022 SERINE \u2022 SODIUM LAUROYL LACTYLATE \u2022 SODIUM HYDROXIDE \u2022 MYRISTIC ACID \u2022 SODIUM HYALURONATE \u2022 CHOLESTEROL \u2022 PALMITIC ACID \u2022 ALANINE \u2022 TOCOPHEROL \u2022 HYDROXYACETOPHENONE \u2022 CAPRYLYL GLYCOL \u2022CERAVE HYDROXYETHYLPIPERAZINE ETHANE SULFONIC ACID \u2022 TRISODIUM ETHYLENEDIAMINE DISUCCINATE \u2022 XANTHAN GUM \u2022 PENTAERYTHRITYL TETRA-DI-T-BUTYL HYDROXYHYDROCINNAMATE \u2022 PHYTOSPHINGOSINE \u2022 ACRYLAMIDE\/SODIUM ACRYLOYLDIMETHYLTAURATE COPOLYMER \u2022 ACRYLATES\/C10-30 ALKYL ACRYLATE CROSSPOLYMER \u2022 POLYSORBATE 80 \u2022 CeraveBENZOIC ACID \u2022 PEG-100 STEARATE \u2022 CERAVEPEG-20 METHYL GLUCOSE<\/p>","protected":false},"excerpt":{"rendered":"<p>DESCRIPTION :\u00a0\u00a0 Cerave Lait Hydratant Intensif corps pour les peaux tr\u00e8s s\u00e8ches, sujettes aux d\u00e9mangeaisons D\u00e9velopp\u00e9 avec des dermatologues, le Lait Hydratant Intensif hydrate la peau en profondeur et en continu pendant 72H. Ce soin formul\u00e9 avec de l&rsquo;Hydro-Urea&#x2122; un complexe unique de facteurs naturels d&rsquo;hydratation, 3 c\u00e9ramides essentiels naturellement pr\u00e9sents dans la peau et [&hellip;]<\/p>\n","protected":false},"featured_media":148446,"comment_status":"open","ping_status":"closed","template":"","meta":{"_acf_changed":false},"product_brand":[1403],"product_cat":[102,139,137],"product_tag":[],"class_list":{"0":"post-148445","1":"product","2":"type-product","3":"status-publish","4":"has-post-thumbnail","6":"product_brand-cerave","7":"product_cat-soin-et-bien-etre","8":"product_cat-corps_","9":"product_cat-visage","11":"first","12":"outofstock","13":"taxable","14":"shipping-taxable","15":"purchasable","16":"product-type-simple"},"acf":[],"_links":{"self":[{"href":"https:\/\/pharmacima.com\/ar\/wp-json\/wp\/v2\/product\/148445","targetHints":{"allow":["GET"]}}],"collection":[{"href":"https:\/\/pharmacima.com\/ar\/wp-json\/wp\/v2\/product"}],"about":[{"href":"https:\/\/pharmacima.com\/ar\/wp-json\/wp\/v2\/types\/product"}],"replies":[{"embeddable":true,"href":"https:\/\/pharmacima.com\/ar\/wp-json\/wp\/v2\/comments?post=148445"}],"wp:featuredmedia":[{"embeddable":true,"href":"https:\/\/pharmacima.com\/ar\/wp-json\/wp\/v2\/media\/148446"}],"wp:attachment":[{"href":"https:\/\/pharmacima.com\/ar\/wp-json\/wp\/v2\/media?parent=148445"}],"wp:term":[{"taxonomy":"product_brand","embeddable":true,"href":"https:\/\/pharmacima.com\/ar\/wp-json\/wp\/v2\/product_brand?post=148445"},{"taxonomy":"product_cat","embeddable":true,"href":"https:\/\/pharmacima.com\/ar\/wp-json\/wp\/v2\/product_cat?post=148445"},{"taxonomy":"product_tag","embeddable":true,"href":"https:\/\/pharmacima.com\/ar\/wp-json\/wp\/v2\/product_tag?post=148445"}],"curies":[{"name":"wp","href":"https:\/\/api.w.org\/{rel}","templated":true}]}}