{"id":148448,"date":"2025-11-24T15:59:06","date_gmt":"2025-11-24T14:59:06","guid":{"rendered":"https:\/\/pharmacima.com\/?post_type=product&#038;p=148448"},"modified":"2026-03-15T15:44:28","modified_gmt":"2026-03-15T14:44:28","slug":"preservatifs-3-pieces-standard-durex","status":"publish","type":"product","link":"https:\/\/pharmacima.com\/ar\/product\/preservatifs-3-pieces-standard-durex\/","title":{"rendered":"Preservatifs 3 pieces Standard Durex"},"content":{"rendered":"<h2><strong>\u0648\u0635\u0641 :<\/strong><\/h2>\n<p>Durex est la marque n\u00b01 des pr\u00e9servatifs. Elle vous propose une gamme de pr\u00e9servatifs de qualit\u00e9 permettant de vous prot\u00e9ger efficacement.<\/p>\n<p>Parce que le pr\u00e9servatif est \u00e0 l&rsquo;heure actuelle l&rsquo;unique moyen de se prot\u00e9ger efficacement contre les infections sexuellement transmissibles, il est vital d&rsquo;en avoir lors d&rsquo;un rapport sexuel.<br \/>\nCes 16 pr\u00e9servatifs ont \u00e9t\u00e9 sp\u00e9cialement con\u00e7us pour faciliter la mise en place et procurer le maximum de plaisir gr\u00e2ce \u00e0 leur forme profil\u00e9e \u00ab easy-one \u00bb.<\/p>\n<h2><strong>\u0627\u0644\u062a\u0631\u0643\u064a\u0628\u0629 :<\/strong><\/h2>\n<p>Latex Naturel<\/p>","protected":false},"excerpt":{"rendered":"<p>DESCRIPTION : Durex est la marque n\u00b01 des pr\u00e9servatifs. Elle vous propose une gamme de pr\u00e9servatifs de qualit\u00e9 permettant de vous prot\u00e9ger efficacement. Parce que le pr\u00e9servatif est \u00e0 l&rsquo;heure actuelle l&rsquo;unique moyen de se prot\u00e9ger efficacement contre les infections sexuellement transmissibles, il est vital d&rsquo;en avoir lors d&rsquo;un rapport sexuel. Ces 16 pr\u00e9servatifs ont [&hellip;]<\/p>\n","protected":false},"featured_media":148449,"comment_status":"open","ping_status":"closed","template":"","meta":{"_acf_changed":false},"product_brand":[1407],"product_cat":[102,139],"product_tag":[],"class_list":{"0":"post-148448","1":"product","2":"type-product","3":"status-publish","4":"has-post-thumbnail","6":"product_brand-durex","7":"product_cat-soin-et-bien-etre","8":"product_cat-corps_","10":"first","11":"outofstock","12":"sale","13":"taxable","14":"shipping-taxable","15":"purchasable","16":"product-type-simple"},"acf":[],"_links":{"self":[{"href":"https:\/\/pharmacima.com\/ar\/wp-json\/wp\/v2\/product\/148448","targetHints":{"allow":["GET"]}}],"collection":[{"href":"https:\/\/pharmacima.com\/ar\/wp-json\/wp\/v2\/product"}],"about":[{"href":"https:\/\/pharmacima.com\/ar\/wp-json\/wp\/v2\/types\/product"}],"replies":[{"embeddable":true,"href":"https:\/\/pharmacima.com\/ar\/wp-json\/wp\/v2\/comments?post=148448"}],"wp:featuredmedia":[{"embeddable":true,"href":"https:\/\/pharmacima.com\/ar\/wp-json\/wp\/v2\/media\/148449"}],"wp:attachment":[{"href":"https:\/\/pharmacima.com\/ar\/wp-json\/wp\/v2\/media?parent=148448"}],"wp:term":[{"taxonomy":"product_brand","embeddable":true,"href":"https:\/\/pharmacima.com\/ar\/wp-json\/wp\/v2\/product_brand?post=148448"},{"taxonomy":"product_cat","embeddable":true,"href":"https:\/\/pharmacima.com\/ar\/wp-json\/wp\/v2\/product_cat?post=148448"},{"taxonomy":"product_tag","embeddable":true,"href":"https:\/\/pharmacima.com\/ar\/wp-json\/wp\/v2\/product_tag?post=148448"}],"curies":[{"name":"wp","href":"https:\/\/api.w.org\/{rel}","templated":true}]}}