{"id":148461,"date":"2025-11-25T13:33:27","date_gmt":"2025-11-25T12:33:27","guid":{"rendered":"https:\/\/pharmacima.com\/?post_type=product&#038;p=148461"},"modified":"2026-03-15T15:43:54","modified_gmt":"2026-03-15T14:43:54","slug":"creme-hydratante-450g-cetaphil","status":"publish","type":"product","link":"https:\/\/pharmacima.com\/ar\/product\/creme-hydratante-450g-cetaphil\/","title":{"rendered":"Creme Hydratante 450g Cetaphil"},"content":{"rendered":"<h2 class=\"titre_zone_desc\"><strong>\u0648\u0635\u0641<\/strong><\/h2>\n<div class=\"content_zone_desc tabcontent\">\n<div id=\"type_info_prio_11_1\">\n<p>Galderma Cetaphil Cr\u00e8me Hydratante 450 g est une cr\u00e8me \u00e0 haute tol\u00e9rance qui aide \u00e0 maintenir la fonction protectrice de la barri\u00e8re cutan\u00e9e.<\/p>\n<p>\u0625\u0646\u0647 \u064a\u0647\u062f\u0626 \u0648\u064a\u0646\u0639\u0645 \u0639\u0644\u0649 \u0627\u0644\u0641\u0648\u0631.<\/p>\n<p>\u0645\u0646\u0627\u0633\u0628 \u0644\u0644\u0628\u0634\u0631\u0629 \u0627\u0644\u062c\u0627\u0641\u0629 \u0648\u0627\u0644\u062d\u0633\u0627\u0633\u0629 \u0628\u0641\u0636\u0644 \u062a\u0631\u0643\u064a\u0628\u062a\u0647.<\/p>\n<p>\u0627\u0645\u062a\u0635\u0627\u0635 \u0633\u0631\u064a\u0639.<\/p>\n<p>\u063a\u064a\u0631 \u0643\u0648\u0645\u064a\u062f\u0648\u063a\u064a\u0646\u064a\u0643<\/p>\n<hr \/>\n<\/div>\n<div class=\"titre_zone_desc bloc_depliable_zone_click\">\n<h2><strong>\u0627\u0633\u062a\u062e\u062f\u0627\u0645 \u0627\u0644\u0645\u0634\u0648\u0631\u0629<\/strong><\/h2>\n<\/div>\n<div class=\"content_zone_desc bloc_depliable_cnt cnt_deplie tabcontent\">\n<div>\n<div id=\"type_info_prio_6_1\">\n<p>\u062a\u0645 \u062a\u0631\u0643\u064a\u0628\u0647 \u062e\u0635\u064a\u0635\u064b\u0627 \u0644\u062a\u0631\u0637\u064a\u0628 \u0627\u0644\u0628\u0634\u0631\u0629 \u0627\u0644\u062c\u0627\u0641\u0629 \u0648\u0627\u0644\u062d\u0633\u0627\u0633\u0629.<\/p>\n<p>\u064a\u0648\u0635\u0649 \u0628\u0625\u0639\u0627\u062f\u0629 \u062a\u0631\u0637\u064a\u0628 \u0627\u0644\u0628\u0634\u0631\u0629 \u0627\u0644\u062a\u0627\u0644\u0641\u0629 \u0648\u0627\u062a\u0628\u0627\u0639 \u0627\u0644\u0639\u0644\u0627\u062c\u0627\u062a \u0627\u0644\u062c\u0644\u062f\u064a\u0629.<\/p>\n<p>\u062a\u0646\u0637\u0628\u0642 \u064a\u0648\u0645\u064a\u0627 \u0643\u0644\u0645\u0627 \u0643\u0627\u0646 \u0630\u0644\u0643 \u0636\u0631\u0648\u0631\u064a\u0627.<\/p>\n<\/div>\n<div class=\"description_indication\"><span class=\"bold\">\u0625\u0634\u0627\u0631\u0629<\/span>\u00a0:\u00a0<span id=\"type_info_prio_6_2_1\">\u062a\u0631\u0637\u064a\u0628 \u0627\u0644\u0628\u0634\u0631\u0629.<\/span><\/div>\n<\/div>\n<div>\n<hr \/>\n<\/div>\n<div>\n<div class=\"titre_zone_desc bloc_depliable_zone_click\">\n<h2><strong>\u0627\u0644\u062a\u0631\u0643\u064a\u0628\u0629<\/strong><\/h2>\n<div class=\"div_arrow_desc\">\u0623\u0643\u0648\u0627\u060c \u062c\u0644\u064a\u0633\u0631\u064a\u0646\u060c \u0641\u0627\u0632\u0644\u064a\u0646\u060c \u062f\u064a\u0643\u0627\u0628\u0631\u064a\u0644 \u0625\u064a\u062b\u0631\u060c \u062f\u0627\u064a\u0645\u064a\u062b\u064a\u0643\u0648\u0646\u060c \u0633\u062a\u064a\u0631\u0627\u062a \u0627\u0644\u062c\u0644\u064a\u0633\u0631\u064a\u0644\u060c \u0643\u062d\u0648\u0644 \u0633\u064a\u062a\u064a\u0644\u060c \u0632\u064a\u062a \u0628\u0630\u0648\u0631 \u062f\u0648\u0627\u0631 \u0627\u0644\u0634\u0645\u0633\u060c \u0633\u062a\u064a\u0631\u0627\u062a PEG-30\u060c \u0623\u0643\u0631\u064a\u0644\u0627\u062a\/C10-30 \u0623\u0644\u0643\u064a\u0644 \u0623\u0643\u0631\u064a\u0644\u064a\u062a \u0643\u0631\u0648\u0633 \u0628\u0648\u0644\u064a\u0645\u0631\u060c \u0643\u062d\u0648\u0644 \u0627\u0644\u0628\u0646\u0632\u064a\u0644\u060c BHT\u060c \u0643\u0631\u0628\u0648\u0645\u064a\u0631\u060c \u062b\u0646\u0627\u0626\u064a \u0645\u064a\u062b\u064a\u0643\u0648\u0646\u0648\u0644\u060c \u062b\u0646\u0627\u0626\u064a \u0627\u0644\u0635\u0648\u062f\u064a\u0648\u0645 EDTA\u060c \u0641\u064a\u0646\u0648\u0643\u0633\u064a \u0625\u064a\u062b\u0627\u0646\u0648\u0644\u060c \u0628\u0631\u0648\u0628\u064a\u0644\u064a\u0646 \u063a\u0644\u064a\u0643\u0648\u0644\u060c \u0632\u064a\u062a \u0628\u0631\u0648\u0646\u0648\u0633 \u0623\u0645\u064a\u063a\u062f\u0627\u0644\u0648\u0633\u060c \u0647\u064a\u062f\u0631\u0648\u0643\u0633\u064a\u062f \u0627\u0644\u0635\u0648\u062f\u064a\u0648\u0645\u060c \u062a\u0648\u0643\u0648\u0641\u064a\u0631\u0648\u0644\u060c \u0623\u0633\u064a\u062a\u0627\u062a \u062a\u0648\u0643\u0648\u0641\u064a\u0631\u0644.<\/div>\n<\/div>\n<\/div>\n<\/div>\n<\/div>","protected":false},"excerpt":{"rendered":"<p>DESCRIPTION Galderma Cetaphil Cr\u00e8me Hydratante 450 g est une cr\u00e8me \u00e0 haute tol\u00e9rance qui aide \u00e0 maintenir la fonction protectrice de la barri\u00e8re cutan\u00e9e. Elle apaise et adoucit imm\u00e9diatement. Adapt\u00e9e aux peaux s\u00e8ches et sensibles gr\u00e2ce \u00e0 sa formulation. Absorption rapide. Non com\u00e9dog\u00e8ne CONSEIL D\u2019UTILISATION Sp\u00e9cifiquement formul\u00e9e pour hydrater les peaux s\u00e8ches et sensibles. Recommand\u00e9e [&hellip;]<\/p>\n","protected":false},"featured_media":148462,"comment_status":"open","ping_status":"closed","template":"","meta":{"_acf_changed":false},"product_brand":[1420],"product_cat":[102,139,137],"product_tag":[],"class_list":{"0":"post-148461","1":"product","2":"type-product","3":"status-publish","4":"has-post-thumbnail","6":"product_brand-cetaphil","7":"product_cat-soin-et-bien-etre","8":"product_cat-corps_","9":"product_cat-visage","11":"first","12":"instock","13":"taxable","14":"shipping-taxable","15":"purchasable","16":"product-type-simple"},"acf":[],"_links":{"self":[{"href":"https:\/\/pharmacima.com\/ar\/wp-json\/wp\/v2\/product\/148461","targetHints":{"allow":["GET"]}}],"collection":[{"href":"https:\/\/pharmacima.com\/ar\/wp-json\/wp\/v2\/product"}],"about":[{"href":"https:\/\/pharmacima.com\/ar\/wp-json\/wp\/v2\/types\/product"}],"replies":[{"embeddable":true,"href":"https:\/\/pharmacima.com\/ar\/wp-json\/wp\/v2\/comments?post=148461"}],"wp:featuredmedia":[{"embeddable":true,"href":"https:\/\/pharmacima.com\/ar\/wp-json\/wp\/v2\/media\/148462"}],"wp:attachment":[{"href":"https:\/\/pharmacima.com\/ar\/wp-json\/wp\/v2\/media?parent=148461"}],"wp:term":[{"taxonomy":"product_brand","embeddable":true,"href":"https:\/\/pharmacima.com\/ar\/wp-json\/wp\/v2\/product_brand?post=148461"},{"taxonomy":"product_cat","embeddable":true,"href":"https:\/\/pharmacima.com\/ar\/wp-json\/wp\/v2\/product_cat?post=148461"},{"taxonomy":"product_tag","embeddable":true,"href":"https:\/\/pharmacima.com\/ar\/wp-json\/wp\/v2\/product_tag?post=148461"}],"curies":[{"name":"wp","href":"https:\/\/api.w.org\/{rel}","templated":true}]}}