{"id":148614,"date":"2025-12-07T12:08:13","date_gmt":"2025-12-07T11:08:13","guid":{"rendered":"https:\/\/pharmacima.com\/?post_type=product&#038;p=148614"},"modified":"2026-03-15T15:09:28","modified_gmt":"2026-03-15T14:09:28","slug":"gel-peaux-seches-50ml-bi-oil","status":"publish","type":"product","link":"https:\/\/pharmacima.com\/ar\/product\/gel-peaux-seches-50ml-bi-oil\/","title":{"rendered":"Gel peaux seches 50ml Bi Oil"},"content":{"rendered":"<h2><strong>\u0648\u0635\u0641 :\u00a0<\/strong><\/h2>\n<p class=\"preamble\">Bi Oil Gel Peaux S\u00e8ches 50 ml est un gel \u00e0 la formule sp\u00e9ciale pour les <strong>\u062c\u0644\u062f \u062c\u0627\u0641<\/strong>. \u064a\u062a\u0643\u0648\u0646 \u0645\u0646 \u0645\u0633\u062a\u062e\u0644\u0635\u0627\u062a \u0646\u0628\u0627\u062a\u064a\u0629 \u0648\u0641\u064a\u062a\u0627\u0645\u064a\u0646\u0627\u062a \u0645\u0639\u0644\u0642\u0629 \u0641\u064a \u0642\u0627\u0639\u062f\u0629 \u0632\u064a\u062a\u064a\u0629. \u0647\u0630\u0627 \u0627\u0644\u062c\u0644 \u0627\u0644\u0632\u064a\u062a\u064a \u063a\u0646\u064a \u0628\u0627\u0644\u0632\u064a\u0648\u062a \u0627\u0644\u0623\u0633\u0627\u0633\u064a\u0629 \u0645\u0646 \u0627\u0644\u0644\u0627\u0641\u0646\u062f\u0631 \u0648\u0625\u0643\u0644\u064a\u0644 \u0627\u0644\u062c\u0628\u0644 \u0648\u0627\u0644\u0628\u0627\u0628\u0648\u0646\u062c \u0627\u0644\u062a\u064a \u062a\u0639\u0645\u0644 \u062e\u0635\u0627\u0626\u0635\u0647\u0627 \u0627\u0644\u0646\u0627\u0639\u0645\u0629 \u0639\u0644\u0649 \u062a\u0647\u062f\u0626\u0629 \u0627\u0644\u0628\u0634\u0631\u0629 \u0648\u0634\u062f\u0647\u0627. \u064a\u062d\u062a\u0648\u064a \u0647\u0630\u0627 \u0627\u0644\u062c\u0644 \u0623\u064a\u0636\u064b\u0627 \u0639\u0644\u0649 \u0641\u064a\u062a\u0627\u0645\u064a\u0646\u0627\u062a A \u0648E\u060c \u0645\u0639 \u062e\u0635\u0627\u0626\u0635 \u0645\u0636\u0627\u062f\u0629 \u0644\u0644\u0623\u0643\u0633\u062f\u0629\u060c \u0645\u0645\u0627 \u064a\u0628\u0637\u0626 \u0634\u064a\u062e\u0648\u062e\u0629 \u0627\u0644\u062c\u0644\u062f \u0648\u064a\u0633\u0627\u0647\u0645 \u0641\u064a \u0645\u0631\u0648\u0646\u0629 \u0627\u0644\u062c\u0644\u062f.<\/p>\n<p class=\"preamble\">La meilleure fa\u00e7on de r\u00e9parer une peau s\u00e8che est d\u2019appliquer sur celle-ci une couche occlusive qui emp\u00eache l\u2019humidit\u00e9 de s\u2019\u00e9chapper. Pour remplir cette fonction, les produits pour peaux s\u00e8ches classiques (cr\u00e8mes, lotions et beurres) contiennent en moyenne 20 % d\u2019huile, de cire ou de beurre. Bi Oil\u00a0 Dry Skin Gel en contient 84 %. Depuis son lancement international en 2018, Bi Oil Dry Skin Gel a \u00e9t\u00e9 \u00e9lu Produit de l\u2019ann\u00e9e dans la cat\u00e9gorie des soins de la peau au Royaume-Uni, en France, en Italie et en Espagne.<\/p>\n<p class=\"preamble\">Non com\u00e9dog\u00e8ne, ce gel n\u2019obstrue pas les pores.<\/p>\n<h2><strong>\u0646\u0635\u064a\u062d\u0629 \u0627\u0644\u0627\u0633\u062a\u062e\u062f\u0627\u0645:\u00a0<\/strong><\/h2>\n<p class=\"preamble\">\u0636\u0639\u064a \u0643\u0645\u064a\u0629 \u0635\u063a\u064a\u0631\u0629 \u0639\u0644\u0649 \u0627\u0644\u0628\u0634\u0631\u0629 \u0627\u0644\u062c\u0627\u0641\u0629\u060c \u062d\u0633\u0628 \u0627\u0644\u062d\u0627\u062c\u0629\u060c \u0645\u0631\u0629 \u0623\u0648 \u0645\u0631\u062a\u064a\u0646 \u064a\u0648\u0645\u064a\u064b\u0627.<\/p>\n<p class=\"preamble\">\u0645\u0646\u0627\u0633\u0628\u0629 \u0644\u0644\u0628\u0634\u0631\u0629 \u0627\u0644\u062d\u0633\u0627\u0633\u0629. \u0627\u0644\u0623\u0637\u0641\u0627\u0644 \u0645\u0646 7 \u0633\u0646\u0648\u0627\u062a<\/p>\n<h2><strong>\u0627\u0644\u062a\u0631\u0643\u064a\u0628\u0629 :\u00a0<\/strong><\/h2>\n<p>\u0633\u0627\u0626\u0644 \u0628\u0627\u0631\u0627\u0641\u064a\u0646\u0648\u0645\u060c \u0628\u0627\u0644\u0645\u064a\u062a\u0627\u062a \u0627\u0644\u0622\u064a\u0632\u0648\u0628\u0631\u0648\u0628\u064a\u0644\u060c \u062a\u0631\u064a\u0633\u0648\u0646\u0627\u0646\u0648\u064a\u0646\u060c \u0625\u064a\u062b\u064a\u0644 \u0647\u0643\u0633\u0627\u0646\u0648\u0627\u062a \u0633\u064a\u062a\u064a\u0631\u064a\u0644\u060c \u062c\u0644\u064a\u0633\u0631\u064a\u0646\u060c \u0628\u0648\u062a\u064a\u0631\u0648\u0633\u0628\u064a\u0631\u0645\u0648\u0645 \u0628\u0627\u0631\u0643\u064a \u0632\u0628\u062f\u0629\u060c \u0623\u0643\u0648\u0627\u060c \u0645\u064a\u0631\u064a\u0633\u062a\u0627\u062a \u0627\u0644\u0622\u064a\u0632\u0648\u0628\u0631\u0648\u0628\u064a\u0644\u060c \u064a\u0648\u0631\u064a\u0627\u060c \u0643\u0627\u0628\u0631\u064a\u0644\u064a\u0643\/\u0643\u0627\u0628\u0631\u064a\u0643 \u062b\u0644\u0627\u062b\u064a \u0627\u0644\u062c\u0644\u064a\u0633\u0631\u064a\u062f\u060c \u0625\u064a\u0632\u0648\u0633\u062a\u064a\u0631\u064a\u0644 \u0625\u064a\u0632\u0648\u0633\u062a\u064a\u0631\u064a\u062a\u060c c26-28 \u0623\u0644\u0643\u064a\u0644 \u062b\u0646\u0627\u0626\u064a \u0645\u064a\u062b\u064a\u0643\u0648\u0646\u060c \u0644\u0627\u0643\u062a\u0627\u062a \u0627\u0644\u0635\u0648\u062f\u064a\u0648\u0645\u060c PCA \u0627\u0644\u0635\u0648\u062f\u064a\u0648\u0645\u060c \u0647\u064a\u0627\u0644\u0648\u0631\u0648\u0646\u0627\u062a \u0627\u0644\u0635\u0648\u062f\u064a\u0648\u0645\u060c \u0623\u0648\u0643\u062a\u064a\u0644\u062f\u0648\u062f\u064a\u0633\u064a\u0644 PC \u0623\u060c \u0644\u0648\u0631\u0627\u062a \u0627\u0644\u0633\u0643\u0631\u0648\u0632\u060c \u0633\u062a\u064a\u0631\u0627\u062a \u0627\u0644\u0633\u0643\u0631\u0648\u0632\u060c \u062d\u0645\u0636 \u0627\u0644\u0644\u0627\u0643\u062a\u064a\u0643\u060c \u0644\u0627\u0646\u0648\u0644\u064a\u0646\u060c \u0628\u0648\u062a\u064a\u0644\u064a\u0646 \u062c\u0644\u0627\u064a\u0643\u0648\u0644\u060c \u062b\u0646\u0627\u0626\u064a \u0645\u064a\u062b\u064a\u0643\u0648\u0646\/\u0641\u064a\u0646\u064a\u0644 \u062b\u0646\u0627\u0626\u064a \u0645\u064a\u062b\u064a\u0643\u0648\u0646 \u0643\u0631\u0648\u0633 \u0628\u0648\u0644\u064a\u0645\u0631\u060c \u0628\u064a\u0633\u0627\u0628\u0648\u0644\u0648\u0644\u060c \u0632\u064a\u062a \u0628\u0630\u0648\u0631 \u0647\u064a\u0644\u064a\u0627\u0646\u062b\u0648\u0633 \u0623\u0646\u0648\u0633\u060c \u0633\u064a\u0644\u064a\u0643\u0627\u060c \u0632\u064a\u062a \u062c\u0644\u064a\u0643\u0627\u064a\u0646 \u0633\u0648\u062c\u0627\u060c \u0628\u0648\u062a\u064a\u0644 \u0647\u064a\u062f\u0631\u0648\u0643\u0633\u064a \u062a\u0648\u0644\u0648\u064a\u0646\u060c \u0631\u064a\u062a\u064a\u0646\u064a\u0644 \u0628\u0627\u0644\u0645\u064a\u062a\u0627\u062a\u060c \u0623\u0633\u064a\u062a\u0627\u062a \u0627\u0644\u062a\u0648\u0643\u0648\u0641\u064a\u0631\u0644\u060c \u0646\u064a\u0627\u0633\u064a\u0646\u0627\u0645\u064a\u062f\u060c \u062d\u0645\u0636 \u0627\u0644\u0644\u064a\u0646\u0648\u0644\u064a\u0643\u060c \u062d\u0645\u0636 \u0627\u0644\u0644\u064a\u0646\u0648\u0644\u064a\u0646\u064a\u0643\u060c \u062a\u0648\u0643\u0648\u0641\u064a\u0631\u0648\u0644. \u060c \u0632\u064a\u062a \u0632\u0647\u0631\u0629 \u0623\u0646\u062b\u064a\u0645\u064a\u0633 \u0646\u0648\u0628\u064a\u0644\u064a\u0633\u060c \u0645\u0633\u062a\u062e\u0644\u0635 \u0622\u0630\u0631\u064a\u0648\u0646 \u0623\u0648\u0641\u064a\u0633\u064a\u0646\u0627\u0644\u064a\u0633\u060c \u0632\u064a\u062a \u0623\u0648\u0631\u0627\u0642 \u0625\u0643\u0644\u064a\u0644 \u0627\u0644\u062c\u0628\u0644\u060c \u0632\u064a\u062a \u0644\u0627\u0641\u0627\u0646\u062f\u0648\u0644\u0627 \u0623\u0646\u062c\u0648\u0633\u062a\u064a\u0641\u0648\u0644\u064a\u0627\u060c \u0639\u0637\u0631\u060c \u0641\u0627\u0631\u0646\u064a\u0633\u0648\u0644\u060c \u0644\u064a\u0645\u0648\u0646\u064a\u0646\u060c \u0644\u064a\u0646\u0627\u0644\u0648\u0644\u060c CI 17200.<\/p>","protected":false},"excerpt":{"rendered":"<p>DESCRIPTION :\u00a0 Bi Oil Gel Peaux S\u00e8ches 50 ml est un gel \u00e0 la formule sp\u00e9ciale pour les peaux s\u00e8ches.\u00a0Il se compose d\u2019extraits de plantes et de vitamines en suspension dans une base huileuse. Ce gel huileux est riche en huiles essentielles de Lavande, Romarin et Camomille dont les vertus adoucissantes calmeront et raffermiront votre [&hellip;]<\/p>\n","protected":false},"featured_media":148615,"comment_status":"open","ping_status":"closed","template":"","meta":{"_acf_changed":false},"product_brand":[1415],"product_cat":[139,102],"product_tag":[],"class_list":{"0":"post-148614","1":"product","2":"type-product","3":"status-publish","4":"has-post-thumbnail","6":"product_brand-bio-oil","7":"product_cat-corps_","8":"product_cat-soin-et-bien-etre","10":"first","11":"instock","12":"sale","13":"taxable","14":"shipping-taxable","15":"purchasable","16":"product-type-simple"},"acf":[],"_links":{"self":[{"href":"https:\/\/pharmacima.com\/ar\/wp-json\/wp\/v2\/product\/148614","targetHints":{"allow":["GET"]}}],"collection":[{"href":"https:\/\/pharmacima.com\/ar\/wp-json\/wp\/v2\/product"}],"about":[{"href":"https:\/\/pharmacima.com\/ar\/wp-json\/wp\/v2\/types\/product"}],"replies":[{"embeddable":true,"href":"https:\/\/pharmacima.com\/ar\/wp-json\/wp\/v2\/comments?post=148614"}],"wp:featuredmedia":[{"embeddable":true,"href":"https:\/\/pharmacima.com\/ar\/wp-json\/wp\/v2\/media\/148615"}],"wp:attachment":[{"href":"https:\/\/pharmacima.com\/ar\/wp-json\/wp\/v2\/media?parent=148614"}],"wp:term":[{"taxonomy":"product_brand","embeddable":true,"href":"https:\/\/pharmacima.com\/ar\/wp-json\/wp\/v2\/product_brand?post=148614"},{"taxonomy":"product_cat","embeddable":true,"href":"https:\/\/pharmacima.com\/ar\/wp-json\/wp\/v2\/product_cat?post=148614"},{"taxonomy":"product_tag","embeddable":true,"href":"https:\/\/pharmacima.com\/ar\/wp-json\/wp\/v2\/product_tag?post=148614"}],"curies":[{"name":"wp","href":"https:\/\/api.w.org\/{rel}","templated":true}]}}