{"id":148616,"date":"2025-12-07T12:15:33","date_gmt":"2025-12-07T11:15:33","guid":{"rendered":"https:\/\/pharmacima.com\/?post_type=product&#038;p=148616"},"modified":"2025-12-08T18:14:20","modified_gmt":"2025-12-08T17:14:20","slug":"huile-de-soin-naturelle-60ml-bi-oil","status":"publish","type":"product","link":"https:\/\/pharmacima.com\/ar\/product\/huile-de-soin-naturelle-60ml-bi-oil\/","title":{"rendered":"Huile de soin Naturelle 60ml Bi oil"},"content":{"rendered":"<h2><strong>\u0648\u0635\u0641 :\u00a0<\/strong><\/h2>\n<p><b>BI OIL HUILE DE SOIN NATURELLE 60ML <\/b>a une formule unique \u00e0 base de PurCellin Oil pour aider \u00e0 am\u00e9liorer l&rsquo;apparence des cicatrices, des vergetures, du teint irr\u00e9gulier, mais aussi les signes ext\u00e9rieurs du vieillissement et des peaux d\u00e9shydrat\u00e9es.<\/p>\n<p>Bi Oil Huile de Soin (Naturelle) 60 ml est un soin sp\u00e9cialis\u00e9 \u00e0 l&rsquo;absorption rapide pour les cicatrices et les vergetures qui contient 100% d&rsquo;ingr\u00e9dients naturels.<\/p>\n<ul>\n<li>Les cicatrices : le soin aide \u00e0 am\u00e9liorer l&rsquo;apparence des anciennes et des nouvelles cicatrices.<\/li>\n<li>Les vergetures : le soin aide \u00e0 r\u00e9duire le risque de formation de vergetures pendant la grossesse, les pouss\u00e9es de croissance \u00e0 l&rsquo;adolescence et lors de p\u00e9riodes de prise de poids rapide. Il aide \u00e0 am\u00e9liorer l&rsquo;apparence des vergetures existantes.<\/li>\n<li>Le teint irr\u00e9gulier : le soin aide \u00e0 am\u00e9liorer l&rsquo;apparence du teint irrr\u00e9gulier des deux types de peau, claire et fonc\u00e9e.<\/li>\n<li>Le vieillissement cutan\u00e9 et la peau d\u00e9shydrat\u00e9e : le soin contribue \u00e0 lisser et \u00e0 att\u00e9nuer les rides et les signes de vieillissements de la peau du visage et du corps. Il aide \u00e0 maintenir l&rsquo;hydratation de la peau.<\/li>\n<\/ul>\n<p>Convient aux peaux sensibles.<\/p>\n<p>\u063a\u064a\u0631 \u0643\u0648\u0645\u064a\u062f\u0648\u063a\u064a\u0646\u064a\u0643.<\/p>\n<h2><strong>\u0627\u0633\u062a\u062e\u062f\u0627\u0645 \u0627\u0644\u0645\u0634\u0648\u0631\u0629:\u00a0<\/strong><\/h2>\n<p>Appliquer deux fois par jour pendant au moins trois mois.<br \/>\nPendant la grossesse appliquer deux fois par jour \u00e0 partir du premier trimestre et continuer l&rsquo;utilisation apr\u00e8s la naissance.<br \/>\nLes r\u00e9sultats peuvent varier d&rsquo;une personne \u00e0 l&rsquo;autre.<\/p>\n<h2><strong>\u0627\u0644\u062a\u0631\u0643\u064a\u0628\u0629 :\u00a0<\/strong><\/h2>\n<div class=\"product-description\">\n<div id=\"section-botaniques\" class=\"content-section h2-section\">\n<p>Glycine Soja Oil, Helianthus Annuus Seed Oil, Carthamus Tinctorius Seed Oil, Simmondsia Chinensis Seed Bi Oil, Salvia Hispanica Seed Oil, Punica Granatum Seed Oil, Plukenetia Volubilis Seed Oil, Triticum Vulgare Germ Oil, Rosa Canina Fruit Oil, Calendula Officinalis Extract, Lavandula Angustifolia Oil, Rosmarinus Officinalis Leaf Oil, Anthemis Nobilis Flower Oil, Pogostermon Cablin Leaf Oil, Bisabolol, Tocopherol.<\/p>\n<\/div>\n<\/div>","protected":false},"excerpt":{"rendered":"<p>DESCRIPTION :\u00a0 BI OIL HUILE DE SOIN NATURELLE 60ML a une formule unique \u00e0 base de PurCellin Oil pour aider \u00e0 am\u00e9liorer l&rsquo;apparence des cicatrices, des vergetures, du teint irr\u00e9gulier, mais aussi les signes ext\u00e9rieurs du vieillissement et des peaux d\u00e9shydrat\u00e9es. Bi Oil Huile de Soin (Naturelle) 60 ml est un soin sp\u00e9cialis\u00e9 \u00e0 l&rsquo;absorption [&hellip;]<\/p>\n","protected":false},"featured_media":148617,"comment_status":"open","ping_status":"closed","template":"","meta":{"_acf_changed":false},"product_brand":[1415],"product_cat":[139,102,137],"product_tag":[],"class_list":{"0":"post-148616","1":"product","2":"type-product","3":"status-publish","4":"has-post-thumbnail","6":"product_brand-bio-oil","7":"product_cat-corps_","8":"product_cat-soin-et-bien-etre","9":"product_cat-visage","11":"first","12":"instock","13":"sale","14":"taxable","15":"shipping-taxable","16":"purchasable","17":"product-type-simple"},"acf":[],"_links":{"self":[{"href":"https:\/\/pharmacima.com\/ar\/wp-json\/wp\/v2\/product\/148616","targetHints":{"allow":["GET"]}}],"collection":[{"href":"https:\/\/pharmacima.com\/ar\/wp-json\/wp\/v2\/product"}],"about":[{"href":"https:\/\/pharmacima.com\/ar\/wp-json\/wp\/v2\/types\/product"}],"replies":[{"embeddable":true,"href":"https:\/\/pharmacima.com\/ar\/wp-json\/wp\/v2\/comments?post=148616"}],"wp:featuredmedia":[{"embeddable":true,"href":"https:\/\/pharmacima.com\/ar\/wp-json\/wp\/v2\/media\/148617"}],"wp:attachment":[{"href":"https:\/\/pharmacima.com\/ar\/wp-json\/wp\/v2\/media?parent=148616"}],"wp:term":[{"taxonomy":"product_brand","embeddable":true,"href":"https:\/\/pharmacima.com\/ar\/wp-json\/wp\/v2\/product_brand?post=148616"},{"taxonomy":"product_cat","embeddable":true,"href":"https:\/\/pharmacima.com\/ar\/wp-json\/wp\/v2\/product_cat?post=148616"},{"taxonomy":"product_tag","embeddable":true,"href":"https:\/\/pharmacima.com\/ar\/wp-json\/wp\/v2\/product_tag?post=148616"}],"curies":[{"name":"wp","href":"https:\/\/api.w.org\/{rel}","templated":true}]}}