{"id":148631,"date":"2025-12-07T16:38:20","date_gmt":"2025-12-07T15:38:20","guid":{"rendered":"https:\/\/pharmacima.com\/?post_type=product&#038;p=148631"},"modified":"2026-03-15T15:08:28","modified_gmt":"2026-03-15T14:08:28","slug":"levrestherapy-au-beurre-de-cacao-vaseline","status":"publish","type":"product","link":"https:\/\/pharmacima.com\/ar\/product\/levrestherapy-au-beurre-de-cacao-vaseline\/","title":{"rendered":"LevresTherapy au beurre de cacao 4.8g Vaseline"},"content":{"rendered":"<h1><strong>\u0648\u0635\u0641 :\u00a0<\/strong><\/h1>\n<h2>Le baume \u00e0 l\u00e8vres Vaseline Lip Therapy Stick au beurre de cacao (4,8 g) offre un soin intensif aux l\u00e8vres s\u00e8ches et gerc\u00e9es en associant le pouvoir hydratant de la vaseline\u00ae aux bienfaits nourrissants des beurres de cacao et de karit\u00e9.<\/h2>\n<p>Enrichi en vitamine E, ce baume non gras et facile \u00e0 appliquer glisse en douceur, hydrate durablement et laisse les l\u00e8vres douces, souples et saines. Son format pratique en fait un indispensable de votre routine de soin quotidienne, pour des l\u00e8vres choy\u00e9es o\u00f9 que vous soyez.<\/p>\n<div id=\"featurebullets_feature_div\" class=\"celwidget\" data-feature-name=\"featurebullets\" data-csa-c-type=\"widget\" data-csa-c-content-id=\"featurebullets\" data-csa-c-slot-id=\"featurebullets_feature_div\" data-csa-c-asin=\"B0983R9X7M\" data-csa-c-is-in-initial-active-row=\"false\" data-cel-widget=\"featurebullets_feature_div\" data-csa-c-id=\"1k0pvv-pzlek7-tnvee3-casnuz\">\n<div id=\"feature-bullets\" class=\"a-section a-spacing-medium a-spacing-top-small\">\n<ul class=\"a-unordered-list a-vertical a-spacing-mini\">\n<li class=\"a-spacing-mini\"><span class=\"a-list-item\"><span dir=\"auto\">Hydratation intensive \u2013 Formul\u00e9 avec de la gel\u00e9e de p\u00e9trole Vaseline pour retenir l&rsquo;hydratation, offrant une hydratation longue dur\u00e9e aux l\u00e8vres s\u00e8ches et gerc\u00e9es.<\/span><\/span><\/li>\n<li class=\"a-spacing-mini\"><span class=\"a-list-item\"><span dir=\"auto\">Enrichi en beurres de cacao et de karit\u00e9 \u2013 Contient des beurres de cacao et de karit\u00e9 naturels reconnus pour nourrir et apaiser les l\u00e8vres, les laissant douces et choy\u00e9es.<\/span><\/span><\/li>\n<li class=\"a-spacing-mini\"><span class=\"a-list-item\"><span dir=\"auto\">Enrichi en vitamine E \u2013 Contient de la vitamine E pour des l\u00e8vres plus saines, pour un aspect lisse et souple.<\/span><\/span><\/li>\n<li class=\"a-spacing-mini\"><span class=\"a-list-item\"><span dir=\"auto\">Formule non grasse \u2013 Poss\u00e8de une texture non collante et non grasse qui s&rsquo;applique en douceur pour un confort optimal.<\/span><\/span><\/li>\n<li class=\"a-spacing-mini\"><span class=\"a-list-item\"><span dir=\"auto\">Format stick pratique \u2013 Con\u00e7u sous forme de stick facile \u00e0 utiliser pour une application pr\u00e9cise, il est id\u00e9al pour prendre soin de ses l\u00e8vres en d\u00e9placement.<\/span><\/span><\/li>\n<\/ul>\n<\/div>\n<\/div>\n<div id=\"brandSnapshot_feature_div\" class=\"celwidget\" data-feature-name=\"brandSnapshot_desktop\" data-csa-c-type=\"widget\" data-csa-c-content-id=\"brandSnapshot_desktop\" data-csa-c-slot-id=\"brandSnapshot_feature_div\" data-csa-c-asin=\"B0983R9X7M\" data-csa-c-is-in-initial-active-row=\"false\" data-cel-widget=\"brandSnapshot_feature_div\" data-csa-c-id=\"m2bhn8-xzwzea-9dn9p2-2cizl4\">\n<div class=\"a-cardui-deck\" data-a-remove-top-gutter=\"\" data-a-remove-bottom-gutter=\"\">\n<div class=\"a-cardui brand-snapshot-card-container\" data-a-card-type=\"basic\">\n<div class=\"a-cardui-body brand-snapshot-card-container brand-snapshot-card-content\">\n<div class=\"a-section a-spacing-medium brand-snapshot-flex-row\" role=\"heading\" aria-level=\"2\">\n<div class=\"a-section a-text-center brand-snapshot-title-container\">\n<h2><strong><span dir=\"auto\">\u0646\u0635\u0627\u0626\u062d \u0627\u0644\u0645\u0633\u062a\u062e\u062f\u0645:\u00a0<\/span><\/strong><\/h2>\n<p><span dir=\"auto\">Appliquez une petite quantit\u00e9 de baume \u00e0 l\u00e8vres sur les l\u00e8vres au besoin.<\/span><\/p>\n<h2><strong>\u0627\u0644\u062a\u0631\u0643\u064a\u0628\u0629 :\u00a0<\/strong><\/h2>\n<p><span dir=\"auto\">Octyldod\u00e9canol, cire microcristalline, triglyc\u00e9ride caprylique, huile de graines de Ricinus communis (ricin), palmitate de c\u00e9tyle, vaseline, myristate de myristyle, dist\u00e9arate de polyglyc\u00e9ryl-3, eau, beurre de karit\u00e9, beurre de cacao, cire de carnauba, alcool c\u00e9t\u00e9arylique, st\u00e9arate d&rsquo;alkyle en C20-40, cire d&rsquo;abeille, glyc\u00e9rine, ac\u00e9tate de tocoph\u00e9ryle, huile de graines de jojoba, extrait de feuilles de Camellia sinensis, extrait de fruit d&rsquo;avocat, huile de graines de Macadamia integrifolia, butyl\u00e8ne glycol, parfum, oxydes de fer<\/span><\/p>\n<\/div>\n<\/div>\n<\/div>\n<\/div>\n<\/div>\n<\/div>","protected":false},"excerpt":{"rendered":"<p>DESCRIPTION :\u00a0 Le baume \u00e0 l\u00e8vres Vaseline Lip Therapy Stick au beurre de cacao (4,8 g) offre un soin intensif aux l\u00e8vres s\u00e8ches et gerc\u00e9es en associant le pouvoir hydratant de la vaseline\u00ae aux bienfaits nourrissants des beurres de cacao et de karit\u00e9. Enrichi en vitamine E, ce baume non gras et facile \u00e0 appliquer [&hellip;]<\/p>\n","protected":false},"featured_media":148632,"comment_status":"open","ping_status":"closed","template":"","meta":{"_acf_changed":false},"product_brand":[1550],"product_cat":[710,102],"product_tag":[],"class_list":{"0":"post-148631","1":"product","2":"type-product","3":"status-publish","4":"has-post-thumbnail","6":"product_brand-vaseline","7":"product_cat-levres","8":"product_cat-soin-et-bien-etre","10":"first","11":"instock","12":"sale","13":"taxable","14":"shipping-taxable","15":"purchasable","16":"product-type-simple"},"acf":[],"_links":{"self":[{"href":"https:\/\/pharmacima.com\/ar\/wp-json\/wp\/v2\/product\/148631","targetHints":{"allow":["GET"]}}],"collection":[{"href":"https:\/\/pharmacima.com\/ar\/wp-json\/wp\/v2\/product"}],"about":[{"href":"https:\/\/pharmacima.com\/ar\/wp-json\/wp\/v2\/types\/product"}],"replies":[{"embeddable":true,"href":"https:\/\/pharmacima.com\/ar\/wp-json\/wp\/v2\/comments?post=148631"}],"wp:featuredmedia":[{"embeddable":true,"href":"https:\/\/pharmacima.com\/ar\/wp-json\/wp\/v2\/media\/148632"}],"wp:attachment":[{"href":"https:\/\/pharmacima.com\/ar\/wp-json\/wp\/v2\/media?parent=148631"}],"wp:term":[{"taxonomy":"product_brand","embeddable":true,"href":"https:\/\/pharmacima.com\/ar\/wp-json\/wp\/v2\/product_brand?post=148631"},{"taxonomy":"product_cat","embeddable":true,"href":"https:\/\/pharmacima.com\/ar\/wp-json\/wp\/v2\/product_cat?post=148631"},{"taxonomy":"product_tag","embeddable":true,"href":"https:\/\/pharmacima.com\/ar\/wp-json\/wp\/v2\/product_tag?post=148631"}],"curies":[{"name":"wp","href":"https:\/\/api.w.org\/{rel}","templated":true}]}}