{"id":148691,"date":"2025-12-14T15:19:32","date_gmt":"2025-12-14T14:19:32","guid":{"rendered":"https:\/\/pharmacima.com\/?post_type=product&#038;p=148691"},"modified":"2026-04-27T12:47:00","modified_gmt":"2026-04-27T11:47:00","slug":"preservatif-3-pieces-invisible-durex","status":"publish","type":"product","link":"https:\/\/pharmacima.com\/ar\/product\/preservatif-3-pieces-invisible-durex\/","title":{"rendered":"Preservatif 3 pieces Invisible Durex"},"content":{"rendered":"<h2><strong>\u0648\u0635\u0641 :<\/strong><\/h2>\n<ul class=\"a-unordered-list a-vertical a-spacing-mini\">\n<li class=\"a-spacing-mini\"><span class=\"a-list-item\"><span dir=\"auto\">DUREX INVISIBLE\u00a0: Si fins qu\u2019ils sont presque invisibles, ces pr\u00e9servatifs fins sont la solution id\u00e9ale pour profiter d\u2019une sensibilit\u00e9 maximale en toute s\u00e9curit\u00e9.<\/span><\/span><\/li>\n<li class=\"a-spacing-mini\"><span class=\"a-list-item\"><span dir=\"auto\">ULTRA FIN ET ULTRA SENSIBLE : Les pr\u00e9servatifs invisibles sont les plus fins con\u00e7us par et sont pens\u00e9s pour une sensibilit\u00e9 maximale tout en offrant une protection optimale.<\/span><\/span><\/li>\n<li class=\"a-spacing-mini\"><span class=\"a-list-item\"><span dir=\"auto\">TRANSPARENTS : Extra fins, lubrifi\u00e9s et presque transparents ; ces pr\u00e9servatifs sont fabriqu\u00e9s \u00e0 partir de latex de caoutchouc naturel<\/span><\/span><\/li>\n<li class=\"a-spacing-mini\"><span class=\"a-list-item\"><span dir=\"auto\">QUALIT\u00c9 : Chaque pr\u00e9servatif Durex pour hommes est test\u00e9 \u00e9lectroniquement \u00e0 100 % pour sa r\u00e9sistance, sa souplesse et sa fiabilit\u00e9, et poss\u00e8de un parfum agr\u00e9able.<\/span><\/span><\/li>\n<li class=\"a-spacing-mini\"><span class=\"a-list-item\"><span dir=\"auto\">LIVRAISON DISCR\u00c8TE : Aucun \u00e9l\u00e9ment ext\u00e9rieur indiquant le contenu du colis<\/span><\/span><\/li>\n<\/ul>","protected":false},"excerpt":{"rendered":"<p>DESCRIPTION : DUREX INVISIBLE\u00a0: Si fins qu\u2019ils sont presque invisibles, ces pr\u00e9servatifs fins sont la solution id\u00e9ale pour profiter d\u2019une sensibilit\u00e9 maximale en toute s\u00e9curit\u00e9. ULTRA FIN ET ULTRA SENSIBLE : Les pr\u00e9servatifs invisibles sont les plus fins con\u00e7us par et sont pens\u00e9s pour une sensibilit\u00e9 maximale tout en offrant une protection optimale. TRANSPARENTS : [&hellip;]<\/p>\n","protected":false},"featured_media":148692,"comment_status":"open","ping_status":"closed","template":"","meta":{"_acf_changed":false},"product_brand":[1407],"product_cat":[96],"product_tag":[],"class_list":{"0":"post-148691","1":"product","2":"type-product","3":"status-publish","4":"has-post-thumbnail","6":"product_brand-durex","7":"product_cat-hygiene-protection","9":"first","10":"instock","11":"taxable","12":"shipping-taxable","13":"purchasable","14":"product-type-simple"},"acf":[],"_links":{"self":[{"href":"https:\/\/pharmacima.com\/ar\/wp-json\/wp\/v2\/product\/148691","targetHints":{"allow":["GET"]}}],"collection":[{"href":"https:\/\/pharmacima.com\/ar\/wp-json\/wp\/v2\/product"}],"about":[{"href":"https:\/\/pharmacima.com\/ar\/wp-json\/wp\/v2\/types\/product"}],"replies":[{"embeddable":true,"href":"https:\/\/pharmacima.com\/ar\/wp-json\/wp\/v2\/comments?post=148691"}],"wp:featuredmedia":[{"embeddable":true,"href":"https:\/\/pharmacima.com\/ar\/wp-json\/wp\/v2\/media\/148692"}],"wp:attachment":[{"href":"https:\/\/pharmacima.com\/ar\/wp-json\/wp\/v2\/media?parent=148691"}],"wp:term":[{"taxonomy":"product_brand","embeddable":true,"href":"https:\/\/pharmacima.com\/ar\/wp-json\/wp\/v2\/product_brand?post=148691"},{"taxonomy":"product_cat","embeddable":true,"href":"https:\/\/pharmacima.com\/ar\/wp-json\/wp\/v2\/product_cat?post=148691"},{"taxonomy":"product_tag","embeddable":true,"href":"https:\/\/pharmacima.com\/ar\/wp-json\/wp\/v2\/product_tag?post=148691"}],"curies":[{"name":"wp","href":"https:\/\/api.w.org\/{rel}","templated":true}]}}