{"id":148693,"date":"2025-12-14T15:30:20","date_gmt":"2025-12-14T14:30:20","guid":{"rendered":"https:\/\/pharmacima.com\/?post_type=product&#038;p=148693"},"modified":"2026-04-25T11:44:22","modified_gmt":"2026-04-25T10:44:22","slug":"preservatifs-3-pieces-bubbelgum-durex","status":"publish","type":"product","link":"https:\/\/pharmacima.com\/ar\/product\/preservatifs-3-pieces-bubbelgum-durex\/","title":{"rendered":"Preservatifs 3 pieces BubbelGum Durex"},"content":{"rendered":"<h2><strong>\u0648\u0635\u0641 :\u00a0<\/strong><\/h2>\n<p>\u0627\u0644 <strong data-start=\"108\" data-end=\"142\">pr\u00e9servatifs Durex <em data-start=\"129\" data-end=\"140\">Bubblegum<\/em><\/strong> en pack de <strong data-start=\"154\" data-end=\"166\">3 pi\u00e8ces<\/strong> sont des pr\u00e9servatifs masculins en <strong data-start=\"202\" data-end=\"219\">latex naturel<\/strong> con\u00e7us pour offrir <strong data-start=\"239\" data-end=\"265\">protection et s\u00e9curit\u00e9<\/strong> lors des rapports intimes tout en ajoutant une touche ludique. Ils sont <strong data-start=\"338\" data-end=\"352\">extra-fins<\/strong> pour une sensation plus naturelle et plus proche, et sont <strong data-start=\"411\" data-end=\"428\">pr\u00e9-lubrifi\u00e9s<\/strong> pour faciliter la mise en place et am\u00e9liorer le confort.<\/p>\n<p>Chaque pr\u00e9servatif est <strong data-start=\"548\" data-end=\"574\">\u00e9lectroniquement test\u00e9<\/strong> pour garantir son int\u00e9grit\u00e9 et contribuer \u00e0 r\u00e9duire les risques de grossesse non d\u00e9sir\u00e9e et de transmission d\u2019infections sexuellement transmissibles (IST) lorsqu\u2019il est utilis\u00e9 correctement. La <strong data-start=\"769\" data-end=\"789\">saveur bubblegum<\/strong> apporte une note sucr\u00e9e et originale, particuli\u00e8rement appr\u00e9ci\u00e9e pour les rapports oraux ou pour varier les sensations.<\/p>","protected":false},"excerpt":{"rendered":"<p>DESCRIPTION :\u00a0 Les pr\u00e9servatifs Durex Bubblegum en pack de 3 pi\u00e8ces sont des pr\u00e9servatifs masculins en latex naturel con\u00e7us pour offrir protection et s\u00e9curit\u00e9 lors des rapports intimes tout en ajoutant une touche ludique. Ils sont extra-fins pour une sensation plus naturelle et plus proche, et sont pr\u00e9-lubrifi\u00e9s pour faciliter la mise en place et [&hellip;]<\/p>\n","protected":false},"featured_media":148694,"comment_status":"open","ping_status":"closed","template":"","meta":{"_acf_changed":false},"product_brand":[1407],"product_cat":[96],"product_tag":[],"class_list":{"0":"post-148693","1":"product","2":"type-product","3":"status-publish","4":"has-post-thumbnail","6":"product_brand-durex","7":"product_cat-hygiene-protection","9":"first","10":"instock","11":"taxable","12":"shipping-taxable","13":"purchasable","14":"product-type-simple"},"acf":[],"_links":{"self":[{"href":"https:\/\/pharmacima.com\/ar\/wp-json\/wp\/v2\/product\/148693","targetHints":{"allow":["GET"]}}],"collection":[{"href":"https:\/\/pharmacima.com\/ar\/wp-json\/wp\/v2\/product"}],"about":[{"href":"https:\/\/pharmacima.com\/ar\/wp-json\/wp\/v2\/types\/product"}],"replies":[{"embeddable":true,"href":"https:\/\/pharmacima.com\/ar\/wp-json\/wp\/v2\/comments?post=148693"}],"wp:featuredmedia":[{"embeddable":true,"href":"https:\/\/pharmacima.com\/ar\/wp-json\/wp\/v2\/media\/148694"}],"wp:attachment":[{"href":"https:\/\/pharmacima.com\/ar\/wp-json\/wp\/v2\/media?parent=148693"}],"wp:term":[{"taxonomy":"product_brand","embeddable":true,"href":"https:\/\/pharmacima.com\/ar\/wp-json\/wp\/v2\/product_brand?post=148693"},{"taxonomy":"product_cat","embeddable":true,"href":"https:\/\/pharmacima.com\/ar\/wp-json\/wp\/v2\/product_cat?post=148693"},{"taxonomy":"product_tag","embeddable":true,"href":"https:\/\/pharmacima.com\/ar\/wp-json\/wp\/v2\/product_tag?post=148693"}],"curies":[{"name":"wp","href":"https:\/\/api.w.org\/{rel}","templated":true}]}}