{"id":148695,"date":"2025-12-14T15:39:34","date_gmt":"2025-12-14T14:39:34","guid":{"rendered":"https:\/\/pharmacima.com\/?post_type=product&#038;p=148695"},"modified":"2026-04-23T22:41:23","modified_gmt":"2026-04-23T21:41:23","slug":"preservatifs-fraise-3-pieces-durex","status":"publish","type":"product","link":"https:\/\/pharmacima.com\/ar\/product\/preservatifs-fraise-3-pieces-durex\/","title":{"rendered":"Preservatifs Fraise 3 Pieces Durex"},"content":{"rendered":"<h2>\u0648\u0635\u0641<strong> :<\/strong><\/h2>\n<p data-start=\"70\" data-end=\"417\">\u0627\u0644 <strong data-start=\"74\" data-end=\"107\">pr\u00e9servatifs Durex Strawberry<\/strong> sont des pr\u00e9servatifs masculins en <strong data-start=\"143\" data-end=\"160\">latex naturel<\/strong>, con\u00e7us pour offrir une <strong data-start=\"185\" data-end=\"206\">protection fiable<\/strong> tout en apportant une touche gourmande gr\u00e2ce \u00e0 leur <strong data-start=\"259\" data-end=\"283\">ar\u00f4me et go\u00fbt fraise<\/strong>. Ils sont particuli\u00e8rement appr\u00e9ci\u00e9s pour les <strong data-start=\"330\" data-end=\"348\">rapports oraux<\/strong>, tout en restant parfaitement adapt\u00e9s aux rapports sexuels prot\u00e9g\u00e9s.<\/p>\n<p data-start=\"419\" data-end=\"688\">Ils sont <strong data-start=\"428\" data-end=\"445\">pr\u00e9-lubrifi\u00e9s<\/strong> pour plus de confort et une meilleure glisse, et leur <strong data-start=\"500\" data-end=\"516\">texture fine<\/strong> permet de conserver des sensations naturelles. Comme tous les pr\u00e9servatifs Durex, ils sont <strong data-start=\"608\" data-end=\"650\">rigoureusement test\u00e9s \u00e9lectroniquement<\/strong> afin de garantir s\u00e9curit\u00e9 et qualit\u00e9.<\/p>","protected":false},"excerpt":{"rendered":"<p>DESCRIPTION : Les pr\u00e9servatifs Durex Strawberry sont des pr\u00e9servatifs masculins en latex naturel, con\u00e7us pour offrir une protection fiable tout en apportant une touche gourmande gr\u00e2ce \u00e0 leur ar\u00f4me et go\u00fbt fraise. Ils sont particuli\u00e8rement appr\u00e9ci\u00e9s pour les rapports oraux, tout en restant parfaitement adapt\u00e9s aux rapports sexuels prot\u00e9g\u00e9s. Ils sont pr\u00e9-lubrifi\u00e9s pour plus de [&hellip;]<\/p>\n","protected":false},"featured_media":148696,"comment_status":"open","ping_status":"closed","template":"","meta":{"_acf_changed":false},"product_brand":[1407],"product_cat":[96],"product_tag":[],"class_list":{"0":"post-148695","1":"product","2":"type-product","3":"status-publish","4":"has-post-thumbnail","6":"product_brand-durex","7":"product_cat-hygiene-protection","9":"first","10":"instock","11":"taxable","12":"shipping-taxable","13":"purchasable","14":"product-type-simple"},"acf":[],"_links":{"self":[{"href":"https:\/\/pharmacima.com\/ar\/wp-json\/wp\/v2\/product\/148695","targetHints":{"allow":["GET"]}}],"collection":[{"href":"https:\/\/pharmacima.com\/ar\/wp-json\/wp\/v2\/product"}],"about":[{"href":"https:\/\/pharmacima.com\/ar\/wp-json\/wp\/v2\/types\/product"}],"replies":[{"embeddable":true,"href":"https:\/\/pharmacima.com\/ar\/wp-json\/wp\/v2\/comments?post=148695"}],"wp:featuredmedia":[{"embeddable":true,"href":"https:\/\/pharmacima.com\/ar\/wp-json\/wp\/v2\/media\/148696"}],"wp:attachment":[{"href":"https:\/\/pharmacima.com\/ar\/wp-json\/wp\/v2\/media?parent=148695"}],"wp:term":[{"taxonomy":"product_brand","embeddable":true,"href":"https:\/\/pharmacima.com\/ar\/wp-json\/wp\/v2\/product_brand?post=148695"},{"taxonomy":"product_cat","embeddable":true,"href":"https:\/\/pharmacima.com\/ar\/wp-json\/wp\/v2\/product_cat?post=148695"},{"taxonomy":"product_tag","embeddable":true,"href":"https:\/\/pharmacima.com\/ar\/wp-json\/wp\/v2\/product_tag?post=148695"}],"curies":[{"name":"wp","href":"https:\/\/api.w.org\/{rel}","templated":true}]}}