{"id":148697,"date":"2025-12-14T15:47:56","date_gmt":"2025-12-14T14:47:56","guid":{"rendered":"https:\/\/pharmacima.com\/?post_type=product&#038;p=148697"},"modified":"2026-04-23T06:07:39","modified_gmt":"2026-04-23T05:07:39","slug":"preservatifs-chocolat-3-pieces-durex","status":"publish","type":"product","link":"https:\/\/pharmacima.com\/ar\/product\/preservatifs-chocolat-3-pieces-durex\/","title":{"rendered":"Preservatifs Chocolat 3 pieces Durex"},"content":{"rendered":"<h2>DESCPRITION :<\/h2>\n<p data-start=\"59\" data-end=\"396\">\u0627\u0644 <strong data-start=\"63\" data-end=\"94\">pr\u00e9servatifs Durex Chocolat<\/strong> sont des pr\u00e9servatifs masculins en <strong data-start=\"130\" data-end=\"147\">latex naturel<\/strong>, con\u00e7us pour offrir une <strong data-start=\"172\" data-end=\"195\">protection efficace<\/strong> tout en ajoutant une touche gourmande gr\u00e2ce \u00e0 leur <strong data-start=\"247\" data-end=\"273\">ar\u00f4me et go\u00fbt chocolat<\/strong>. Ils sont particuli\u00e8rement adapt\u00e9s aux <strong data-start=\"313\" data-end=\"331\">rapports oraux<\/strong>, tout en restant utilisables pour les rapports sexuels prot\u00e9g\u00e9s.<\/p>\n<p data-start=\"398\" data-end=\"683\">Ils sont <strong data-start=\"407\" data-end=\"424\">pr\u00e9-lubrifi\u00e9s<\/strong> afin d\u2019assurer une meilleure glisse et plus de confort, et leur <strong data-start=\"489\" data-end=\"505\">texture fine<\/strong> permet de pr\u00e9server des sensations naturelles. Comme tous les produits Durex, chaque pr\u00e9servatif est <strong data-start=\"607\" data-end=\"648\">rigoureusement test\u00e9 \u00e9lectroniquement<\/strong> pour garantir qualit\u00e9 et s\u00e9curit\u00e9.<\/p>","protected":false},"excerpt":{"rendered":"<p>DESCPRITION : Les pr\u00e9servatifs Durex Chocolat sont des pr\u00e9servatifs masculins en latex naturel, con\u00e7us pour offrir une protection efficace tout en ajoutant une touche gourmande gr\u00e2ce \u00e0 leur ar\u00f4me et go\u00fbt chocolat. Ils sont particuli\u00e8rement adapt\u00e9s aux rapports oraux, tout en restant utilisables pour les rapports sexuels prot\u00e9g\u00e9s. Ils sont pr\u00e9-lubrifi\u00e9s afin d\u2019assurer une meilleure [&hellip;]<\/p>\n","protected":false},"featured_media":148698,"comment_status":"open","ping_status":"closed","template":"","meta":{"_acf_changed":false},"product_brand":[1407],"product_cat":[96],"product_tag":[],"class_list":{"0":"post-148697","1":"product","2":"type-product","3":"status-publish","4":"has-post-thumbnail","6":"product_brand-durex","7":"product_cat-hygiene-protection","9":"first","10":"instock","11":"taxable","12":"shipping-taxable","13":"purchasable","14":"product-type-simple"},"acf":[],"_links":{"self":[{"href":"https:\/\/pharmacima.com\/ar\/wp-json\/wp\/v2\/product\/148697","targetHints":{"allow":["GET"]}}],"collection":[{"href":"https:\/\/pharmacima.com\/ar\/wp-json\/wp\/v2\/product"}],"about":[{"href":"https:\/\/pharmacima.com\/ar\/wp-json\/wp\/v2\/types\/product"}],"replies":[{"embeddable":true,"href":"https:\/\/pharmacima.com\/ar\/wp-json\/wp\/v2\/comments?post=148697"}],"wp:featuredmedia":[{"embeddable":true,"href":"https:\/\/pharmacima.com\/ar\/wp-json\/wp\/v2\/media\/148698"}],"wp:attachment":[{"href":"https:\/\/pharmacima.com\/ar\/wp-json\/wp\/v2\/media?parent=148697"}],"wp:term":[{"taxonomy":"product_brand","embeddable":true,"href":"https:\/\/pharmacima.com\/ar\/wp-json\/wp\/v2\/product_brand?post=148697"},{"taxonomy":"product_cat","embeddable":true,"href":"https:\/\/pharmacima.com\/ar\/wp-json\/wp\/v2\/product_cat?post=148697"},{"taxonomy":"product_tag","embeddable":true,"href":"https:\/\/pharmacima.com\/ar\/wp-json\/wp\/v2\/product_tag?post=148697"}],"curies":[{"name":"wp","href":"https:\/\/api.w.org\/{rel}","templated":true}]}}