{"id":148699,"date":"2025-12-14T15:59:10","date_gmt":"2025-12-14T14:59:10","guid":{"rendered":"https:\/\/pharmacima.com\/?post_type=product&#038;p=148699"},"modified":"2026-04-26T17:47:12","modified_gmt":"2026-04-26T16:47:12","slug":"preservatifs-3-pieces-pleasure-me-durex","status":"publish","type":"product","link":"https:\/\/pharmacima.com\/ar\/product\/preservatifs-3-pieces-pleasure-me-durex\/","title":{"rendered":"Preservatifs 3 pieces Pleasure Me Durex"},"content":{"rendered":"<h2><strong>\u0648\u0635\u0641 :\u00a0<\/strong><\/h2>\n<p data-start=\"82\" data-end=\"359\">\u0627\u0644 <strong data-start=\"86\" data-end=\"120\">pr\u00e9servatifs Pleasure Me<\/strong> sont con\u00e7us pour offrir une <strong data-start=\"149\" data-end=\"170\">protection fiable <\/strong>tout en intensifiant les sensations. Fabriqu\u00e9s en <strong data-start=\"221\" data-end=\"238\">latex naturel<\/strong>, ils poss\u00e8dent une <strong data-start=\"258\" data-end=\"288\">texture nervur\u00e9e et perl\u00e9e<\/strong> qui aide \u00e0 stimuler davantage le plaisir pendant les rapports sexuels.<\/p>\n<p data-start=\"361\" data-end=\"609\">Ils sont <strong data-start=\"370\" data-end=\"387\">pr\u00e9-lubrifi\u00e9s<\/strong> pour assurer une glisse confortable et une utilisation agr\u00e9able. Comme tous les pr\u00e9servatifs Durex, ils sont <strong data-start=\"497\" data-end=\"524\">test\u00e9s \u00e9lectroniquement<\/strong> et soumis \u00e0 des contr\u00f4les de qualit\u00e9 stricts afin de garantir s\u00e9curit\u00e9 et fiabilit\u00e9.<\/p>","protected":false},"excerpt":{"rendered":"<p>DESCRIPTION :\u00a0 Les pr\u00e9servatifs Pleasure Me sont con\u00e7us pour offrir une protection fiable tout en intensifiant les sensations. Fabriqu\u00e9s en latex naturel, ils poss\u00e8dent une texture nervur\u00e9e et perl\u00e9e qui aide \u00e0 stimuler davantage le plaisir pendant les rapports sexuels. Ils sont pr\u00e9-lubrifi\u00e9s pour assurer une glisse confortable et une utilisation agr\u00e9able. Comme tous les [&hellip;]<\/p>\n","protected":false},"featured_media":148700,"comment_status":"open","ping_status":"closed","template":"","meta":{"_acf_changed":false},"product_brand":[1407],"product_cat":[96,102],"product_tag":[],"class_list":{"0":"post-148699","1":"product","2":"type-product","3":"status-publish","4":"has-post-thumbnail","6":"product_brand-durex","7":"product_cat-hygiene-protection","8":"product_cat-soin-et-bien-etre","10":"first","11":"instock","12":"taxable","13":"shipping-taxable","14":"purchasable","15":"product-type-simple"},"acf":[],"_links":{"self":[{"href":"https:\/\/pharmacima.com\/ar\/wp-json\/wp\/v2\/product\/148699","targetHints":{"allow":["GET"]}}],"collection":[{"href":"https:\/\/pharmacima.com\/ar\/wp-json\/wp\/v2\/product"}],"about":[{"href":"https:\/\/pharmacima.com\/ar\/wp-json\/wp\/v2\/types\/product"}],"replies":[{"embeddable":true,"href":"https:\/\/pharmacima.com\/ar\/wp-json\/wp\/v2\/comments?post=148699"}],"wp:featuredmedia":[{"embeddable":true,"href":"https:\/\/pharmacima.com\/ar\/wp-json\/wp\/v2\/media\/148700"}],"wp:attachment":[{"href":"https:\/\/pharmacima.com\/ar\/wp-json\/wp\/v2\/media?parent=148699"}],"wp:term":[{"taxonomy":"product_brand","embeddable":true,"href":"https:\/\/pharmacima.com\/ar\/wp-json\/wp\/v2\/product_brand?post=148699"},{"taxonomy":"product_cat","embeddable":true,"href":"https:\/\/pharmacima.com\/ar\/wp-json\/wp\/v2\/product_cat?post=148699"},{"taxonomy":"product_tag","embeddable":true,"href":"https:\/\/pharmacima.com\/ar\/wp-json\/wp\/v2\/product_tag?post=148699"}],"curies":[{"name":"wp","href":"https:\/\/api.w.org\/{rel}","templated":true}]}}