{"id":148701,"date":"2025-12-14T16:09:56","date_gmt":"2025-12-14T15:09:56","guid":{"rendered":"https:\/\/pharmacima.com\/?post_type=product&#038;p=148701"},"modified":"2026-05-12T23:15:58","modified_gmt":"2026-05-12T22:15:58","slug":"preservatifs-3-pieces-select-durex","status":"publish","type":"product","link":"https:\/\/pharmacima.com\/ar\/product\/preservatifs-3-pieces-select-durex\/","title":{"rendered":"Preservatifs 3 Pieces Select Durex"},"content":{"rendered":"<h2><strong>\u0648\u0635\u0641 :\u00a0<\/strong><\/h2>\n<p data-start=\"77\" data-end=\"372\">\u0627\u0644 <strong data-start=\"81\" data-end=\"110\">pr\u00e9servatifs Durex Select<\/strong> sont des pr\u00e9servatifs masculins en <strong data-start=\"146\" data-end=\"163\">latex naturel<\/strong> con\u00e7us pour offrir une <strong data-start=\"187\" data-end=\"223\">protection fiable et confortable<\/strong> lors des rapports sexuels. Avec leur coupe classique et leur taille standard, ils sont faciles \u00e0 utiliser et adapt\u00e9s \u00e0 la majorit\u00e9 des utilisateurs.<\/p>\n<p data-start=\"374\" data-end=\"653\">Ils sont <strong data-start=\"383\" data-end=\"400\">pr\u00e9-lubrifi\u00e9s<\/strong> pour assurer une glisse douce et agr\u00e9able, ce qui contribue \u00e0 un <strong data-start=\"466\" data-end=\"485\">confort optimal<\/strong> tout au long de l\u2019utilisation. Chaque pr\u00e9servatif est <strong data-start=\"540\" data-end=\"566\">\u00e9lectroniquement test\u00e9<\/strong> et soumis \u00e0 des contr\u00f4les de qualit\u00e9 rigoureux afin de garantir s\u00e9curit\u00e9 et fiabilit\u00e9.<\/p>","protected":false},"excerpt":{"rendered":"<p>DESCRIPTION :\u00a0 Les pr\u00e9servatifs Durex Select sont des pr\u00e9servatifs masculins en latex naturel con\u00e7us pour offrir une protection fiable et confortable lors des rapports sexuels. Avec leur coupe classique et leur taille standard, ils sont faciles \u00e0 utiliser et adapt\u00e9s \u00e0 la majorit\u00e9 des utilisateurs. Ils sont pr\u00e9-lubrifi\u00e9s pour assurer une glisse douce et agr\u00e9able, [&hellip;]<\/p>\n","protected":false},"featured_media":148702,"comment_status":"open","ping_status":"closed","template":"","meta":{"_acf_changed":false},"product_brand":[1407],"product_cat":[96],"product_tag":[],"class_list":{"0":"post-148701","1":"product","2":"type-product","3":"status-publish","4":"has-post-thumbnail","6":"product_brand-durex","7":"product_cat-hygiene-protection","9":"first","10":"outofstock","11":"taxable","12":"shipping-taxable","13":"purchasable","14":"product-type-simple"},"acf":[],"_links":{"self":[{"href":"https:\/\/pharmacima.com\/ar\/wp-json\/wp\/v2\/product\/148701","targetHints":{"allow":["GET"]}}],"collection":[{"href":"https:\/\/pharmacima.com\/ar\/wp-json\/wp\/v2\/product"}],"about":[{"href":"https:\/\/pharmacima.com\/ar\/wp-json\/wp\/v2\/types\/product"}],"replies":[{"embeddable":true,"href":"https:\/\/pharmacima.com\/ar\/wp-json\/wp\/v2\/comments?post=148701"}],"wp:featuredmedia":[{"embeddable":true,"href":"https:\/\/pharmacima.com\/ar\/wp-json\/wp\/v2\/media\/148702"}],"wp:attachment":[{"href":"https:\/\/pharmacima.com\/ar\/wp-json\/wp\/v2\/media?parent=148701"}],"wp:term":[{"taxonomy":"product_brand","embeddable":true,"href":"https:\/\/pharmacima.com\/ar\/wp-json\/wp\/v2\/product_brand?post=148701"},{"taxonomy":"product_cat","embeddable":true,"href":"https:\/\/pharmacima.com\/ar\/wp-json\/wp\/v2\/product_cat?post=148701"},{"taxonomy":"product_tag","embeddable":true,"href":"https:\/\/pharmacima.com\/ar\/wp-json\/wp\/v2\/product_tag?post=148701"}],"curies":[{"name":"wp","href":"https:\/\/api.w.org\/{rel}","templated":true}]}}