{"id":148767,"date":"2025-12-20T12:55:09","date_gmt":"2025-12-20T11:55:09","guid":{"rendered":"https:\/\/pharmacima.com\/?post_type=product&#038;p=148767"},"modified":"2026-02-01T16:37:20","modified_gmt":"2026-02-01T15:37:20","slug":"huile-essentiel-lavande-5ml-purenaissance","status":"publish","type":"product","link":"https:\/\/pharmacima.com\/ar\/product\/huile-essentiel-lavande-5ml-purenaissance\/","title":{"rendered":"Huile essentiel Lavande 5ml Purenaissance"},"content":{"rendered":"<h2><strong>\u0648\u0635\u0641 :\u00a0<\/strong><\/h2>\n<p>Purenaissance Principalement utilis\u00e9e en usage cutan\u00e9 et en diffusion, l&rsquo;huile essentielle de Lavande est la r\u00e9f\u00e9rence en mati\u00e8re de soins des <strong>probl\u00e8mes de peau ab\u00eem\u00e9es<\/strong>\u00a0\u0623\u0648\u00a0<strong>cicatrisation difficile<\/strong>.\u00a0<strong>Indispensable de la trousse de secours<\/strong>, elle a aussi des\u00a0<strong>effets calmants<\/strong>\u00a0du syst\u00e8me nerveux et\u00a0<strong>d\u00e9contractants musculaires<\/strong>, traditionnellement recommand\u00e9e en cas de\u00a0<strong>maux de t\u00eate<\/strong>,\u00a0<strong>\u0636\u063a\u0637<\/strong>\u00a0\u0623\u0648\u00a0<strong>tensions musculaires<\/strong>.<\/p>\n<p>\u0645\u0644\u0643\u064a\u0627\u062a<\/p>\n<p>En sant\u00e9, l&rsquo;huile essentielle de lavande vraie est reconnue pour ces propri\u00e9t\u00e9s :<\/p>\n<ul>\n<li><strong>Antispasmodique puissante<\/strong>, d\u00e9contractante musculaire\u00a0<strong>Cicatrisante<\/strong>\u00a0et r\u00e9g\u00e9n\u00e9ratrice cutan\u00e9e puissante<\/li>\n<li><strong>Apaisante<\/strong>,\u00a0<strong>anti-inflammatoire<\/strong>, antalgique<\/li>\n<li><strong>Hypotensive<\/strong>, calmante puissante et\u00a0<strong>\u00e9quilibrante<\/strong>\u00a0du syst\u00e8me nerveux<\/li>\n<li><strong>Antiseptique<\/strong> g\u00e9n\u00e9ral et pulmonaire purenaissance<\/li>\n<\/ul>\n<h2><strong>\u0627\u0633\u062a\u062e\u062f\u0627\u0645 \u0627\u0644\u0645\u0634\u0648\u0631\u0629:\u00a0<\/strong><\/h2>\n<p>L&rsquo;huile essentielle de Lavande vraie est traditionnellement utilis\u00e9e pour am\u00e9liorer les situations suivantes :<\/p>\n<ul>\n<li><strong>Affections cutan\u00e9es infectieuses, cicatricielles ou allergiques<\/strong>\u00a0: ecz\u00e9ma, psoriasis, prurit (d\u00e9mangeaisons), escarres, ulc\u00e8res, vergetures, cicatrices<\/li>\n<li><strong>Troubles d&rsquo;origine nerveuse<\/strong>\u00a0: asthme, spasmes digestifs, naus\u00e9es, migraines, maux de t\u00eate<\/li>\n<li>Crampes, contractures et spas mes musculaires<\/li>\n<li>Hypertension art\u00e9rielle, palpitations, tachycardie<\/li>\n<li>Rhumatismes, douleurs<\/li>\n<\/ul>","protected":false},"excerpt":{"rendered":"<p>DESCRIPTION :\u00a0 Purenaissance Principalement utilis\u00e9e en usage cutan\u00e9 et en diffusion, l&rsquo;huile essentielle de Lavande est la r\u00e9f\u00e9rence en mati\u00e8re de soins des probl\u00e8mes de peau ab\u00eem\u00e9es\u00a0ou de\u00a0cicatrisation difficile.\u00a0Indispensable de la trousse de secours, elle a aussi des\u00a0effets calmants\u00a0du syst\u00e8me nerveux et\u00a0d\u00e9contractants musculaires, traditionnellement recommand\u00e9e en cas de\u00a0maux de t\u00eate,\u00a0stress\u00a0ou\u00a0tensions musculaires. PROPRI\u00c9T\u00c9S En sant\u00e9, l&rsquo;huile [&hellip;]<\/p>\n","protected":false},"featured_media":148768,"comment_status":"open","ping_status":"closed","template":"","meta":{"_acf_changed":false},"product_brand":[1551],"product_cat":[102,139],"product_tag":[],"class_list":{"0":"post-148767","1":"product","2":"type-product","3":"status-publish","4":"has-post-thumbnail","6":"product_brand-purenaissance","7":"product_cat-soin-et-bien-etre","8":"product_cat-corps_","10":"first","11":"instock","12":"taxable","13":"shipping-taxable","14":"purchasable","15":"product-type-simple"},"acf":[],"_links":{"self":[{"href":"https:\/\/pharmacima.com\/ar\/wp-json\/wp\/v2\/product\/148767","targetHints":{"allow":["GET"]}}],"collection":[{"href":"https:\/\/pharmacima.com\/ar\/wp-json\/wp\/v2\/product"}],"about":[{"href":"https:\/\/pharmacima.com\/ar\/wp-json\/wp\/v2\/types\/product"}],"replies":[{"embeddable":true,"href":"https:\/\/pharmacima.com\/ar\/wp-json\/wp\/v2\/comments?post=148767"}],"wp:featuredmedia":[{"embeddable":true,"href":"https:\/\/pharmacima.com\/ar\/wp-json\/wp\/v2\/media\/148768"}],"wp:attachment":[{"href":"https:\/\/pharmacima.com\/ar\/wp-json\/wp\/v2\/media?parent=148767"}],"wp:term":[{"taxonomy":"product_brand","embeddable":true,"href":"https:\/\/pharmacima.com\/ar\/wp-json\/wp\/v2\/product_brand?post=148767"},{"taxonomy":"product_cat","embeddable":true,"href":"https:\/\/pharmacima.com\/ar\/wp-json\/wp\/v2\/product_cat?post=148767"},{"taxonomy":"product_tag","embeddable":true,"href":"https:\/\/pharmacima.com\/ar\/wp-json\/wp\/v2\/product_tag?post=148767"}],"curies":[{"name":"wp","href":"https:\/\/api.w.org\/{rel}","templated":true}]}}