{"id":148779,"date":"2025-12-20T14:05:10","date_gmt":"2025-12-20T13:05:10","guid":{"rendered":"https:\/\/pharmacima.com\/?post_type=product&#038;p=148779"},"modified":"2026-03-15T15:06:20","modified_gmt":"2026-03-15T14:06:20","slug":"huile-romarin-memoire-10ml-purenaissance","status":"publish","type":"product","link":"https:\/\/pharmacima.com\/ar\/product\/huile-romarin-memoire-10ml-purenaissance\/","title":{"rendered":"Huile essentiel romarin memoire 10ml Purenaissance"},"content":{"rendered":"<h1><strong>DESCPRITION :<\/strong><\/h1>\n<h2>Purenaissance L\u2019huile essentielle de <strong data-start=\"566\" data-end=\"577\">romarin<\/strong> (<em data-start=\"579\" data-end=\"603\">Rosmarinus officinalis<\/em>) est une huile aromatique extraite par distillation \u00e0 la vapeur d\u2019eau des feuilles et sommit\u00e9s fleuries du romarin, une plante aromatique m\u00e9diterran\u00e9enne utilis\u00e9e en aromath\u00e9rapie pour ses effets <strong data-start=\"800\" data-end=\"841\">toniques, stimulants et revitalisants<\/strong>.<\/h2>\n<p>Elle est particuli\u00e8rement recommand\u00e9e pour <strong data-start=\"886\" data-end=\"948\">stimuler la m\u00e9moire, la concentration et l\u2019\u00e9nergie mentale<\/strong>.<\/p>\n<p>Bienfaits principaux<\/p>\n<p>Stimulation mentale &amp; m\u00e9moire<\/p>\n<p>Aide \u00e0 clarifier l\u2019esprit et soutenir la concentration, utile en p\u00e9riode d\u2019\u00e9tudes ou de travail intense.<br \/>\nLe Mondar\u00f4me<\/p>\n<p>Respiration &amp; \u00e9nergie<\/p>\n<p>Son parfum tonique peut aider \u00e0 d\u00e9gager les voies respiratoires et procurer une sensation de fra\u00eecheur.<br \/>\nPhlorys<\/p>\n<p>Tonique g\u00e9n\u00e9ral<\/p>\n<p>Elle est r\u00e9put\u00e9e stimuler la vitalit\u00e9, lutter contre la fatigue mentale ou physique l\u00e9g\u00e8re et tonifier l\u2019organisme.<\/p>\n<h2><strong>\u0646\u0635\u0627\u0626\u062d \u0627\u0644\u0627\u0633\u062a\u0639\u0645\u0627\u0644 :<\/strong><\/h2>\n<p data-start=\"2222\" data-end=\"2361\">Purenaissance Ce type d\u2019huile essentielle est <strong data-start=\"2254\" data-end=\"2281\">tr\u00e8s concentr\u00e9 et actif<\/strong>, donc il faut l\u2019utiliser avec pr\u00e9caution.<\/p>\n<h3 data-start=\"2363\" data-end=\"2386\"><strong data-start=\"2370\" data-end=\"2386\">1. Diffusion<\/strong><\/h3>\n<ul data-start=\"2387\" data-end=\"2589\">\n<li data-start=\"2387\" data-end=\"2589\">\n<p data-start=\"2389\" data-end=\"2589\">Mettre <strong data-start=\"2396\" data-end=\"2411\">3\u20116 gouttes<\/strong> dans un diffuseur d\u2019huiles essentielles pour cr\u00e9er une ambiance stimulante (15\u201120 min).<br data-start=\"2499\" data-end=\"2502\" \/>\u00a0Id\u00e9al avant r\u00e9visions ou travail intellectuel.<\/p>\n<\/li>\n<\/ul>\n<h3 data-start=\"2591\" data-end=\"2623\"><strong data-start=\"2598\" data-end=\"2623\">2. Inhalation directe<\/strong><\/h3>\n<ul data-start=\"2624\" data-end=\"2810\">\n<li data-start=\"2624\" data-end=\"2810\">\n<p data-start=\"2626\" data-end=\"2810\">D\u00e9poser <strong data-start=\"2634\" data-end=\"2665\">1\u20112 gouttes sur un mouchoir<\/strong> ou dans la paume des mains et respirer profond\u00e9ment quelques fois.<br data-start=\"2732\" data-end=\"2735\" \/>Aide rapide pour la concentration.<\/p>\n<\/li>\n<\/ul>\n<h3 data-start=\"2812\" data-end=\"2852\"><strong data-start=\"2822\" data-end=\"2852\">3. Massage d\u00e9tente (dilu\u00e9)<\/strong><\/h3>\n<ul data-start=\"2853\" data-end=\"3067\">\n<li data-start=\"2853\" data-end=\"3067\">\n<p data-start=\"2855\" data-end=\"3067\">M\u00e9langer <strong data-start=\"2864\" data-end=\"2879\">2\u20113 gouttes<\/strong> dans <strong data-start=\"2885\" data-end=\"2911\">10 ml d\u2019huile v\u00e9g\u00e9tale<\/strong> (jojoba, amande douce\u2026) Purenaissance et masser le <strong data-start=\"2949\" data-end=\"2985\">plexus solaire ou le haut du dos<\/strong>.<br data-start=\"2986\" data-end=\"2989\" \/>\u00a0Pour tonifier ou d\u00e9tendre l\u00e9g\u00e8rement.<\/p>\n<\/li>\n<\/ul>\n<blockquote data-start=\"3069\" data-end=\"3140\">\n<p data-start=\"3071\" data-end=\"3140\"><em data-start=\"3074\" data-end=\"3140\">\u00c9viter l\u2019application pure directement sur la peau sans dilution<\/em><\/p>\n<\/blockquote>","protected":false},"excerpt":{"rendered":"<p>DESCPRITION : Purenaissance L\u2019huile essentielle de romarin (Rosmarinus officinalis) est une huile aromatique extraite par distillation \u00e0 la vapeur d\u2019eau des feuilles et sommit\u00e9s fleuries du romarin, une plante aromatique m\u00e9diterran\u00e9enne utilis\u00e9e en aromath\u00e9rapie pour ses effets toniques, stimulants et revitalisants. Elle est particuli\u00e8rement recommand\u00e9e pour stimuler la m\u00e9moire, la concentration et l\u2019\u00e9nergie mentale. Bienfaits [&hellip;]<\/p>\n","protected":false},"featured_media":148780,"comment_status":"open","ping_status":"closed","template":"","meta":{"_acf_changed":false},"product_brand":[1551],"product_cat":[102,139],"product_tag":[],"class_list":{"0":"post-148779","1":"product","2":"type-product","3":"status-publish","4":"has-post-thumbnail","6":"product_brand-purenaissance","7":"product_cat-soin-et-bien-etre","8":"product_cat-corps_","10":"first","11":"instock","12":"taxable","13":"shipping-taxable","14":"purchasable","15":"product-type-simple"},"acf":[],"_links":{"self":[{"href":"https:\/\/pharmacima.com\/ar\/wp-json\/wp\/v2\/product\/148779","targetHints":{"allow":["GET"]}}],"collection":[{"href":"https:\/\/pharmacima.com\/ar\/wp-json\/wp\/v2\/product"}],"about":[{"href":"https:\/\/pharmacima.com\/ar\/wp-json\/wp\/v2\/types\/product"}],"replies":[{"embeddable":true,"href":"https:\/\/pharmacima.com\/ar\/wp-json\/wp\/v2\/comments?post=148779"}],"wp:featuredmedia":[{"embeddable":true,"href":"https:\/\/pharmacima.com\/ar\/wp-json\/wp\/v2\/media\/148780"}],"wp:attachment":[{"href":"https:\/\/pharmacima.com\/ar\/wp-json\/wp\/v2\/media?parent=148779"}],"wp:term":[{"taxonomy":"product_brand","embeddable":true,"href":"https:\/\/pharmacima.com\/ar\/wp-json\/wp\/v2\/product_brand?post=148779"},{"taxonomy":"product_cat","embeddable":true,"href":"https:\/\/pharmacima.com\/ar\/wp-json\/wp\/v2\/product_cat?post=148779"},{"taxonomy":"product_tag","embeddable":true,"href":"https:\/\/pharmacima.com\/ar\/wp-json\/wp\/v2\/product_tag?post=148779"}],"curies":[{"name":"wp","href":"https:\/\/api.w.org\/{rel}","templated":true}]}}