{"id":148800,"date":"2025-12-22T12:09:32","date_gmt":"2025-12-22T11:09:32","guid":{"rendered":"https:\/\/pharmacima.com\/?post_type=product&#038;p=148800"},"modified":"2026-03-15T15:06:03","modified_gmt":"2026-03-15T14:06:03","slug":"creme-anti-crevasses-talons-bionnex","status":"publish","type":"product","link":"https:\/\/pharmacima.com\/ar\/product\/creme-anti-crevasses-talons-bionnex\/","title":{"rendered":"Creme anti crevasses talons 50ml Bionnex"},"content":{"rendered":"<h1><strong>\u0648\u0635\u0641<\/strong> :<\/h1>\n<h2 data-start=\"167\" data-end=\"332\">\u0647\u0646\u0627\u0643 <strong data-start=\"170\" data-end=\"209\">cr\u00e8me anti-crevasses talons Bionnex<\/strong> est un soin intensif sp\u00e9cialement formul\u00e9 pour <strong data-start=\"257\" data-end=\"317\">r\u00e9parer, hydrater et adoucir les talons secs et fissur\u00e9s<\/strong>. Elle aide \u00e0 :<\/h2>\n<ul data-start=\"333\" data-end=\"815\">\n<li data-start=\"333\" data-end=\"463\">\n<p data-start=\"335\" data-end=\"463\"><strong data-start=\"335\" data-end=\"390\">Gu\u00e9rir rapidement les fissures profondes des talons<\/strong> et \u00e0 pr\u00e9venir leur r\u00e9apparition.<\/p>\n<\/li>\n<li data-start=\"464\" data-end=\"579\">\n<p data-start=\"466\" data-end=\"579\"><strong data-start=\"466\" data-end=\"492\">\u00c9liminer la peau morte<\/strong> pour laisser la peau plus douce et plus lisse.<\/p>\n<\/li>\n<li data-start=\"580\" data-end=\"688\">\n<p data-start=\"582\" data-end=\"688\"><strong data-start=\"582\" data-end=\"615\">Renforcer la barri\u00e8re cutan\u00e9e<\/strong>, m\u00eame sur les peaux tr\u00e8s s\u00e8ches.<\/p>\n<\/li>\n<li data-start=\"689\" data-end=\"815\">\n<p data-start=\"691\" data-end=\"815\"><strong data-start=\"691\" data-end=\"721\">Nourrir et apaiser la peau<\/strong> gr\u00e2ce \u00e0 des huiles naturelles et des extraits v\u00e9g\u00e9taux.<\/p>\n<\/li>\n<\/ul>\n<p>&nbsp;<\/p>\n<h2>\u0627\u0633\u062a\u062e\u062f\u0627\u0645 \u0627\u0644\u0645\u0634\u0648\u0631\u0629:<\/h2>\n<p>Prends une <strong data-start=\"502\" data-end=\"525\">quantit\u00e9 suffisante<\/strong> de cr\u00e8me.<br data-start=\"535\" data-end=\"538\" \/>\u00c9tale-la <strong data-start=\"549\" data-end=\"584\">sur les talons secs et fissur\u00e9s<\/strong> ainsi que sur les zones rugueuses.<br data-start=\"619\" data-end=\"622\" \/>Masse <strong data-start=\"630\" data-end=\"672\">d\u00e9licatement en mouvements circulaires<\/strong> jusqu\u2019\u00e0 ce que la cr\u00e8me soit enti\u00e8rement absorb\u00e9e.<\/p>\n<h2><strong>\u0627\u0644\u062a\u0631\u0643\u064a\u0628\u0629 :<\/strong><\/h2>\n<p data-start=\"994\" data-end=\"1110\">Voici une <strong data-start=\"1004\" data-end=\"1040\">liste des principaux ingr\u00e9dients<\/strong> pr\u00e9sents dans la cr\u00e8me (INCI) :<\/p>\n<ul data-start=\"1112\" data-end=\"2124\">\n<li data-start=\"1112\" data-end=\"1155\">\n<p data-start=\"1114\" data-end=\"1155\"><strong data-start=\"1114\" data-end=\"1122\">\u0623\u0643\u0648\u0627<\/strong> \u2014 Eau (base de la formulation)<\/p>\n<\/li>\n<li data-start=\"1156\" data-end=\"1215\">\n<p data-start=\"1158\" data-end=\"1215\"><strong data-start=\"1158\" data-end=\"1171\">\u062c\u0644\u0633\u064a\u0631\u064a\u0646<\/strong> \u2014 Hydratant qui attire l\u2019eau dans la peau<\/p>\n<\/li>\n<li data-start=\"1216\" data-end=\"1326\">\n<p data-start=\"1218\" data-end=\"1326\"><strong data-start=\"1218\" data-end=\"1233\">Urea (10 %)<\/strong> \u2014 Agent hydratant puissant qui aide \u00e0 adoucir la peau s\u00e8che et \u00e0 exfolier les peaux mortes<\/p>\n<\/li>\n<li data-start=\"1327\" data-end=\"1380\">\n<p data-start=\"1329\" data-end=\"1380\"><strong data-start=\"1329\" data-end=\"1353\">Alcohol c\u00e9t\u00e9arylique<\/strong> \u2014 \u00c9paississant\/\u00e9mollient<\/p>\n<\/li>\n<li data-start=\"1381\" data-end=\"1460\">\n<p data-start=\"1383\" data-end=\"1460\"><strong data-start=\"1383\" data-end=\"1437\">Prunus Amygdalus Dulcis Oil (huile d\u2019amande douce)<\/strong> \u2014 Nourrit et adoucit<\/p>\n<\/li>\n<li data-start=\"1461\" data-end=\"1548\">\n<p data-start=\"1463\" data-end=\"1548\"><strong data-start=\"1463\" data-end=\"1497\">Persea Gratissima (avocat) Oil<\/strong> \u2014 Riche en acides gras pour nourrir et r\u00e9g\u00e9n\u00e9rer<\/p>\n<\/li>\n<li data-start=\"1549\" data-end=\"1659\">\n<p data-start=\"1551\" data-end=\"1659\"><strong data-start=\"1551\" data-end=\"1610\">Vaccinium Myrtillus Fruit Extract (extrait de myrtille)<\/strong> \u2014 Antioxydant qui renforce la barri\u00e8re cutan\u00e9e<\/p>\n<\/li>\n<li data-start=\"1660\" data-end=\"1711\">\n<p data-start=\"1662\" data-end=\"1711\"><strong data-start=\"1662\" data-end=\"1675\">\u0628\u064a\u0633\u0627\u0628\u0648\u0644\u0648\u0644<\/strong> \u2014 Apaise et calme les irritations<\/p>\n<\/li>\n<li data-start=\"1712\" data-end=\"1768\">\n<p data-start=\"1714\" data-end=\"1768\"><strong data-start=\"1714\" data-end=\"1728\">\u0623\u0644\u0627\u0646\u062a\u0648\u064a\u0646<\/strong> \u2014 Favorise la r\u00e9g\u00e9n\u00e9ration de la peau<\/p>\n<\/li>\n<li data-start=\"1769\" data-end=\"1825\">\n<p data-start=\"1771\" data-end=\"1825\"><strong data-start=\"1771\" data-end=\"1798\">Tocoph\u00e9rol (vitamine E)<\/strong> \u2014 Antioxydant protecteur<\/p>\n<\/li>\n<li data-start=\"1826\" data-end=\"1866\">\n<p data-start=\"1828\" data-end=\"1866\"><strong data-start=\"1828\" data-end=\"1839\">Menthol<\/strong> \u2014 Sensation de fra\u00eecheur<\/p>\n<\/li>\n<li data-start=\"1867\" data-end=\"1931\">\n<p data-start=\"1869\" data-end=\"1931\"><strong data-start=\"1869\" data-end=\"1884\">\u062b\u0646\u0627\u0626\u064a \u0627\u0644\u0645\u064a\u062b\u064a\u0643\u0648\u0646<\/strong> \u2014 Forme une barri\u00e8re protectrice sur la peau<\/p>\n<\/li>\n<li data-start=\"1932\" data-end=\"2124\">\n<p data-start=\"1934\" data-end=\"2124\"><strong data-start=\"1934\" data-end=\"1967\">Parfum &amp; agents conservateurs<\/strong> (ex. phenoxyethanol, ethylhexylglycerin, Disodium EDTA) \u2014 Pour la texture, la stabilit\u00e9 et la conservation du produit.<\/p>\n<\/li>\n<\/ul>\n<p>&nbsp;<\/p>","protected":false},"excerpt":{"rendered":"<p>DESCRIPTION : La cr\u00e8me anti-crevasses talons Bionnex est un soin intensif sp\u00e9cialement formul\u00e9 pour r\u00e9parer, hydrater et adoucir les talons secs et fissur\u00e9s. Elle aide \u00e0 : Gu\u00e9rir rapidement les fissures profondes des talons et \u00e0 pr\u00e9venir leur r\u00e9apparition. \u00c9liminer la peau morte pour laisser la peau plus douce et plus lisse. Renforcer la barri\u00e8re [&hellip;]<\/p>\n","protected":false},"featured_media":149007,"comment_status":"open","ping_status":"closed","template":"","meta":{"_acf_changed":false},"product_brand":[1562],"product_cat":[713,102],"product_tag":[],"class_list":{"0":"post-148800","1":"product","2":"type-product","3":"status-publish","4":"has-post-thumbnail","6":"product_brand-bionnex","7":"product_cat-pieds","8":"product_cat-soin-et-bien-etre","10":"first","11":"instock","12":"taxable","13":"shipping-taxable","14":"purchasable","15":"product-type-simple"},"acf":[],"_links":{"self":[{"href":"https:\/\/pharmacima.com\/ar\/wp-json\/wp\/v2\/product\/148800","targetHints":{"allow":["GET"]}}],"collection":[{"href":"https:\/\/pharmacima.com\/ar\/wp-json\/wp\/v2\/product"}],"about":[{"href":"https:\/\/pharmacima.com\/ar\/wp-json\/wp\/v2\/types\/product"}],"replies":[{"embeddable":true,"href":"https:\/\/pharmacima.com\/ar\/wp-json\/wp\/v2\/comments?post=148800"}],"wp:featuredmedia":[{"embeddable":true,"href":"https:\/\/pharmacima.com\/ar\/wp-json\/wp\/v2\/media\/149007"}],"wp:attachment":[{"href":"https:\/\/pharmacima.com\/ar\/wp-json\/wp\/v2\/media?parent=148800"}],"wp:term":[{"taxonomy":"product_brand","embeddable":true,"href":"https:\/\/pharmacima.com\/ar\/wp-json\/wp\/v2\/product_brand?post=148800"},{"taxonomy":"product_cat","embeddable":true,"href":"https:\/\/pharmacima.com\/ar\/wp-json\/wp\/v2\/product_cat?post=148800"},{"taxonomy":"product_tag","embeddable":true,"href":"https:\/\/pharmacima.com\/ar\/wp-json\/wp\/v2\/product_tag?post=148800"}],"curies":[{"name":"wp","href":"https:\/\/api.w.org\/{rel}","templated":true}]}}