{"id":148823,"date":"2025-12-23T14:30:23","date_gmt":"2025-12-23T13:30:23","guid":{"rendered":"https:\/\/pharmacima.com\/?post_type=product&#038;p=148823"},"modified":"2026-02-21T14:26:31","modified_gmt":"2026-02-21T13:26:31","slug":"acuspot-5-gel-peroxyde-de-benzoyle-40g-galderma","status":"publish","type":"product","link":"https:\/\/pharmacima.com\/ar\/product\/acuspot-5-gel-peroxyde-de-benzoyle-40g-galderma\/","title":{"rendered":"Acuspot 5% gel 40g Galderma"},"content":{"rendered":"<h1>\u0648\u0635\u0641 :<\/h1>\n<h2 data-start=\"175\" data-end=\"487\"><strong data-start=\"175\" data-end=\"193\">Acuspot 5% Gel<\/strong> est un traitement local anti-acn\u00e9ique \u00e0 base de <strong data-start=\"242\" data-end=\"266\">peroxyde de benzoyle Galderma<\/strong>\u064a\u0633\u0627\u0639\u062f \u0639\u0644\u0649 <strong data-start=\"278\" data-end=\"308\">r\u00e9duire les boutons d\u2019acn\u00e9<\/strong>, les points noirs et l\u2019exc\u00e8s de s\u00e9bum. Son action antibact\u00e9rienne permet de <strong data-start=\"385\" data-end=\"450\">limiter la prolif\u00e9ration des bact\u00e9ries responsables de l\u2019acn\u00e9<\/strong> et de favoriser une peau plus nette.<\/h2>\n<h2 data-start=\"489\" data-end=\"594\">Ce gel est particuli\u00e8rement indiqu\u00e9 pour les <strong data-start=\"534\" data-end=\"562\">acn\u00e9s l\u00e9g\u00e8res \u00e0 mod\u00e9r\u00e9es<\/strong>, chez l\u2019adolescent et l\u2019adulte.<\/h2>\n<p>&nbsp;<\/p>\n<h2>\u0627\u0644\u062a\u0631\u0643\u064a\u0628\u0629 :<\/h2>\n<ul data-start=\"622\" data-end=\"731\">\n<li data-start=\"622\" data-end=\"670\">\n<p data-start=\"624\" data-end=\"670\"><strong data-start=\"624\" data-end=\"651\">Peroxyde de benzoyle 5%<\/strong> (principe actif)<\/p>\n<\/li>\n<li data-start=\"671\" data-end=\"731\">\n<p data-start=\"673\" data-end=\"731\">Excipients \u00e0 effet gel (agents stabilisants et hydratants)<\/p>\n<\/li>\n<\/ul>\n<p data-start=\"733\" data-end=\"773\">\u00a0 \u00a0 \u00a0\u0628\u062f\u0648\u0646 \u0639\u0637\u0631<br data-start=\"747\" data-end=\"750\" \/>\u00a0 \u00a0 \u00a0Usage dermatologique<\/p>\n<h2 data-start=\"733\" data-end=\"773\">CONSEILLE D&rsquo;UTILISATION :<\/h2>\n<ul>\n<li data-start=\"801\" data-end=\"864\">\n<p data-start=\"803\" data-end=\"864\">Nettoyer et s\u00e9cher soigneusement la peau avant application.<\/p>\n<\/li>\n<li data-start=\"865\" data-end=\"946\">\n<p data-start=\"867\" data-end=\"946\">Appliquer une <strong data-start=\"881\" data-end=\"896\">fine couche<\/strong> de gel <strong data-start=\"904\" data-end=\"943\">uniquement sur les zones concern\u00e9es<\/strong>.<\/p>\n<\/li>\n<li data-start=\"947\" data-end=\"1015\">Commencer par <strong data-start=\"963\" data-end=\"989\">1 application par jour<\/strong>, de pr\u00e9f\u00e9rence le soir.<\/li>\n<\/ul>\n<h2><\/h2>\n<p>&nbsp;<\/p>","protected":false},"excerpt":{"rendered":"<p>DESCRIPTION : Acuspot 5% Gel est un traitement local anti-acn\u00e9ique \u00e0 base de peroxyde de benzoyle Galderma. Il aide \u00e0 r\u00e9duire les boutons d\u2019acn\u00e9, les points noirs et l\u2019exc\u00e8s de s\u00e9bum. Son action antibact\u00e9rienne permet de limiter la prolif\u00e9ration des bact\u00e9ries responsables de l\u2019acn\u00e9 et de favoriser une peau plus nette. Ce gel est particuli\u00e8rement [&hellip;]<\/p>\n","protected":false},"featured_media":148824,"comment_status":"open","ping_status":"closed","template":"","meta":{"_acf_changed":false},"product_brand":[1563],"product_cat":[102,139,137],"product_tag":[],"class_list":{"0":"post-148823","1":"product","2":"type-product","3":"status-publish","4":"has-post-thumbnail","6":"product_brand-galderma","7":"product_cat-soin-et-bien-etre","8":"product_cat-corps_","9":"product_cat-visage","11":"first","12":"instock","13":"taxable","14":"shipping-taxable","15":"purchasable","16":"product-type-simple"},"acf":[],"_links":{"self":[{"href":"https:\/\/pharmacima.com\/ar\/wp-json\/wp\/v2\/product\/148823","targetHints":{"allow":["GET"]}}],"collection":[{"href":"https:\/\/pharmacima.com\/ar\/wp-json\/wp\/v2\/product"}],"about":[{"href":"https:\/\/pharmacima.com\/ar\/wp-json\/wp\/v2\/types\/product"}],"replies":[{"embeddable":true,"href":"https:\/\/pharmacima.com\/ar\/wp-json\/wp\/v2\/comments?post=148823"}],"wp:featuredmedia":[{"embeddable":true,"href":"https:\/\/pharmacima.com\/ar\/wp-json\/wp\/v2\/media\/148824"}],"wp:attachment":[{"href":"https:\/\/pharmacima.com\/ar\/wp-json\/wp\/v2\/media?parent=148823"}],"wp:term":[{"taxonomy":"product_brand","embeddable":true,"href":"https:\/\/pharmacima.com\/ar\/wp-json\/wp\/v2\/product_brand?post=148823"},{"taxonomy":"product_cat","embeddable":true,"href":"https:\/\/pharmacima.com\/ar\/wp-json\/wp\/v2\/product_cat?post=148823"},{"taxonomy":"product_tag","embeddable":true,"href":"https:\/\/pharmacima.com\/ar\/wp-json\/wp\/v2\/product_tag?post=148823"}],"curies":[{"name":"wp","href":"https:\/\/api.w.org\/{rel}","templated":true}]}}